{"id":1631,"date":"2021-12-05T14:42:43","date_gmt":"2021-12-05T14:42:43","guid":{"rendered":"https:\/\/kitesensation-dakhla.com\/fr\/?page_id=1631"},"modified":"2023-12-17T11:31:29","modified_gmt":"2023-12-17T11:31:29","slug":"cours-de-kitesurf-a-dakhla","status":"publish","type":"page","link":"https:\/\/kitesensation-dakhla.com\/fr\/cours-de-kitesurf-a-dakhla\/","title":{"rendered":"Cours de Kitesurf \u00e0 Dakhla"},"content":{"rendered":"<p>[vc_row full_width=&#8221;stretch_row&#8221; full_height=&#8221;yes&#8221; columns_placement=&#8221;stretch&#8221; content_placement=&#8221;top&#8221; css=&#8221;.vc_custom_1637845162002{margin-top: -30px !important;background-image: url(https:\/\/kitesensation-dakhla.com\/fr\/wp-content\/uploads\/2021\/11\/background.png?id=1510) !important;background-position: center !important;background-repeat: no-repeat !important;background-size: cover !important;}&#8221;][vc_column css=&#8221;.vc_custom_1637842996353{margin-top: 0px !important;}&#8221;][vc_column_text css_animation=&#8221;slideInUp&#8221; css=&#8221;.vc_custom_1702660977151{margin-top: 0px !important;margin-bottom: 10px !important;}&#8221;]<\/p>\n<h2 style=\"text-align: center;\"><span style=\"font-size: 26pt;\"><strong><span style=\"font-family: Arial, 'sans-serif';\"> Cours de KiteSurf<\/span><\/strong><\/span><\/h2>\n<p>[\/vc_column_text][vc_single_image image=&#8221;1461&#8243; img_size=&#8221;&#8221; alignment=&#8221;center&#8221; css_animation=&#8221;fadeInRight&#8221; css=&#8221;.vc_custom_1637586063531{margin-top: 0px !important;margin-bottom: 10px !important;}&#8221;]\n<div class=\"atgrid\">\n\t<div class=\"row atgrid__row\">\n\t\t\t\t\t<div class=\"col-md-4 col-xs-6 atgrid__item-wrap\">\n\t\t\t<div class=\"atgrid__item\">\n\t\t\t\t<div class=\"atgrid__item__top\">\n\t\t\t\t\t<a href=\"https:\/\/kitesensation-dakhla.com\/fr\/tours\/cours-de-kitesurf-groupe-dakhla\/\" class=\"atgrid__item__top__image\"><img width=\"360\" height=\"240\" src=\"https:\/\/kitesensation-dakhla.com\/fr\/wp-content\/uploads\/2021\/11\/Dakhla-Kitesurf--360x240.webp\" class=\"attachment-thumb_tour_listing_small size-thumb_tour_listing_small wp-post-image\" alt=\"\" decoding=\"async\" loading=\"lazy\" srcset=\"https:\/\/kitesensation-dakhla.com\/fr\/wp-content\/uploads\/2021\/11\/Dakhla-Kitesurf--360x240.webp 360w, https:\/\/kitesensation-dakhla.com\/fr\/wp-content\/uploads\/2021\/11\/Dakhla-Kitesurf--300x200.webp 300w, https:\/\/kitesensation-dakhla.com\/fr\/wp-content\/uploads\/2021\/11\/Dakhla-Kitesurf--531x354.webp 531w, https:\/\/kitesensation-dakhla.com\/fr\/wp-content\/uploads\/2021\/11\/Dakhla-Kitesurf--180x120.webp 180w, https:\/\/kitesensation-dakhla.com\/fr\/wp-content\/uploads\/2021\/11\/Dakhla-Kitesurf-.webp 600w\" sizes=\"(max-width: 360px) 100vw, 360px\" \/><\/a>\t\t\t\t\t<div class=\"atgrid__item__price\"><a href=\"https:\/\/kitesensation-dakhla.com\/fr\/tours\/cours-de-kitesurf-groupe-dakhla\/\" class=\"atgrid__item__price__button\"><span class=\"woocommerce-Price-amount amount\"><bdi><span class=\"woocommerce-Price-currencySymbol\">&euro;<\/span>&nbsp;90,00<\/bdi><\/span> &ndash; <span class=\"woocommerce-Price-amount amount\"><bdi><span class=\"woocommerce-Price-currencySymbol\">&euro;<\/span>&nbsp;375,00<\/bdi><\/span><\/a><\/div>\t\t\t\t\t\t\t\t\t\t\t\t\t\t<\/div>\n\t\t\t\t<div class=\"atgrid__item__content\">\n\t\t\t\t\t<h3 class=\"atgrid__item__title\"><a href=\"https:\/\/kitesensation-dakhla.com\/fr\/tours\/cours-de-kitesurf-groupe-dakhla\/\">Cours de Kitesurf en Groupe \u00e0 Dakhla<\/a><\/h3>\n\t\t\t\t\t\t\t\t<\/div>\n\t\t\t\t<div class=\"item-attributes\">\n\t\t\t\t\t\t\t\t\t\t<div class=\"item-attributes__item\"><a href=\"https:\/\/kitesensation-dakhla.com\/fr\/tours\/cours-de-kitesurf-groupe-dakhla\/\" class=\"item-attributes__link\"><i class=\"fa fa-long-arrow-right\"><\/i><\/a><\/div>\n\t\t\t\t<\/div>\n\t\t\t<\/div>\n\t\t<\/div>\n\t\t\t\t\t<div class=\"col-md-4 col-xs-6 atgrid__item-wrap\">\n\t\t\t<div class=\"atgrid__item\">\n\t\t\t\t<div class=\"atgrid__item__top\">\n\t\t\t\t\t<a href=\"https:\/\/kitesensation-dakhla.com\/fr\/tours\/cours-semi-prive-kitesurf-dakhla\/\" class=\"atgrid__item__top__image\"><img width=\"360\" height=\"240\" src=\"https:\/\/kitesensation-dakhla.com\/fr\/wp-content\/uploads\/2021\/11\/Dakhla-Kitesurf-Semi-private--360x240.webp\" class=\"attachment-thumb_tour_listing_small size-thumb_tour_listing_small wp-post-image\" alt=\"\" decoding=\"async\" loading=\"lazy\" srcset=\"https:\/\/kitesensation-dakhla.com\/fr\/wp-content\/uploads\/2021\/11\/Dakhla-Kitesurf-Semi-private--360x240.webp 360w, https:\/\/kitesensation-dakhla.com\/fr\/wp-content\/uploads\/2021\/11\/Dakhla-Kitesurf-Semi-private--300x200.webp 300w, https:\/\/kitesensation-dakhla.com\/fr\/wp-content\/uploads\/2021\/11\/Dakhla-Kitesurf-Semi-private--531x354.webp 531w, https:\/\/kitesensation-dakhla.com\/fr\/wp-content\/uploads\/2021\/11\/Dakhla-Kitesurf-Semi-private--180x120.webp 180w, https:\/\/kitesensation-dakhla.com\/fr\/wp-content\/uploads\/2021\/11\/Dakhla-Kitesurf-Semi-private-.webp 600w\" sizes=\"(max-width: 360px) 100vw, 360px\" \/><\/a>\t\t\t\t\t<div class=\"atgrid__item__price\"><a href=\"https:\/\/kitesensation-dakhla.com\/fr\/tours\/cours-semi-prive-kitesurf-dakhla\/\" class=\"atgrid__item__price__button\"><span class=\"woocommerce-Price-amount amount\"><bdi><span class=\"woocommerce-Price-currencySymbol\">&euro;<\/span>&nbsp;108,00<\/bdi><\/span> &ndash; <span class=\"woocommerce-Price-amount amount\"><bdi><span class=\"woocommerce-Price-currencySymbol\">&euro;<\/span>&nbsp;495,00<\/bdi><\/span><\/a><\/div>\t\t\t\t\t\t\t\t\t\t\t\t\t\t<\/div>\n\t\t\t\t<div class=\"atgrid__item__content\">\n\t\t\t\t\t<h3 class=\"atgrid__item__title\"><a href=\"https:\/\/kitesensation-dakhla.com\/fr\/tours\/cours-semi-prive-kitesurf-dakhla\/\">Cours Semi-Priv\u00e9 de Kitesurf \u00e0 Dakhla<\/a><\/h3>\n\t\t\t\t\t\t\t\t<\/div>\n\t\t\t\t<div class=\"item-attributes\">\n\t\t\t\t\t\t\t\t\t\t<div class=\"item-attributes__item\"><a href=\"https:\/\/kitesensation-dakhla.com\/fr\/tours\/cours-semi-prive-kitesurf-dakhla\/\" class=\"item-attributes__link\"><i class=\"fa fa-long-arrow-right\"><\/i><\/a><\/div>\n\t\t\t\t<\/div>\n\t\t\t<\/div>\n\t\t<\/div>\n\t\t\t<div class=\"atgrid__row-separator clearfix visible-sm visible-xs\"><\/div>\t\t<div class=\"col-md-4 col-xs-6 atgrid__item-wrap\">\n\t\t\t<div class=\"atgrid__item\">\n\t\t\t\t<div class=\"atgrid__item__top\">\n\t\t\t\t\t<a href=\"https:\/\/kitesensation-dakhla.com\/fr\/tours\/cours-prive-kitesurf-dakhla\/\" class=\"atgrid__item__top__image\"><img width=\"360\" height=\"240\" src=\"https:\/\/kitesensation-dakhla.com\/fr\/wp-content\/uploads\/2015\/07\/dakhla-Kite-Sensation-360x240.webp\" class=\"attachment-thumb_tour_listing_small size-thumb_tour_listing_small wp-post-image\" alt=\"\" decoding=\"async\" loading=\"lazy\" srcset=\"https:\/\/kitesensation-dakhla.com\/fr\/wp-content\/uploads\/2015\/07\/dakhla-Kite-Sensation-360x240.webp 360w, https:\/\/kitesensation-dakhla.com\/fr\/wp-content\/uploads\/2015\/07\/dakhla-Kite-Sensation-531x354.webp 531w, https:\/\/kitesensation-dakhla.com\/fr\/wp-content\/uploads\/2015\/07\/dakhla-Kite-Sensation-180x120.webp 180w\" sizes=\"(max-width: 360px) 100vw, 360px\" \/><\/a>\t\t\t\t\t<div class=\"atgrid__item__price\"><a href=\"https:\/\/kitesensation-dakhla.com\/fr\/tours\/cours-prive-kitesurf-dakhla\/\" class=\"atgrid__item__price__button\"><span class=\"woocommerce-Price-amount amount\"><bdi><span class=\"woocommerce-Price-currencySymbol\">&euro;<\/span>&nbsp;150,00<\/bdi><\/span> &ndash; <span class=\"woocommerce-Price-amount amount\"><bdi><span class=\"woocommerce-Price-currencySymbol\">&euro;<\/span>&nbsp;600,00<\/bdi><\/span><\/a><\/div>\t\t\t\t\t\t\t\t\t\t\t\t\t\t<\/div>\n\t\t\t\t<div class=\"atgrid__item__content\">\n\t\t\t\t\t<h3 class=\"atgrid__item__title\"><a href=\"https:\/\/kitesensation-dakhla.com\/fr\/tours\/cours-prive-kitesurf-dakhla\/\">Cours Priv\u00e9 de Kitesurf \u00e0 Dakhla<\/a><\/h3>\n\t\t\t\t\t\t\t\t<\/div>\n\t\t\t\t<div class=\"item-attributes\">\n\t\t\t\t\t\t\t\t\t\t<div class=\"item-attributes__item\"><a href=\"https:\/\/kitesensation-dakhla.com\/fr\/tours\/cours-prive-kitesurf-dakhla\/\" class=\"item-attributes__link\"><i class=\"fa fa-long-arrow-right\"><\/i><\/a><\/div>\n\t\t\t\t<\/div>\n\t\t\t<\/div>\n\t\t<\/div>\n\t\t\t<\/div>\n<\/div>\n[vc_column_text]D\u00e9couvrez l&#8217;exp\u00e9rience ultime des cours de <a href=\"https:\/\/kitesensation-dakhla.com\/fr\/\"><strong>kitesurf \u00e0 Dakhla<\/strong><\/a> avec nos instructeurs experts. Choisissez parmi notre gamme d&#8217;options, y compris les cours de kitesurf en groupe pour un environnement d&#8217;apprentissage amusant et dynamique, les cours semi-priv\u00e9s de kitesurf pour une attention personnalis\u00e9e en petit groupe, ou les cours priv\u00e9s de kitesurf pour un coaching individuel adapt\u00e9 \u00e0 vos besoins sp\u00e9cifiques.<\/p>\n<p>Que vous soyez d\u00e9butant ou que vous souhaitiez perfectionner vos comp\u00e9tences, notre \u00e9quipe d\u00e9vou\u00e9e est l\u00e0 pour vous guider dans un voyage exaltant \u00e0 travers les vagues. R\u00e9servez votre cours maintenant et d\u00e9couvrez la sensation du <em>kitesurf \u00e0 Dakhla<\/em>[\/vc_column_text][vc_empty_space][\/vc_column][\/vc_row]<\/p>\n","protected":false},"excerpt":{"rendered":"<p>[vc_row full_width=&#8221;stretch_row&#8221; full_height=&#8221;yes&#8221; columns_placement=&#8221;stretch&#8221; content_placement=&#8221;top&#8221; css=&#8221;.vc_custom_1637845162002{margin-top: -30px !important;background-image: url(https:\/\/kitesensation-dakhla.com\/fr\/wp-content\/uploads\/2021\/11\/background.png?id=1510) !important;background-position: center !important;background-repeat: no-repeat !important;background-size: cover !important;}&#8221;][vc_column css=&#8221;.vc_custom_1637842996353{margin-top: 0px !important;}&#8221;][vc_column_text css_animation=&#8221;slideInUp&#8221; css=&#8221;.vc_custom_1702660977151{margin-top: 0px !important;margin-bottom: 10px !important;}&#8221;] Cours de KiteSurf [\/vc_column_text][vc_single_image image=&#8221;1461&#8243; img_size=&#8221;&#8221; alignment=&#8221;center&#8221; css_animation=&#8221;fadeInRight&#8221; css=&#8221;.vc_custom_1637586063531{margin-top: 0px !important;margin-bottom: 10px !important;}&#8221;][vc_column_text]D\u00e9couvrez l&#8217;exp\u00e9rience ultime des cours de kitesurf \u00e0 Dakhla avec nos instructeurs experts. Choisissez parmi notre gamme d&#8217;options,<\/p>\n<div class=\"padding-top text-center\"><a href=\"https:\/\/kitesensation-dakhla.com\/fr\/tours\/cours-prive-kitesurf-dakhla\/\" class=\"atbtn atbtn--medium atbtn--rounded atbtn--transparent\">Read more<i class=\"atbtn__icon atbtn__icon--right fa fa-long-arrow-right\"><\/i><\/a><\/div>\n","protected":false},"author":1,"featured_media":0,"parent":0,"menu_order":0,"comment_status":"open","ping_status":"closed","template":"","meta":[],"yoast_head":"<!-- This site is optimized with the Yoast SEO plugin v21.1 - https:\/\/yoast.com\/wordpress\/plugins\/seo\/ -->\n<title>Cours de Kitesurf \u00e0 Dakhla - KiteSurf Dakhla<\/title>\n<meta name=\"description\" content=\"Vivez les cours ultimes de kitesurf \u00e0 Dakhla avec nos instructeurs experts. Choisissez parmi nos cours collectifs de KiteSurf\" \/>\n<meta name=\"robots\" content=\"index, follow, max-snippet:-1, max-image-preview:large, max-video-preview:-1\" \/>\n<link rel=\"canonical\" href=\"https:\/\/kitesensation-dakhla.com\/fr\/cours-de-kitesurf-a-dakhla\/\" \/>\n<meta property=\"og:locale\" content=\"fr_FR\" \/>\n<meta property=\"og:type\" content=\"article\" \/>\n<meta property=\"og:title\" content=\"Cours de Kitesurf \u00e0 Dakhla - KiteSurf Dakhla\" \/>\n<meta property=\"og:description\" content=\"Vivez les cours ultimes de kitesurf \u00e0 Dakhla avec nos instructeurs experts. Choisissez parmi nos cours collectifs de KiteSurf\" \/>\n<meta property=\"og:url\" content=\"https:\/\/kitesensation-dakhla.com\/fr\/cours-de-kitesurf-a-dakhla\/\" \/>\n<meta property=\"og:site_name\" content=\"KiteSurf Dakhla\" \/>\n<meta property=\"article:modified_time\" content=\"2023-12-17T11:31:29+00:00\" \/>\n<meta property=\"og:image\" content=\"https:\/\/kitesensation-dakhla.com\/fr\/wp-content\/uploads\/2021\/12\/cropped-favIcon-1.png\" \/>\n\t<meta property=\"og:image:width\" content=\"512\" \/>\n\t<meta property=\"og:image:height\" content=\"512\" \/>\n\t<meta property=\"og:image:type\" content=\"image\/png\" \/>\n<meta name=\"twitter:card\" content=\"summary_large_image\" \/>\n<meta name=\"twitter:label1\" content=\"Dur\u00e9e de lecture estim\u00e9e\" \/>\n\t<meta name=\"twitter:data1\" content=\"1 minute\" \/>\n<!-- \/ Yoast SEO plugin. -->","yoast_head_json":{"title":"Cours de Kitesurf \u00e0 Dakhla - KiteSurf Dakhla","description":"Vivez les cours ultimes de kitesurf \u00e0 Dakhla avec nos instructeurs experts. Choisissez parmi nos cours collectifs de KiteSurf","robots":{"index":"index","follow":"follow","max-snippet":"max-snippet:-1","max-image-preview":"max-image-preview:large","max-video-preview":"max-video-preview:-1"},"canonical":"https:\/\/kitesensation-dakhla.com\/fr\/cours-de-kitesurf-a-dakhla\/","og_locale":"fr_FR","og_type":"article","og_title":"Cours de Kitesurf \u00e0 Dakhla - KiteSurf Dakhla","og_description":"Vivez les cours ultimes de kitesurf \u00e0 Dakhla avec nos instructeurs experts. Choisissez parmi nos cours collectifs de KiteSurf","og_url":"https:\/\/kitesensation-dakhla.com\/fr\/cours-de-kitesurf-a-dakhla\/","og_site_name":"KiteSurf Dakhla","article_modified_time":"2023-12-17T11:31:29+00:00","og_image":[{"width":512,"height":512,"url":"https:\/\/kitesensation-dakhla.com\/fr\/wp-content\/uploads\/2021\/12\/cropped-favIcon-1.png","type":"image\/png"}],"twitter_card":"summary_large_image","twitter_misc":{"Dur\u00e9e de lecture estim\u00e9e":"1 minute"},"schema":{"@context":"https:\/\/schema.org","@graph":[{"@type":"WebPage","@id":"https:\/\/kitesensation-dakhla.com\/fr\/cours-de-kitesurf-a-dakhla\/","url":"https:\/\/kitesensation-dakhla.com\/fr\/cours-de-kitesurf-a-dakhla\/","name":"Cours de Kitesurf \u00e0 Dakhla - KiteSurf Dakhla","isPartOf":{"@id":"https:\/\/kitesensation-dakhla.com\/fr\/#website"},"datePublished":"2021-12-05T14:42:43+00:00","dateModified":"2023-12-17T11:31:29+00:00","description":"Vivez les cours ultimes de kitesurf \u00e0 Dakhla avec nos instructeurs experts. Choisissez parmi nos cours collectifs de KiteSurf","breadcrumb":{"@id":"https:\/\/kitesensation-dakhla.com\/fr\/cours-de-kitesurf-a-dakhla\/#breadcrumb"},"inLanguage":"fr-FR","potentialAction":[{"@type":"ReadAction","target":["https:\/\/kitesensation-dakhla.com\/fr\/cours-de-kitesurf-a-dakhla\/"]}]},{"@type":"BreadcrumbList","@id":"https:\/\/kitesensation-dakhla.com\/fr\/cours-de-kitesurf-a-dakhla\/#breadcrumb","itemListElement":[{"@type":"ListItem","position":1,"name":"Accueil","item":"https:\/\/kitesensation-dakhla.com\/fr\/"},{"@type":"ListItem","position":2,"name":"Cours de Kitesurf \u00e0 Dakhla"}]},{"@type":"WebSite","@id":"https:\/\/kitesensation-dakhla.com\/fr\/#website","url":"https:\/\/kitesensation-dakhla.com\/fr\/","name":"KiteSurf Dakhla","description":"Kitesurf et surf \u00e0 Dakhla Maroc","publisher":{"@id":"https:\/\/kitesensation-dakhla.com\/fr\/#organization"},"potentialAction":[{"@type":"SearchAction","target":{"@type":"EntryPoint","urlTemplate":"https:\/\/kitesensation-dakhla.com\/fr\/?s={search_term_string}"},"query-input":"required name=search_term_string"}],"inLanguage":"fr-FR"},{"@type":"Organization","@id":"https:\/\/kitesensation-dakhla.com\/fr\/#organization","name":"Kitesensation Dakhla","url":"https:\/\/kitesensation-dakhla.com\/fr\/","logo":{"@type":"ImageObject","inLanguage":"fr-FR","@id":"https:\/\/kitesensation-dakhla.com\/fr\/#\/schema\/logo\/image\/","url":"https:\/\/kitesensation-dakhla.com\/fr\/wp-content\/uploads\/2021\/12\/cropped-favIcon-1.png","contentUrl":"https:\/\/kitesensation-dakhla.com\/fr\/wp-content\/uploads\/2021\/12\/cropped-favIcon-1.png","width":512,"height":512,"caption":"Kitesensation Dakhla"},"image":{"@id":"https:\/\/kitesensation-dakhla.com\/fr\/#\/schema\/logo\/image\/"}}]}},"_links":{"self":[{"href":"https:\/\/kitesensation-dakhla.com\/fr\/wp-json\/wp\/v2\/pages\/1631"}],"collection":[{"href":"https:\/\/kitesensation-dakhla.com\/fr\/wp-json\/wp\/v2\/pages"}],"about":[{"href":"https:\/\/kitesensation-dakhla.com\/fr\/wp-json\/wp\/v2\/types\/page"}],"author":[{"embeddable":true,"href":"https:\/\/kitesensation-dakhla.com\/fr\/wp-json\/wp\/v2\/users\/1"}],"replies":[{"embeddable":true,"href":"https:\/\/kitesensation-dakhla.com\/fr\/wp-json\/wp\/v2\/comments?post=1631"}],"version-history":[{"count":10,"href":"https:\/\/kitesensation-dakhla.com\/fr\/wp-json\/wp\/v2\/pages\/1631\/revisions"}],"predecessor-version":[{"id":2084,"href":"https:\/\/kitesensation-dakhla.com\/fr\/wp-json\/wp\/v2\/pages\/1631\/revisions\/2084"}],"wp:attachment":[{"href":"https:\/\/kitesensation-dakhla.com\/fr\/wp-json\/wp\/v2\/media?parent=1631"}],"curies":[{"name":"wp","href":"https:\/\/api.w.org\/{rel}","templated":true}]}}