{"id":1715,"date":"2021-12-13T14:11:13","date_gmt":"2021-12-13T14:11:13","guid":{"rendered":"https:\/\/kitesensation-dakhla.com\/fr\/?page_id=1715"},"modified":"2023-12-15T16:09:34","modified_gmt":"2023-12-15T16:09:34","slug":"personnalisez-votre-experience","status":"publish","type":"page","link":"https:\/\/kitesensation-dakhla.com\/fr\/personnalisez-votre-experience\/","title":{"rendered":"Personnalisez votre exp\u00e9rience"},"content":{"rendered":"<p>[vc_row][vc_column css=&#8221;.vc_custom_1639404525555{background-color: #ffffff !important;}&#8221;]<div class=\"wpforms-container wpforms-container-full\" id=\"wpforms-1526\"><form id=\"wpforms-form-1526\" class=\"wpforms-validate wpforms-form wpforms-ajax-form\" data-formid=\"1526\" method=\"post\" enctype=\"multipart\/form-data\" action=\"\/fr\/wp-json\/wp\/v2\/pages\/1715\" data-token=\"9d1bcec9405b64ec2c989dc38b49ab69\"><div class=\"wpforms-head-container\"><div class=\"wpforms-title\">Personnalisez votre exp\u00e9rience<\/div><\/div><noscript class=\"wpforms-error-noscript\">Veuillez activer JavaScript dans votre navigateur pour remplir ce formulaire.<\/noscript><div class=\"wpforms-field-container\"><div id=\"wpforms-1526-field_12-container\" class=\"wpforms-field wpforms-field-text wpforms-one-third wpforms-first wpforms-mobile-full\" data-field-id=\"12\"><label class=\"wpforms-field-label\" for=\"wpforms-1526-field_12\">Nom &amp; Prenom <span class=\"wpforms-required-label\">*<\/span><\/label><input type=\"text\" id=\"wpforms-1526-field_12\" class=\"wpforms-field-large wpforms-field-required\" name=\"wpforms[fields][12]\" required\/><\/div><div id=\"wpforms-1526-field_6-container\" class=\"wpforms-field wpforms-field-email wpforms-one-third wpforms-mobile-full\" data-field-id=\"6\"><label class=\"wpforms-field-label\" for=\"wpforms-1526-field_6\">Email <span class=\"wpforms-required-label\">*<\/span><\/label><input type=\"email\" id=\"wpforms-1526-field_6\" class=\"wpforms-field-large wpforms-field-required\" name=\"wpforms[fields][6]\" placeholder=\"Ex: Contact@kitesensation-dakhla.com\" spellcheck=\"false\" required\/><\/div><div id=\"wpforms-1526-field_23-container\" class=\"wpforms-field wpforms-field-text wpforms-one-third\" data-field-id=\"23\"><label class=\"wpforms-field-label\" for=\"wpforms-1526-field_23\">T\u00e9l\u00e9phone <span class=\"wpforms-required-label\">*<\/span><\/label><input type=\"text\" id=\"wpforms-1526-field_23\" class=\"wpforms-field-large wpforms-field-required wpforms-masked-input\" data-rule-inputmask-incomplete=\"1\" data-inputmask-mask=\"+[9][9][9][9][9][9][9][9][9][9][9][9][9][9][9][9][9][9][9]\" name=\"wpforms[fields][23]\" placeholder=\"Ex: +212622402755\" required\/><\/div><div id=\"wpforms-1526-field_16-container\" class=\"wpforms-field wpforms-field-select wpforms-one-half wpforms-first wpforms-field-select-style-modern\" data-field-id=\"16\"><label class=\"wpforms-field-label\" for=\"wpforms-1526-field_16\">Vous \u00eates int\u00e9ress\u00e9 par <span class=\"wpforms-required-label\">*<\/span><\/label><select id=\"wpforms-1526-field_16\" class=\"wpforms-field-large wpforms-field-required choicesjs-select\" data-size-class=\"wpforms-field-row wpforms-field-large\" data-search-enabled=\"\" name=\"wpforms[fields][16]\" required=\"required\"><option value=\"\" class=\"placeholder\" disabled  selected='selected'>Cours de KiteSurf<\/option><option value=\"Cours de KiteSurf\">Cours de KiteSurf<\/option><option value=\"KiteSurf &amp; H\u00e9bergement\">KiteSurf &amp; H\u00e9bergement<\/option><option value=\"Voayges KiteSurf\">Voayges KiteSurf<\/option><option value=\"Location KiteSurf\">Location KiteSurf<\/option><option value=\"Surveillance KiteSurf\">Surveillance KiteSurf<\/option><option value=\"Voyages Surf\">Voyages Surf<\/option><option value=\"Autre (Veuillez pr\u00e9ciser dans votre message)\">Autre (Veuillez pr\u00e9ciser dans votre message)<\/option><\/select><\/div><div id=\"wpforms-1526-field_17-container\" class=\"wpforms-field wpforms-field-select wpforms-one-half wpforms-field-select-style-modern\" data-field-id=\"17\"><label class=\"wpforms-field-label\" for=\"wpforms-1526-field_17\">Nombre de personnes <span class=\"wpforms-required-label\">*<\/span><\/label><select id=\"wpforms-1526-field_17\" class=\"wpforms-field-large wpforms-field-required choicesjs-select\" data-size-class=\"wpforms-field-row wpforms-field-large\" data-search-enabled=\"1\" name=\"wpforms[fields][17]\" required=\"required\"><option value=\"\" class=\"placeholder\" disabled  selected='selected'>1<\/option><option value=\"1\">1<\/option><option value=\"2\">2<\/option><option value=\"3\">3<\/option><option value=\"4\">4<\/option><option value=\"5\">5<\/option><option value=\"6\">6<\/option><option value=\"7\">7<\/option><option value=\"8\">8<\/option><option value=\"9\">9<\/option><option value=\"10\">10<\/option><option value=\"Other (Please specify in your message)\">Other (Please specify in your message)<\/option><\/select><\/div><div id=\"wpforms-1526-field_24-container\" class=\"wpforms-field wpforms-field-text wpforms-one-half wpforms-first\" data-field-id=\"24\"><label class=\"wpforms-field-label\" for=\"wpforms-1526-field_24\">Date d&#039;arriv\u00e9e <span class=\"wpforms-required-label\">*<\/span><\/label><input type=\"text\" id=\"wpforms-1526-field_24\" class=\"wpforms-field-large wpforms-field-required wpforms-masked-input\" data-rule-inputmask-incomplete=\"1\" data-inputmask-alias=\"datetime\" data-inputmask-inputformat=\"dd\/mm\/yyyy\" name=\"wpforms[fields][24]\" placeholder=\"dd\/mm\/yyyy\" required\/><\/div><div id=\"wpforms-1526-field_25-container\" class=\"wpforms-field wpforms-field-text wpforms-one-half\" data-field-id=\"25\"><label class=\"wpforms-field-label\" for=\"wpforms-1526-field_25\">Date de d\u00e9part <span class=\"wpforms-required-label\">*<\/span><\/label><input type=\"text\" id=\"wpforms-1526-field_25\" class=\"wpforms-field-large wpforms-field-required wpforms-masked-input\" data-rule-inputmask-incomplete=\"1\" data-inputmask-alias=\"datetime\" data-inputmask-inputformat=\"dd\/mm\/yyyy\" name=\"wpforms[fields][25]\" placeholder=\"dd\/mm\/yyyy\" required\/><\/div><div id=\"wpforms-1526-field_14-container\" class=\"wpforms-field wpforms-field-textarea\" data-field-id=\"14\"><label class=\"wpforms-field-label\" for=\"wpforms-1526-field_14\">Message <span class=\"wpforms-required-label\">*<\/span><\/label><textarea id=\"wpforms-1526-field_14\" class=\"wpforms-field-medium wpforms-field-required\" name=\"wpforms[fields][14]\" required><\/textarea><\/div><\/div><!-- .wpforms-field-container --><div class=\"wpforms-submit-container\"><input type=\"hidden\" name=\"wpforms[id]\" value=\"1526\"\/><input type=\"hidden\" name=\"wpforms[author]\" value=\"1\"\/><button type=\"submit\" name=\"wpforms[submit]\" id=\"wpforms-submit-1526\" class=\"wpforms-submit\" data-alt-text=\"Envoi en cours...\" data-submit-text=\"Soumettre\" aria-live=\"assertive\" value=\"wpforms-submit\">Soumettre<\/button><img src=\"https:\/\/kitesensation-dakhla.com\/fr\/wp-content\/plugins\/wpforms-lite\/assets\/images\/submit-spin.svg\" class=\"wpforms-submit-spinner\" style=\"display: none;\" width=\"26\" height=\"26\" alt=\"Chargement en cours\"\/><\/div><\/form><\/div>  <!-- .wpforms-container -->[\/vc_column][\/vc_row]<\/p>\n","protected":false},"excerpt":{"rendered":"<p>[vc_row][vc_column css=&#8221;.vc_custom_1639404525555{background-color: #ffffff !important;}&#8221;][\/vc_column][\/vc_row]<\/p>\n","protected":false},"author":1,"featured_media":0,"parent":0,"menu_order":0,"comment_status":"open","ping_status":"closed","template":"","meta":[],"yoast_head":"<!-- This site is optimized with the Yoast SEO plugin v21.1 - https:\/\/yoast.com\/wordpress\/plugins\/seo\/ -->\n<title>Personnalisez votre exp\u00e9rience - KiteSurf Dakhla<\/title>\n<meta name=\"robots\" content=\"index, follow, max-snippet:-1, max-image-preview:large, max-video-preview:-1\" \/>\n<link rel=\"canonical\" href=\"https:\/\/kitesensation-dakhla.com\/fr\/personnalisez-votre-experience\/\" \/>\n<meta property=\"og:locale\" content=\"fr_FR\" \/>\n<meta property=\"og:type\" content=\"article\" \/>\n<meta property=\"og:title\" content=\"Personnalisez votre exp\u00e9rience - KiteSurf Dakhla\" \/>\n<meta property=\"og:description\" content=\"[vc_row][vc_column css=&#8221;.vc_custom_1639404525555{background-color: #ffffff !important;}&#8221;][\/vc_column][\/vc_row]\" \/>\n<meta property=\"og:url\" content=\"https:\/\/kitesensation-dakhla.com\/fr\/personnalisez-votre-experience\/\" \/>\n<meta property=\"og:site_name\" content=\"KiteSurf Dakhla\" \/>\n<meta property=\"article:modified_time\" content=\"2023-12-15T16:09:34+00:00\" \/>\n<meta property=\"og:image\" content=\"https:\/\/kitesensation-dakhla.com\/fr\/wp-content\/uploads\/2021\/12\/cropped-favIcon-1.png\" \/>\n\t<meta property=\"og:image:width\" content=\"512\" \/>\n\t<meta property=\"og:image:height\" content=\"512\" \/>\n\t<meta property=\"og:image:type\" content=\"image\/png\" \/>\n<meta name=\"twitter:card\" content=\"summary_large_image\" \/>\n<!-- \/ Yoast SEO plugin. -->","yoast_head_json":{"title":"Personnalisez votre exp\u00e9rience - KiteSurf Dakhla","robots":{"index":"index","follow":"follow","max-snippet":"max-snippet:-1","max-image-preview":"max-image-preview:large","max-video-preview":"max-video-preview:-1"},"canonical":"https:\/\/kitesensation-dakhla.com\/fr\/personnalisez-votre-experience\/","og_locale":"fr_FR","og_type":"article","og_title":"Personnalisez votre exp\u00e9rience - KiteSurf Dakhla","og_description":"[vc_row][vc_column css=&#8221;.vc_custom_1639404525555{background-color: #ffffff !important;}&#8221;][\/vc_column][\/vc_row]","og_url":"https:\/\/kitesensation-dakhla.com\/fr\/personnalisez-votre-experience\/","og_site_name":"KiteSurf Dakhla","article_modified_time":"2023-12-15T16:09:34+00:00","og_image":[{"width":512,"height":512,"url":"https:\/\/kitesensation-dakhla.com\/fr\/wp-content\/uploads\/2021\/12\/cropped-favIcon-1.png","type":"image\/png"}],"twitter_card":"summary_large_image","schema":{"@context":"https:\/\/schema.org","@graph":[{"@type":"WebPage","@id":"https:\/\/kitesensation-dakhla.com\/fr\/personnalisez-votre-experience\/","url":"https:\/\/kitesensation-dakhla.com\/fr\/personnalisez-votre-experience\/","name":"Personnalisez votre exp\u00e9rience - KiteSurf Dakhla","isPartOf":{"@id":"https:\/\/kitesensation-dakhla.com\/fr\/#website"},"datePublished":"2021-12-13T14:11:13+00:00","dateModified":"2023-12-15T16:09:34+00:00","breadcrumb":{"@id":"https:\/\/kitesensation-dakhla.com\/fr\/personnalisez-votre-experience\/#breadcrumb"},"inLanguage":"fr-FR","potentialAction":[{"@type":"ReadAction","target":["https:\/\/kitesensation-dakhla.com\/fr\/personnalisez-votre-experience\/"]}]},{"@type":"BreadcrumbList","@id":"https:\/\/kitesensation-dakhla.com\/fr\/personnalisez-votre-experience\/#breadcrumb","itemListElement":[{"@type":"ListItem","position":1,"name":"Accueil","item":"https:\/\/kitesensation-dakhla.com\/fr\/"},{"@type":"ListItem","position":2,"name":"Personnalisez votre exp\u00e9rience"}]},{"@type":"WebSite","@id":"https:\/\/kitesensation-dakhla.com\/fr\/#website","url":"https:\/\/kitesensation-dakhla.com\/fr\/","name":"KiteSurf Dakhla","description":"Kitesurf et surf \u00e0 Dakhla Maroc","publisher":{"@id":"https:\/\/kitesensation-dakhla.com\/fr\/#organization"},"potentialAction":[{"@type":"SearchAction","target":{"@type":"EntryPoint","urlTemplate":"https:\/\/kitesensation-dakhla.com\/fr\/?s={search_term_string}"},"query-input":"required name=search_term_string"}],"inLanguage":"fr-FR"},{"@type":"Organization","@id":"https:\/\/kitesensation-dakhla.com\/fr\/#organization","name":"Kitesensation Dakhla","url":"https:\/\/kitesensation-dakhla.com\/fr\/","logo":{"@type":"ImageObject","inLanguage":"fr-FR","@id":"https:\/\/kitesensation-dakhla.com\/fr\/#\/schema\/logo\/image\/","url":"https:\/\/kitesensation-dakhla.com\/fr\/wp-content\/uploads\/2021\/12\/cropped-favIcon-1.png","contentUrl":"https:\/\/kitesensation-dakhla.com\/fr\/wp-content\/uploads\/2021\/12\/cropped-favIcon-1.png","width":512,"height":512,"caption":"Kitesensation Dakhla"},"image":{"@id":"https:\/\/kitesensation-dakhla.com\/fr\/#\/schema\/logo\/image\/"}}]}},"_links":{"self":[{"href":"https:\/\/kitesensation-dakhla.com\/fr\/wp-json\/wp\/v2\/pages\/1715"}],"collection":[{"href":"https:\/\/kitesensation-dakhla.com\/fr\/wp-json\/wp\/v2\/pages"}],"about":[{"href":"https:\/\/kitesensation-dakhla.com\/fr\/wp-json\/wp\/v2\/types\/page"}],"author":[{"embeddable":true,"href":"https:\/\/kitesensation-dakhla.com\/fr\/wp-json\/wp\/v2\/users\/1"}],"replies":[{"embeddable":true,"href":"https:\/\/kitesensation-dakhla.com\/fr\/wp-json\/wp\/v2\/comments?post=1715"}],"version-history":[{"count":1,"href":"https:\/\/kitesensation-dakhla.com\/fr\/wp-json\/wp\/v2\/pages\/1715\/revisions"}],"predecessor-version":[{"id":2044,"href":"https:\/\/kitesensation-dakhla.com\/fr\/wp-json\/wp\/v2\/pages\/1715\/revisions\/2044"}],"wp:attachment":[{"href":"https:\/\/kitesensation-dakhla.com\/fr\/wp-json\/wp\/v2\/media?parent=1715"}],"curies":[{"name":"wp","href":"https:\/\/api.w.org\/{rel}","templated":true}]}}