{"id":2,"date":"2021-11-14T22:02:50","date_gmt":"2021-11-14T22:02:50","guid":{"rendered":"https:\/\/kitesensation-dakhla.com\/fr\/?page_id=2"},"modified":"2023-12-15T17:13:53","modified_gmt":"2023-12-15T17:13:53","slug":"a-propos-de-nous","status":"publish","type":"page","link":"https:\/\/kitesensation-dakhla.com\/fr\/a-propos-de-nous\/","title":{"rendered":"\u00c0 propos de nous"},"content":{"rendered":"<p>[vc_row css=&#8221;.vc_custom_1637757500212{background-color: #ffffff !important;}&#8221;][vc_column][vc_column_text]La Kite Sensation a \u00e9t\u00e9 cr\u00e9\u00e9e par passion pour le sport, la nature et les voyages, avec l&#8217;id\u00e9e de faire avancer la communaut\u00e9 locale de kitesurf \u00e0 Dakhla et de porter les m\u00e9thodes d&#8217;enseignement \u00e0 un niveau sup\u00e9rieur.<\/p>\n<p>L&#8217;\u00e9cole Kite Sensation est bien plus qu&#8217;une \u00e9cole de kitesurf classique, dispensant des cours de cerf-volant et formant de nouveaux \u00e9l\u00e8ves. Notre objectif principal est de partager notre passion pour ce sport incroyable et de le rendre accessible et abordable pour tous. Poursuivre cette sensation incroyable et cette connexion puissante entre l&#8217;eau, le vent et le ciel est une exp\u00e9rience inoubliable que nous souhaitons partager davantage.<\/p>\n<p>Abdellah, le fondateur et directeur du centre, est un kitesurfeur professionnel exp\u00e9riment\u00e9, ayant voyag\u00e9 et travaill\u00e9 dans de nombreux pays et spots \u00e0 travers le monde. L&#8217;id\u00e9e de partager le kitesurf avec les gens \u00e9tait tout simplement trop tentante pour la laisser passer. Il a donc d\u00e9cid\u00e9 d&#8217;ouvrir sa propre \u00e9cole de kitesurf \u00e0 Dakhla.<\/p>\n<p>Notre \u00e9quipe, tous familiaris\u00e9s avec ce sport depuis leur jeune \u00e2ge, est compos\u00e9e d&#8217;instructeurs certifi\u00e9s d\u00e9tenant des licences de base VDWS, et se fera un plaisir de s&#8217;occuper de vous pendant que vous profitez de la pratique.<\/p>\n<p>Bien plus qu&#8217;une \u00e9cole de kitesurf, nous proposons \u00e9galement des cours et la location d&#8217;\u00e9quipement pour une large gamme de sports nautiques. Nous donnons des cours de surf, ainsi que la location de paddleboards et de planches de surf.<\/p>\n<p>Notre \u00e9cole peut \u00e9galement vous aider \u00e0 organiser l&#8217;h\u00e9bergement, des activit\u00e9s et des excursions pour les moments o\u00f9 vous n&#8217;\u00eates pas dans l&#8217;eau, afin que vous puissiez passer des vacances sans souci ici \u00e0 Dakhla.<\/p>\n<p>Devenez membre de l&#8217;\u00e9cole Kite Sensation et n&#8217;h\u00e9sitez pas \u00e0 nous contacter pour en savoir plus ou pour toute question concernant votre s\u00e9jour \u00e0 Dakhla.[\/vc_column_text][\/vc_column][\/vc_row][vc_row][vc_column][vc_separator][\/vc_column][\/vc_row][vc_row css=&#8221;.vc_custom_1639935377620{border-radius: 20px !important;}&#8221;][vc_column width=&#8221;1\/2&#8243;][vc_column_text css=&#8221;.vc_custom_1702659880325{margin-bottom: 10px !important;}&#8221;]<\/p>\n<h2 style=\"text-align: center;\"><span style=\"font-size: 26pt;\"><strong><span style=\"line-height: 120%; font-family: Arial, 'sans-serif';\">Rencontrez l&#8217;\u00c9quipe<\/span><\/strong><\/span><\/h2>\n<p>[\/vc_column_text][vc_single_image image=&#8221;1461&#8243; img_size=&#8221;&#8221; alignment=&#8221;center&#8221; css_animation=&#8221;fadeInRight&#8221; css=&#8221;.vc_custom_1638379612685{margin-top: 0px !important;margin-bottom: 0px !important;}&#8221;][vc_column_text]<\/p>\n<ul>\n<li>Nos cours de kitesurf sont dispens\u00e9s uniquement par des professionnels exp\u00e9riment\u00e9s et des instructeurs certifi\u00e9s, et sont propos\u00e9s dans diff\u00e9rentes langues.<\/li>\n<li>Nous enseignons en 5 langues diff\u00e9rentes : fran\u00e7ais, anglais, allemand, espagnol et arabe cr\u00e9ole.<br \/>\nNotre centre de kitesurf enti\u00e8rement \u00e9quip\u00e9 fournit l&#8217;\u00e9quipement de kitesurf et chaque \u00e9l\u00e8ve re\u00e7oit son propre cerf-volant.<\/li>\n<li>Pas plus de 4 \u00e9tudiants par instructeur.<\/li>\n<li>Nous proposons toute une gamme d&#8217;\u00e9quipements tels que les cerfs-volants Gin, Ozone et Duotone kiteboarding.<br \/>\nReconnu par l&#8217;Autorit\u00e9 du Tourisme. (qu&#8217;est-ce que c&#8217;est ?)<br \/>\nCentre de kitesurf assur\u00e9.<\/li>\n<li>Bateau de sauvetage pour le kitesurf.<\/li>\n<\/ul>\n<p>[\/vc_column_text][\/vc_column][vc_column width=&#8221;1\/2&#8243;][vc_single_image image=&#8221;1783&#8243; img_size=&#8221;960&#215;960&#8243; style=&#8221;vc_box_shadow_border&#8221;][\/vc_column][\/vc_row][vc_row full_width=&#8221;stretch_row_content&#8221; gap=&#8221;20&#8243; equal_height=&#8221;yes&#8221; css=&#8221;.vc_custom_1639935041101{margin-top: 0px !important;}&#8221;][vc_column css_animation=&#8221;slideInUp&#8221; width=&#8221;1\/5&#8243; css=&#8221;.vc_custom_1637931018969{background-color: #ffffff !important;border-radius: 15px !important;}&#8221;][vc_single_image image=&#8221;1364&#8243; alignment=&#8221;center&#8221; style=&#8221;vc_box_shadow_circle_2&#8243; css=&#8221;.vc_custom_1637931366521{border-radius: 20px !important;}&#8221;][vc_column_text]<\/p>\n<p style=\"text-align: center;\"><span style=\"font-size: 14pt;\"><strong>Abdellah<\/strong><\/span><\/p>\n<ul>\n<li>Instructeur de surf et de kitesurf depuis 2011<\/li>\n<li>Langues : fran\u00e7ais, anglais, espagnol, arabe<\/li>\n<li>Exp\u00e9riences \u00e0 : Dakhla, Br\u00e9sil, Zanzibar, Sri Lanka, Madagascar, Maurice, Essaouira.<\/li>\n<li>Licence de base VDWS.<\/li>\n<\/ul>\n<p>[\/vc_column_text][\/vc_column][vc_column css_animation=&#8221;slideInUp&#8221; width=&#8221;1\/5&#8243; css=&#8221;.vc_custom_1638369299878{background-color: #ffffff !important;border-radius: 15px !important;}&#8221;][vc_single_image image=&#8221;1798&#8243; alignment=&#8221;center&#8221; style=&#8221;vc_box_shadow_circle_2&#8243; css=&#8221;.vc_custom_1640088132321{border-radius: 20px !important;}&#8221;][vc_column_text]<\/p>\n<p style=\"text-align: center;\"><span style=\"font-size: 14pt;\"><strong>Karim<\/strong><\/span><\/p>\n<ul>\n<li>Instructeur de surf et de kitesurf depuis 2006<\/li>\n<li>Langues : fran\u00e7ais, anglais, espagnol, arabe<\/li>\n<li>Licence de base VDWS.<\/li>\n<li>Formateur pour les instructeurs de kitesurf.<\/li>\n<\/ul>\n<p>[\/vc_column_text][\/vc_column][vc_column css_animation=&#8221;slideInUp&#8221; width=&#8221;1\/5&#8243; css=&#8221;.vc_custom_1638382921779{background-color: #ffffff !important;border-radius: 15px !important;}&#8221;][vc_single_image image=&#8221;1795&#8243; alignment=&#8221;center&#8221; style=&#8221;vc_box_shadow_circle_2&#8243; css=&#8221;.vc_custom_1640087134009{border-radius: 20px !important;}&#8221;][vc_column_text]<\/p>\n<p style=\"text-align: center;\"><span style=\"font-size: 14pt;\"><strong>Abderzak<\/strong><\/span><\/p>\n<ul>\n<li>Instructeur de surf et de kitesurf depuis 2013<\/li>\n<li>Langues : fran\u00e7ais, anglais, arabe<\/li>\n<li>Niveau professionnel en freestyle<\/li>\n<li>Licence de base VDWS.<\/li>\n<\/ul>\n<p>[\/vc_column_text][\/vc_column][vc_column css_animation=&#8221;slideInUp&#8221; width=&#8221;1\/5&#8243; css=&#8221;.vc_custom_1638382896778{background-color: #ffffff !important;border-radius: 15px !important;}&#8221;][vc_single_image image=&#8221;1797&#8243; alignment=&#8221;center&#8221; style=&#8221;vc_box_shadow_circle_2&#8243; css=&#8221;.vc_custom_1640088070509{border-radius: 20px !important;}&#8221;][vc_column_text]<\/p>\n<p style=\"text-align: center;\"><span style=\"font-size: 14pt;\"><strong>Momo<\/strong><\/span><\/p>\n<ul>\n<li>Instructeur de surf et de kitesurf depuis 2011<\/li>\n<li>Langues : fran\u00e7ais, anglais, espagnol, arabe<\/li>\n<li>Niveau professionnel en freestyle<\/li>\n<li>Licence de base VDWS.<\/li>\n<\/ul>\n<p>[\/vc_column_text][\/vc_column][vc_column css_animation=&#8221;slideInUp&#8221; width=&#8221;1\/5&#8243; css=&#8221;.vc_custom_1639935014171{background-color: #ffffff !important;border-radius: 15px !important;}&#8221;][vc_single_image image=&#8221;1779&#8243; alignment=&#8221;center&#8221; style=&#8221;vc_box_shadow_circle_2&#8243; css=&#8221;.vc_custom_1639933659285{border-radius: 20px !important;}&#8221;][vc_column_text]<\/p>\n<p style=\"text-align: center;\"><span style=\"font-size: 14pt;\"><strong>Jalal<\/strong><\/span><\/p>\n<ul>\n<li>Instructeur de surf et de kitesurf depuis 2011<\/li>\n<li>Langues : fran\u00e7ais, anglais, espagnol, arabe<\/li>\n<li>Licence de base VDWS.<\/li>\n<\/ul>\n<p>[\/vc_column_text][\/vc_column][\/vc_row][vc_row full_width=&#8221;stretch_row_content_no_spaces&#8221; content_placement=&#8221;bottom&#8221; css=&#8221;.vc_custom_1639934896829{margin-bottom: -40px !important;}&#8221;][vc_column css=&#8221;.vc_custom_1638372070270{margin-bottom: 0px !important;}&#8221;][vc_gmaps link=&#8221;#E-8_JTNDaWZyYW1lJTIwc3JjJTNEJTIyaHR0cHMlM0ElMkYlMkZ3d3cuZ29vZ2xlLmNvbSUyRm1hcHMlMkZlbWJlZCUzRnBiJTNEJTIxMW0xNCUyMTFtOCUyMTFtMyUyMTFkMjMzODE3LjA1ODE5NTcwNDgzJTIxMmQtMTYuMDc3MTc0NzA0ODIwNTIlMjEzZDIzLjY5NzcwODE5OTk5OTk4JTIxM20yJTIxMWkxMDI0JTIxMmk3NjglMjE0ZjEzLjElMjEzbTMlMjExbTIlMjExczB4MCUyNTNBMHhlOGM1MTU4MDU4NTM3NGNhJTIxMnpNalBDc0RReEp6VXhMamNpVGlBeE5jS3dOVFluTVRNdU5pSlglMjE1ZTAlMjEzbTIlMjExc2VuJTIxMnNtYSUyMTR2MTYzOTk5NTQ0MDc0MSUyMTVtMiUyMTFzZW4lMjEyc21hJTIyJTIwd2lkdGglM0QlMjI2MDAlMjIlMjBoZWlnaHQlM0QlMjI0NTAlMjIlMjBzdHlsZSUzRCUyMmJvcmRlciUzQTAlM0IlMjIlMjBhbGxvd2Z1bGxzY3JlZW4lM0QlMjIlMjIlMjBsb2FkaW5nJTNEJTIybGF6eSUyMiUzRSUzQyUyRmlmcmFtZSUzRQ==&#8221; css=&#8221;.vc_custom_1639995462107{margin-bottom: 0px !important;}&#8221; el_class=&#8221;full-with&#8221;][\/vc_column][\/vc_row]<\/p>\n","protected":false},"excerpt":{"rendered":"<p>[vc_row css=&#8221;.vc_custom_1637757500212{background-color: #ffffff !important;}&#8221;][vc_column][vc_column_text]La Kite Sensation a \u00e9t\u00e9 cr\u00e9\u00e9e par passion pour le sport, la nature et les voyages, avec l&#8217;id\u00e9e de faire avancer la communaut\u00e9 locale de kitesurf \u00e0 Dakhla et de porter les m\u00e9thodes d&#8217;enseignement \u00e0 un niveau sup\u00e9rieur. L&#8217;\u00e9cole Kite Sensation est bien plus qu&#8217;une \u00e9cole de kitesurf classique, dispensant des cours<\/p>\n<div class=\"padding-top text-center\"><a href=\"https:\/\/kitesensation-dakhla.com\/fr\/a-propos-de-nous\/\" class=\"atbtn atbtn--medium atbtn--rounded atbtn--transparent\">Read more<i class=\"atbtn__icon atbtn__icon--right fa fa-long-arrow-right\"><\/i><\/a><\/div>\n","protected":false},"author":1,"featured_media":0,"parent":0,"menu_order":0,"comment_status":"closed","ping_status":"closed","template":"","meta":[],"yoast_head":"<!-- This site is optimized with the Yoast SEO plugin v21.1 - https:\/\/yoast.com\/wordpress\/plugins\/seo\/ -->\n<title>\u00c0 propos de nous - KiteSurf Dakhla<\/title>\n<meta name=\"robots\" content=\"index, follow, max-snippet:-1, max-image-preview:large, max-video-preview:-1\" \/>\n<link rel=\"canonical\" href=\"https:\/\/kitesensation-dakhla.com\/fr\/a-propos-de-nous\/\" \/>\n<meta property=\"og:locale\" content=\"fr_FR\" \/>\n<meta property=\"og:type\" content=\"article\" \/>\n<meta property=\"og:title\" content=\"\u00c0 propos de nous - KiteSurf Dakhla\" \/>\n<meta property=\"og:description\" content=\"[vc_row css=&#8221;.vc_custom_1637757500212{background-color: #ffffff !important;}&#8221;][vc_column][vc_column_text]La Kite Sensation a \u00e9t\u00e9 cr\u00e9\u00e9e par passion pour le sport, la nature et les voyages, avec l&#8217;id\u00e9e de faire avancer la communaut\u00e9 locale de kitesurf \u00e0 Dakhla et de porter les m\u00e9thodes d&#8217;enseignement \u00e0 un niveau sup\u00e9rieur. L&#8217;\u00e9cole Kite Sensation est bien plus qu&#8217;une \u00e9cole de kitesurf classique, dispensant des coursRead more\" \/>\n<meta property=\"og:url\" content=\"https:\/\/kitesensation-dakhla.com\/fr\/a-propos-de-nous\/\" \/>\n<meta property=\"og:site_name\" content=\"KiteSurf Dakhla\" \/>\n<meta property=\"article:modified_time\" content=\"2023-12-15T17:13:53+00:00\" \/>\n<meta property=\"og:image\" content=\"https:\/\/kitesensation-dakhla.com\/fr\/wp-content\/uploads\/2021\/12\/cropped-favIcon-1.png\" \/>\n\t<meta property=\"og:image:width\" content=\"512\" \/>\n\t<meta property=\"og:image:height\" content=\"512\" \/>\n\t<meta property=\"og:image:type\" content=\"image\/png\" \/>\n<meta name=\"twitter:card\" content=\"summary_large_image\" \/>\n<meta name=\"twitter:label1\" content=\"Dur\u00e9e de lecture estim\u00e9e\" \/>\n\t<meta name=\"twitter:data1\" content=\"3 minutes\" \/>\n<!-- \/ Yoast SEO plugin. -->","yoast_head_json":{"title":"\u00c0 propos de nous - KiteSurf Dakhla","robots":{"index":"index","follow":"follow","max-snippet":"max-snippet:-1","max-image-preview":"max-image-preview:large","max-video-preview":"max-video-preview:-1"},"canonical":"https:\/\/kitesensation-dakhla.com\/fr\/a-propos-de-nous\/","og_locale":"fr_FR","og_type":"article","og_title":"\u00c0 propos de nous - KiteSurf Dakhla","og_description":"[vc_row css=&#8221;.vc_custom_1637757500212{background-color: #ffffff !important;}&#8221;][vc_column][vc_column_text]La Kite Sensation a \u00e9t\u00e9 cr\u00e9\u00e9e par passion pour le sport, la nature et les voyages, avec l&#8217;id\u00e9e de faire avancer la communaut\u00e9 locale de kitesurf \u00e0 Dakhla et de porter les m\u00e9thodes d&#8217;enseignement \u00e0 un niveau sup\u00e9rieur. L&#8217;\u00e9cole Kite Sensation est bien plus qu&#8217;une \u00e9cole de kitesurf classique, dispensant des coursRead more","og_url":"https:\/\/kitesensation-dakhla.com\/fr\/a-propos-de-nous\/","og_site_name":"KiteSurf Dakhla","article_modified_time":"2023-12-15T17:13:53+00:00","og_image":[{"width":512,"height":512,"url":"https:\/\/kitesensation-dakhla.com\/fr\/wp-content\/uploads\/2021\/12\/cropped-favIcon-1.png","type":"image\/png"}],"twitter_card":"summary_large_image","twitter_misc":{"Dur\u00e9e de lecture estim\u00e9e":"3 minutes"},"schema":{"@context":"https:\/\/schema.org","@graph":[{"@type":"WebPage","@id":"https:\/\/kitesensation-dakhla.com\/fr\/a-propos-de-nous\/","url":"https:\/\/kitesensation-dakhla.com\/fr\/a-propos-de-nous\/","name":"\u00c0 propos de nous - KiteSurf Dakhla","isPartOf":{"@id":"https:\/\/kitesensation-dakhla.com\/fr\/#website"},"datePublished":"2021-11-14T22:02:50+00:00","dateModified":"2023-12-15T17:13:53+00:00","breadcrumb":{"@id":"https:\/\/kitesensation-dakhla.com\/fr\/a-propos-de-nous\/#breadcrumb"},"inLanguage":"fr-FR","potentialAction":[{"@type":"ReadAction","target":["https:\/\/kitesensation-dakhla.com\/fr\/a-propos-de-nous\/"]}]},{"@type":"BreadcrumbList","@id":"https:\/\/kitesensation-dakhla.com\/fr\/a-propos-de-nous\/#breadcrumb","itemListElement":[{"@type":"ListItem","position":1,"name":"Accueil","item":"https:\/\/kitesensation-dakhla.com\/fr\/"},{"@type":"ListItem","position":2,"name":"\u00c0 propos de nous"}]},{"@type":"WebSite","@id":"https:\/\/kitesensation-dakhla.com\/fr\/#website","url":"https:\/\/kitesensation-dakhla.com\/fr\/","name":"KiteSurf Dakhla","description":"Kitesurf et surf \u00e0 Dakhla Maroc","publisher":{"@id":"https:\/\/kitesensation-dakhla.com\/fr\/#organization"},"potentialAction":[{"@type":"SearchAction","target":{"@type":"EntryPoint","urlTemplate":"https:\/\/kitesensation-dakhla.com\/fr\/?s={search_term_string}"},"query-input":"required name=search_term_string"}],"inLanguage":"fr-FR"},{"@type":"Organization","@id":"https:\/\/kitesensation-dakhla.com\/fr\/#organization","name":"Kitesensation Dakhla","url":"https:\/\/kitesensation-dakhla.com\/fr\/","logo":{"@type":"ImageObject","inLanguage":"fr-FR","@id":"https:\/\/kitesensation-dakhla.com\/fr\/#\/schema\/logo\/image\/","url":"https:\/\/kitesensation-dakhla.com\/fr\/wp-content\/uploads\/2021\/12\/cropped-favIcon-1.png","contentUrl":"https:\/\/kitesensation-dakhla.com\/fr\/wp-content\/uploads\/2021\/12\/cropped-favIcon-1.png","width":512,"height":512,"caption":"Kitesensation Dakhla"},"image":{"@id":"https:\/\/kitesensation-dakhla.com\/fr\/#\/schema\/logo\/image\/"}}]}},"_links":{"self":[{"href":"https:\/\/kitesensation-dakhla.com\/fr\/wp-json\/wp\/v2\/pages\/2"}],"collection":[{"href":"https:\/\/kitesensation-dakhla.com\/fr\/wp-json\/wp\/v2\/pages"}],"about":[{"href":"https:\/\/kitesensation-dakhla.com\/fr\/wp-json\/wp\/v2\/types\/page"}],"author":[{"embeddable":true,"href":"https:\/\/kitesensation-dakhla.com\/fr\/wp-json\/wp\/v2\/users\/1"}],"replies":[{"embeddable":true,"href":"https:\/\/kitesensation-dakhla.com\/fr\/wp-json\/wp\/v2\/comments?post=2"}],"version-history":[{"count":5,"href":"https:\/\/kitesensation-dakhla.com\/fr\/wp-json\/wp\/v2\/pages\/2\/revisions"}],"predecessor-version":[{"id":2051,"href":"https:\/\/kitesensation-dakhla.com\/fr\/wp-json\/wp\/v2\/pages\/2\/revisions\/2051"}],"wp:attachment":[{"href":"https:\/\/kitesensation-dakhla.com\/fr\/wp-json\/wp\/v2\/media?parent=2"}],"curies":[{"name":"wp","href":"https:\/\/api.w.org\/{rel}","templated":true}]}}