{"id":252,"date":"2015-07-16T16:00:39","date_gmt":"2015-07-16T16:00:39","guid":{"rendered":"http:\/\/adventure-tours.themedelight.com\/?page_id=9"},"modified":"2023-12-15T17:22:25","modified_gmt":"2023-12-15T17:22:25","slug":"contact","status":"publish","type":"page","link":"https:\/\/kitesensation-dakhla.com\/fr\/contact\/","title":{"rendered":"Contact"},"content":{"rendered":"<p>[vc_row el_class=&#8221;margin-bottom&#8221;][vc_column offset=&#8221;vc_col-md-6&#8243;]<div class=\"title\">\n\t\t\t<div class=\"title__subtitle\">Voudrais-tu parler ?<\/div>\n\t\t<h3 class=\"title__primary\">D\u00e9tails du contact<\/h3>\n<\/div>\n[vc_column_text]Si vous avez une histoire \u00e0 partager ou une question \u00e0 laquelle aucune r\u00e9ponse n&#8217;a \u00e9t\u00e9 trouv\u00e9e sur notre site Web, veuillez nous contacter via les coordonn\u00e9es indiqu\u00e9es ci-dessous ou remplir le formulaire \u00e0 droite.[\/vc_column_text]<div class=\"contact-info\">\n\t\t\t<div class=\"contact-info__item\">\n\t\t\t<div class=\"contact-info__item__icon\"><i class=\"fa fa-map-marker\"><\/i><\/div>\n\t\t\t<div class=\"contact-info__item__text\">el Massira 01 av Bahia aini NR 110, Dakhla<\/div>\n\t\t<\/div>\n\t\n\t<div class=\"contact-info__item\"><a href=\"tel:+212638372536\"><span class=\"contact-info__item__icon\"><i class=\"fa fa-phone\"><\/i><\/span><span class=\"contact-info__item__text\">+212 638-372536<\/span><\/a><\/div>\n\t\n\t<div class=\"contact-info__item\"><a href=\"mailto:contact@kitesensation-dakhla.com\"><span class=\"contact-info__item__icon\"><i class=\"fa fa-envelope contact-info__item__icon__email\"><\/i><\/span><span class=\"contact-info__item__text\">contact@kitesensation-dakhla.com<\/span><\/a><\/div>\n\t<\/div>\n[vc_empty_space height=&#8221;20px&#8221;]<div class=\"social-icons social-icons--square\">\n\t<div class=\"social-icons__icons\">\n\t<a href=\"http:\/\/facebook.com\" class=\"social-icons__icon social-icons__icon--facebook\"><i class=\"fa fa-facebook\"><\/i><\/a><a href=\"http:\/\/twitter.com\" class=\"social-icons__icon social-icons__icon--twitter\"><i class=\"fa fa-twitter\"><\/i><\/a><a href=\"http:\/\/googleplus.com\" class=\"social-icons__icon social-icons__icon--google\"><i class=\"fa fa-google\"><\/i><\/a><a href=\"http:\/\/pinterest.com\" class=\"social-icons__icon social-icons__icon--pinterest\"><i class=\"fa fa-pinterest\"><\/i><\/a><a href=\"http:\/\/linkedin.com\" class=\"social-icons__icon social-icons__icon--linkedin\"><i class=\"fa fa-linkedin\"><\/i><\/a>\t<\/div>\n<\/div>\n[\/vc_column][vc_column offset=&#8221;vc_col-md-6&#8243;][vc_empty_space height=&#8221;40px&#8221; el_class=&#8221;visible-sm visible-xs&#8221;]<div class=\"title\">\n\t\t\t<div class=\"title__subtitle\">Avoir une question?<\/div>\n\t\t<h3 class=\"title__primary\">Entrer en contact<\/h3>\n<\/div>\n<a href=\"https:\/\/wa.link\/dm5jtg\" class=\"atbtn atbtn--primary atbtn--medium atbtn--rounded\">Contactez-nous via Whatsapp<\/a>[\/vc_column][\/vc_row][vc_row full_width=&#8221;stretch_row_content_no_spaces&#8221; css=&#8221;.vc_custom_1639995551605{margin-bottom: -40px !important;}&#8221;][vc_column][vc_gmaps link=&#8221;#E-8_JTNDaWZyYW1lJTIwc3JjJTNEJTIyaHR0cHMlM0ElMkYlMkZ3d3cuZ29vZ2xlLmNvbSUyRm1hcHMlMkZlbWJlZCUzRnBiJTNEJTIxMW0xNCUyMTFtOCUyMTFtMyUyMTFkMjMzODE3LjA1ODE5NTcwNDgzJTIxMmQtMTYuMDc3MTc0NzA0ODIwNTIlMjEzZDIzLjY5NzcwODE5OTk5OTk4JTIxM20yJTIxMWkxMDI0JTIxMmk3NjglMjE0ZjEzLjElMjEzbTMlMjExbTIlMjExczB4MCUyNTNBMHhlOGM1MTU4MDU4NTM3NGNhJTIxMnpNalBDc0RReEp6VXhMamNpVGlBeE5jS3dOVFluTVRNdU5pSlglMjE1ZTAlMjEzbTIlMjExc2VuJTIxMnNtYSUyMTR2MTYzOTk5NTQ0MDc0MSUyMTVtMiUyMTFzZW4lMjEyc21hJTIyJTIwd2lkdGglM0QlMjI2MDAlMjIlMjBoZWlnaHQlM0QlMjI0NTAlMjIlMjBzdHlsZSUzRCUyMmJvcmRlciUzQTAlM0IlMjIlMjBhbGxvd2Z1bGxzY3JlZW4lM0QlMjIlMjIlMjBsb2FkaW5nJTNEJTIybGF6eSUyMiUzRSUzQyUyRmlmcmFtZSUzRQ==&#8221; css=&#8221;.vc_custom_1639995528771{margin-bottom: 0px !important;}&#8221;][\/vc_column][\/vc_row]<\/p>\n","protected":false},"excerpt":{"rendered":"<p>[vc_row el_class=&#8221;margin-bottom&#8221;][vc_column offset=&#8221;vc_col-md-6&#8243;][vc_column_text]Si vous avez une histoire \u00e0 partager ou une question \u00e0 laquelle aucune r\u00e9ponse n&#8217;a \u00e9t\u00e9 trouv\u00e9e sur notre site Web, veuillez nous contacter via les coordonn\u00e9es indiqu\u00e9es ci-dessous ou remplir le formulaire \u00e0 droite.[\/vc_column_text][vc_empty_space height=&#8221;20px&#8221;][\/vc_column][vc_column offset=&#8221;vc_col-md-6&#8243;][vc_empty_space height=&#8221;40px&#8221; el_class=&#8221;visible-sm visible-xs&#8221;][\/vc_column][\/vc_row][vc_row full_width=&#8221;stretch_row_content_no_spaces&#8221; css=&#8221;.vc_custom_1639995551605{margin-bottom: -40px !important;}&#8221;][vc_column][vc_gmaps link=&#8221;#E-8_JTNDaWZyYW1lJTIwc3JjJTNEJTIyaHR0cHMlM0ElMkYlMkZ3d3cuZ29vZ2xlLmNvbSUyRm1hcHMlMkZlbWJlZCUzRnBiJTNEJTIxMW0xNCUyMTFtOCUyMTFtMyUyMTFkMjMzODE3LjA1ODE5NTcwNDgzJTIxMmQtMTYuMDc3MTc0NzA0ODIwNTIlMjEzZDIzLjY5NzcwODE5OTk5OTk4JTIxM20yJTIxMWkxMDI0JTIxMmk3NjglMjE0ZjEzLjElMjEzbTMlMjExbTIlMjExczB4MCUyNTNBMHhlOGM1MTU4MDU4NTM3NGNhJTIxMnpNalBDc0RReEp6VXhMamNpVGlBeE5jS3dOVFluTVRNdU5pSlglMjE1ZTAlMjEzbTIlMjExc2VuJTIxMnNtYSUyMTR2MTYzOTk5NTQ0MDc0MSUyMTVtMiUyMTFzZW4lMjEyc21hJTIyJTIwd2lkdGglM0QlMjI2MDAlMjIlMjBoZWlnaHQlM0QlMjI0NTAlMjIlMjBzdHlsZSUzRCUyMmJvcmRlciUzQTAlM0IlMjIlMjBhbGxvd2Z1bGxzY3JlZW4lM0QlMjIlMjIlMjBsb2FkaW5nJTNEJTIybGF6eSUyMiUzRSUzQyUyRmlmcmFtZSUzRQ==&#8221; css=&#8221;.vc_custom_1639995528771{margin-bottom: 0px !important;}&#8221;][\/vc_column][\/vc_row]<\/p>\n","protected":false},"author":1,"featured_media":0,"parent":0,"menu_order":0,"comment_status":"open","ping_status":"closed","template":"","meta":[],"yoast_head":"<!-- This site is optimized with the Yoast SEO plugin v21.1 - https:\/\/yoast.com\/wordpress\/plugins\/seo\/ -->\n<title>Contact - KiteSurf Dakhla<\/title>\n<meta name=\"robots\" content=\"index, follow, max-snippet:-1, max-image-preview:large, max-video-preview:-1\" \/>\n<link rel=\"canonical\" href=\"https:\/\/kitesensation-dakhla.com\/fr\/contact\/\" \/>\n<meta property=\"og:locale\" content=\"fr_FR\" \/>\n<meta property=\"og:type\" content=\"article\" \/>\n<meta property=\"og:title\" content=\"Contact - KiteSurf Dakhla\" \/>\n<meta property=\"og:description\" content=\"[vc_row el_class=&#8221;margin-bottom&#8221;][vc_column offset=&#8221;vc_col-md-6&#8243;][vc_column_text]Si vous avez une histoire \u00e0 partager ou une question \u00e0 laquelle aucune r\u00e9ponse n&#8217;a \u00e9t\u00e9 trouv\u00e9e sur notre site Web, veuillez nous contacter via les coordonn\u00e9es indiqu\u00e9es ci-dessous ou remplir le formulaire \u00e0 droite.[\/vc_column_text][vc_empty_space height=&#8221;20px&#8221;][\/vc_column][vc_column offset=&#8221;vc_col-md-6&#8243;][vc_empty_space height=&#8221;40px&#8221; el_class=&#8221;visible-sm visible-xs&#8221;][\/vc_column][\/vc_row][vc_row full_width=&#8221;stretch_row_content_no_spaces&#8221; css=&#8221;.vc_custom_1639995551605{margin-bottom: -40px !important;}&#8221;][vc_column][vc_gmaps link=&#8221;#E-8_JTNDaWZyYW1lJTIwc3JjJTNEJTIyaHR0cHMlM0ElMkYlMkZ3d3cuZ29vZ2xlLmNvbSUyRm1hcHMlMkZlbWJlZCUzRnBiJTNEJTIxMW0xNCUyMTFtOCUyMTFtMyUyMTFkMjMzODE3LjA1ODE5NTcwNDgzJTIxMmQtMTYuMDc3MTc0NzA0ODIwNTIlMjEzZDIzLjY5NzcwODE5OTk5OTk4JTIxM20yJTIxMWkxMDI0JTIxMmk3NjglMjE0ZjEzLjElMjEzbTMlMjExbTIlMjExczB4MCUyNTNBMHhlOGM1MTU4MDU4NTM3NGNhJTIxMnpNalBDc0RReEp6VXhMamNpVGlBeE5jS3dOVFluTVRNdU5pSlglMjE1ZTAlMjEzbTIlMjExc2VuJTIxMnNtYSUyMTR2MTYzOTk5NTQ0MDc0MSUyMTVtMiUyMTFzZW4lMjEyc21hJTIyJTIwd2lkdGglM0QlMjI2MDAlMjIlMjBoZWlnaHQlM0QlMjI0NTAlMjIlMjBzdHlsZSUzRCUyMmJvcmRlciUzQTAlM0IlMjIlMjBhbGxvd2Z1bGxzY3JlZW4lM0QlMjIlMjIlMjBsb2FkaW5nJTNEJTIybGF6eSUyMiUzRSUzQyUyRmlmcmFtZSUzRQ==&#8221; css=&#8221;.vc_custom_1639995528771{margin-bottom: 0px !important;}&#8221;][\/vc_column][\/vc_row]\" \/>\n<meta property=\"og:url\" content=\"https:\/\/kitesensation-dakhla.com\/fr\/contact\/\" \/>\n<meta property=\"og:site_name\" content=\"KiteSurf Dakhla\" \/>\n<meta property=\"article:modified_time\" content=\"2023-12-15T17:22:25+00:00\" \/>\n<meta property=\"og:image\" content=\"https:\/\/kitesensation-dakhla.com\/fr\/wp-content\/uploads\/2021\/12\/cropped-favIcon-1.png\" \/>\n\t<meta property=\"og:image:width\" content=\"512\" \/>\n\t<meta property=\"og:image:height\" content=\"512\" \/>\n\t<meta property=\"og:image:type\" content=\"image\/png\" \/>\n<meta name=\"twitter:card\" content=\"summary_large_image\" \/>\n<meta name=\"twitter:label1\" content=\"Dur\u00e9e de lecture estim\u00e9e\" \/>\n\t<meta name=\"twitter:data1\" content=\"1 minute\" \/>\n<!-- \/ Yoast SEO plugin. -->","yoast_head_json":{"title":"Contact - KiteSurf Dakhla","robots":{"index":"index","follow":"follow","max-snippet":"max-snippet:-1","max-image-preview":"max-image-preview:large","max-video-preview":"max-video-preview:-1"},"canonical":"https:\/\/kitesensation-dakhla.com\/fr\/contact\/","og_locale":"fr_FR","og_type":"article","og_title":"Contact - KiteSurf Dakhla","og_description":"[vc_row el_class=&#8221;margin-bottom&#8221;][vc_column offset=&#8221;vc_col-md-6&#8243;][vc_column_text]Si vous avez une histoire \u00e0 partager ou une question \u00e0 laquelle aucune r\u00e9ponse n&#8217;a \u00e9t\u00e9 trouv\u00e9e sur notre site Web, veuillez nous contacter via les coordonn\u00e9es indiqu\u00e9es ci-dessous ou remplir le formulaire \u00e0 droite.[\/vc_column_text][vc_empty_space height=&#8221;20px&#8221;][\/vc_column][vc_column offset=&#8221;vc_col-md-6&#8243;][vc_empty_space height=&#8221;40px&#8221; el_class=&#8221;visible-sm visible-xs&#8221;][\/vc_column][\/vc_row][vc_row full_width=&#8221;stretch_row_content_no_spaces&#8221; css=&#8221;.vc_custom_1639995551605{margin-bottom: -40px !important;}&#8221;][vc_column][vc_gmaps link=&#8221;#E-8_JTNDaWZyYW1lJTIwc3JjJTNEJTIyaHR0cHMlM0ElMkYlMkZ3d3cuZ29vZ2xlLmNvbSUyRm1hcHMlMkZlbWJlZCUzRnBiJTNEJTIxMW0xNCUyMTFtOCUyMTFtMyUyMTFkMjMzODE3LjA1ODE5NTcwNDgzJTIxMmQtMTYuMDc3MTc0NzA0ODIwNTIlMjEzZDIzLjY5NzcwODE5OTk5OTk4JTIxM20yJTIxMWkxMDI0JTIxMmk3NjglMjE0ZjEzLjElMjEzbTMlMjExbTIlMjExczB4MCUyNTNBMHhlOGM1MTU4MDU4NTM3NGNhJTIxMnpNalBDc0RReEp6VXhMamNpVGlBeE5jS3dOVFluTVRNdU5pSlglMjE1ZTAlMjEzbTIlMjExc2VuJTIxMnNtYSUyMTR2MTYzOTk5NTQ0MDc0MSUyMTVtMiUyMTFzZW4lMjEyc21hJTIyJTIwd2lkdGglM0QlMjI2MDAlMjIlMjBoZWlnaHQlM0QlMjI0NTAlMjIlMjBzdHlsZSUzRCUyMmJvcmRlciUzQTAlM0IlMjIlMjBhbGxvd2Z1bGxzY3JlZW4lM0QlMjIlMjIlMjBsb2FkaW5nJTNEJTIybGF6eSUyMiUzRSUzQyUyRmlmcmFtZSUzRQ==&#8221; css=&#8221;.vc_custom_1639995528771{margin-bottom: 0px !important;}&#8221;][\/vc_column][\/vc_row]","og_url":"https:\/\/kitesensation-dakhla.com\/fr\/contact\/","og_site_name":"KiteSurf Dakhla","article_modified_time":"2023-12-15T17:22:25+00:00","og_image":[{"width":512,"height":512,"url":"https:\/\/kitesensation-dakhla.com\/fr\/wp-content\/uploads\/2021\/12\/cropped-favIcon-1.png","type":"image\/png"}],"twitter_card":"summary_large_image","twitter_misc":{"Dur\u00e9e de lecture estim\u00e9e":"1 minute"},"schema":{"@context":"https:\/\/schema.org","@graph":[{"@type":"WebPage","@id":"https:\/\/kitesensation-dakhla.com\/fr\/contact\/","url":"https:\/\/kitesensation-dakhla.com\/fr\/contact\/","name":"Contact - KiteSurf Dakhla","isPartOf":{"@id":"https:\/\/kitesensation-dakhla.com\/fr\/#website"},"datePublished":"2015-07-16T16:00:39+00:00","dateModified":"2023-12-15T17:22:25+00:00","breadcrumb":{"@id":"https:\/\/kitesensation-dakhla.com\/fr\/contact\/#breadcrumb"},"inLanguage":"fr-FR","potentialAction":[{"@type":"ReadAction","target":["https:\/\/kitesensation-dakhla.com\/fr\/contact\/"]}]},{"@type":"BreadcrumbList","@id":"https:\/\/kitesensation-dakhla.com\/fr\/contact\/#breadcrumb","itemListElement":[{"@type":"ListItem","position":1,"name":"Accueil","item":"https:\/\/kitesensation-dakhla.com\/fr\/"},{"@type":"ListItem","position":2,"name":"Contact"}]},{"@type":"WebSite","@id":"https:\/\/kitesensation-dakhla.com\/fr\/#website","url":"https:\/\/kitesensation-dakhla.com\/fr\/","name":"KiteSurf Dakhla","description":"Kitesurf et surf \u00e0 Dakhla Maroc","publisher":{"@id":"https:\/\/kitesensation-dakhla.com\/fr\/#organization"},"potentialAction":[{"@type":"SearchAction","target":{"@type":"EntryPoint","urlTemplate":"https:\/\/kitesensation-dakhla.com\/fr\/?s={search_term_string}"},"query-input":"required name=search_term_string"}],"inLanguage":"fr-FR"},{"@type":"Organization","@id":"https:\/\/kitesensation-dakhla.com\/fr\/#organization","name":"Kitesensation Dakhla","url":"https:\/\/kitesensation-dakhla.com\/fr\/","logo":{"@type":"ImageObject","inLanguage":"fr-FR","@id":"https:\/\/kitesensation-dakhla.com\/fr\/#\/schema\/logo\/image\/","url":"https:\/\/kitesensation-dakhla.com\/fr\/wp-content\/uploads\/2021\/12\/cropped-favIcon-1.png","contentUrl":"https:\/\/kitesensation-dakhla.com\/fr\/wp-content\/uploads\/2021\/12\/cropped-favIcon-1.png","width":512,"height":512,"caption":"Kitesensation Dakhla"},"image":{"@id":"https:\/\/kitesensation-dakhla.com\/fr\/#\/schema\/logo\/image\/"}}]}},"_links":{"self":[{"href":"https:\/\/kitesensation-dakhla.com\/fr\/wp-json\/wp\/v2\/pages\/252"}],"collection":[{"href":"https:\/\/kitesensation-dakhla.com\/fr\/wp-json\/wp\/v2\/pages"}],"about":[{"href":"https:\/\/kitesensation-dakhla.com\/fr\/wp-json\/wp\/v2\/types\/page"}],"author":[{"embeddable":true,"href":"https:\/\/kitesensation-dakhla.com\/fr\/wp-json\/wp\/v2\/users\/1"}],"replies":[{"embeddable":true,"href":"https:\/\/kitesensation-dakhla.com\/fr\/wp-json\/wp\/v2\/comments?post=252"}],"version-history":[{"count":14,"href":"https:\/\/kitesensation-dakhla.com\/fr\/wp-json\/wp\/v2\/pages\/252\/revisions"}],"predecessor-version":[{"id":2055,"href":"https:\/\/kitesensation-dakhla.com\/fr\/wp-json\/wp\/v2\/pages\/252\/revisions\/2055"}],"wp:attachment":[{"href":"https:\/\/kitesensation-dakhla.com\/fr\/wp-json\/wp\/v2\/media?parent=252"}],"curies":[{"name":"wp","href":"https:\/\/api.w.org\/{rel}","templated":true}]}}