{"id":1248,"date":"2021-11-17T15:22:53","date_gmt":"2021-11-17T15:22:53","guid":{"rendered":"https:\/\/kitesensation-dakhla.com\/fr\/?post_type=product&#038;p=1248"},"modified":"2023-12-17T14:44:34","modified_gmt":"2023-12-17T14:44:34","slug":"cours-semi-prive-kitesurf-dakhla","status":"publish","type":"product","link":"https:\/\/kitesensation-dakhla.com\/fr\/tours\/cours-semi-prive-kitesurf-dakhla\/","title":{"rendered":"Cours Semi-Priv\u00e9 de Kitesurf \u00e0 Dakhla"},"content":{"rendered":"<p>[vc_row][vc_column][vc_column_text]B\u00e9n\u00e9ficiez des avantages d&#8217;un <a href=\"https:\/\/kitesensation-dakhla.com\/fr\/\">cours semi-priv\u00e9 de kitesurf<\/a>, o\u00f9 chaque cours accueille un maximum de trois \u00e9tudiants sous la direction d&#8217;un instructeur d\u00e9di\u00e9. Avec ce format, chaque \u00e9tudiant re\u00e7oit son propre ensemble d&#8217;\u00e9quipement d\u00e9di\u00e9, assurant des progr\u00e8s rapides et une s\u00e9curit\u00e9 optimale avec l&#8217;assistance de nos instructeurs certifi\u00e9s.<\/p>\n<p>Pour les d\u00e9butants absolus, nous recommandons vivement notre forfait de 12 heures, r\u00e9parti sur trois jours (sous r\u00e9serve de conditions de vent favorables pour les sessions pratiques du matin et de l&#8217;apr\u00e8s-midi).<\/p>\n<p><center><a class=\"whatsapp-button\" style=\"display: inline-block; padding: 10px 20px; text-decoration: none; background-color: #25d366; color: #ffffff; border-radius: 5px; transition: background-color 0.3s ease;\" href=\"https:\/\/wa.link\/dm5jtg\" target=\"_blank\" rel=\"noopener\">R\u00e9servez via WhatsApp<\/a><\/center>Nos prix sont indiqu\u00e9s par personne et comprennent les \u00e9l\u00e9ments suivants : des le\u00e7ons dispens\u00e9es par l&#8217;un de nos instructeurs certifi\u00e9s, la fourniture d&#8217;un ensemble complet d&#8217;\u00e9quipement de kitesurf, le transport depuis votre lieu de r\u00e9sidence vers des spots de kitesurf moins fr\u00e9quent\u00e9s, et le transport de retour vers votre logement apr\u00e8s la le\u00e7on. Les prix varient de 108,00 \u20ac \u00e0 495,00 \u20ac, en fonction du forfait choisi.<\/p>\n<p>Tout au long du cours, vous b\u00e9n\u00e9ficierez de l&#8217;expertise de nos instructeurs professionnels, qui vous guideront \u00e0 chaque \u00e9tape du processus d&#8217;apprentissage. De plus, l&#8217;analyse vid\u00e9o est incluse, permettant des retours d&#8217;information approfondis et des am\u00e9liorations. Nous fournissons tout <strong>l&#8217;\u00e9quipement de kitesurf<\/strong> n\u00e9cessaire, garantissant que vous avez tout ce dont vous avez besoin pour une exp\u00e9rience d&#8217;apprentissage r\u00e9ussie.<\/p>\n<p>Profitez de la commodit\u00e9 des services de transport, qui vous emm\u00e8neront depuis votre lieu de r\u00e9sidence vers des spots de kitesurf moins fr\u00e9quent\u00e9s \u00e0 Dakhla, assurant des conditions d&#8217;apprentissage optimales. Apr\u00e8s la le\u00e7on, nous assurerons le transport de retour vers votre logement, garantissant une exp\u00e9rience sans faille du d\u00e9but \u00e0 la fin.<\/p>\n<p>Choisissez notre option de cours semi-priv\u00e9 et profitez des avantages d&#8217;une instruction personnalis\u00e9e, d&#8217;un \u00e9quipement d\u00e9di\u00e9, de services de transport, d&#8217;instructeurs professionnels, d&#8217;une analyse vid\u00e9o et d&#8217;un \u00e9quipement de kitesurf inclus. Lib\u00e9rez votre potentiel de kitesurf et progressez rapidement sous la direction de notre \u00e9quipe exp\u00e9riment\u00e9e.<\/p>\n<p>Max. 2 personnes par instructeur et \u00e9quipement complet pour chaque \u00e9tudiant<\/p>\n<table class=\"table table-bordered tours-tabs__table\" style=\"height: 233px;\" width=\"862\">\n<tbody>\n<tr>\n<td><strong>\u00a0LOCATION<\/strong><\/td>\n<td>Dakhla<\/td>\n<\/tr>\n<tr>\n<td><strong>HEURE DE D\u00c9BUT DE LA LE\u00c7ON<\/strong><\/td>\n<td>Nous vous confirmerons la veille de votre cours.<\/td>\n<\/tr>\n<tr>\n<td><strong>INCLUS<\/strong><\/td>\n<td>\n<table style=\"border-collapse: collapse; width: 100%;\">\n<tbody>\n<tr>\n<td style=\"width: 50%;\"><\/td>\n<\/tr>\n<\/tbody>\n<\/table>\n<\/td>\n<\/tr>\n<\/tbody>\n<\/table>\n<p>[\/vc_column_text][\/vc_column][\/vc_row]<i class=\"fa fa-check icon-tick icon-tick--on\"><\/i>[vc_row][vc_column][vc_column_text]Instructeur professionnel[\/vc_column_text][\/vc_column][\/vc_row]<i class=\"fa fa-check icon-tick icon-tick--on\"><\/i>[vc_row][vc_column][vc_column_text]Video<\/p>\n<p>[\/vc_column_text][\/vc_column][\/vc_row]<i class=\"fa fa-check icon-tick icon-tick--on\"><\/i>[vc_row][vc_column][vc_column_text]Tous les \u00e9quipements de KiteSurf<\/p>\n<p><span style=\"color: #575757;\"><span style=\"font-family: NanumMyeongjo;\"><span style=\"font-size: x-large;\"><b><em><span style=\"font-size: large;\">Liste de prix :<\/span><\/em><\/b><\/span><\/span><\/span><\/p>\n\n<table id=\"tablepress-1\" class=\"tablepress tablepress-id-1\">\n<thead>\n<tr class=\"row-1\">\n\t<th class=\"column-1\">Nombre d'heures<\/th><th class=\"column-2\">Prix en EURO<\/th><th class=\"column-3\">Prix en MAD<\/th>\n<\/tr>\n<\/thead>\n<tbody class=\"row-hover\">\n<tr class=\"row-2\">\n\t<td class=\"column-1\">2<\/td><td class=\"column-2\">100<\/td><td class=\"column-3\">1100<\/td>\n<\/tr>\n<tr class=\"row-3\">\n\t<td class=\"column-1\">4<\/td><td class=\"column-2\">180<\/td><td class=\"column-3\">1980<\/td>\n<\/tr>\n<tr class=\"row-4\">\n\t<td class=\"column-1\">6<\/td><td class=\"column-2\">270<\/td><td class=\"column-3\">2970<\/td>\n<\/tr>\n<tr class=\"row-5\">\n\t<td class=\"column-1\">8<\/td><td class=\"column-2\">360<\/td><td class=\"column-3\">3960<\/td>\n<\/tr>\n<tr class=\"row-6\">\n\t<td class=\"column-1\">10<\/td><td class=\"column-2\">440<\/td><td class=\"column-3\">4840<\/td>\n<\/tr>\n<tr class=\"row-7\">\n\t<td class=\"column-1\">12<\/td><td class=\"column-2\">520<\/td><td class=\"column-3\">5720<\/td>\n<\/tr>\n<tr class=\"row-8\">\n\t<td class=\"column-1\">Heure suppl\u00e9mentaire<\/td><td class=\"column-2\">40<\/td><td class=\"column-3\">440<\/td>\n<\/tr>\n<\/tbody>\n<\/table>\n<!-- #tablepress-1 from cache -->\n<p>*Tous les prix sont en <strong>EURO<\/strong> (\u20ac) et DIRHAM par <strong>personne<\/strong>.<br \/>\n*Aucun frais ou co\u00fbt cach\u00e9.[\/vc_column_text][\/vc_column][\/vc_row]<\/p>\n<p>&nbsp;<\/p>\n","protected":false},"excerpt":{"rendered":"<p>[vc_row][vc_column][vc_column_text]B\u00e9n\u00e9ficiez des avantages d&#8217;un cours semi-priv\u00e9 de kitesurf, o\u00f9 chaque cours accueille un maximum de trois \u00e9tudiants sous la direction d&#8217;un instructeur d\u00e9di\u00e9. Avec ce format, chaque \u00e9tudiant re\u00e7oit son propre ensemble d&#8217;\u00e9quipement d\u00e9di\u00e9, assurant des progr\u00e8s rapides et une s\u00e9curit\u00e9 optimale avec l&#8217;assistance de nos instructeurs certifi\u00e9s. Pour les d\u00e9butants absolus, nous recommandons vivement<\/p>\n<div class=\"padding-top text-center\"><a href=\"https:\/\/kitesensation-dakhla.com\/fr\/tours\/cours-semi-prive-kitesurf-dakhla\/\" class=\"atbtn atbtn--medium atbtn--rounded atbtn--transparent\">Read more<i class=\"atbtn__icon atbtn__icon--right fa fa-long-arrow-right\"><\/i><\/a><\/div>\n","protected":false},"featured_media":1843,"template":"","meta":[],"product_cat":[60],"product_tag":[],"yoast_head":"<!-- This site is optimized with the Yoast SEO plugin v21.1 - https:\/\/yoast.com\/wordpress\/plugins\/seo\/ -->\n<title>Cours Semi-Priv\u00e9 de Kitesurf \u00e0 Dakhla<\/title>\n<meta name=\"description\" content=\"Partagez l&#039;exp\u00e9rience avec nos cours semi-priv\u00e9s de kitesurf \u00e0 Dakhla. Apprenez avec un ami ou en petit groupe tout en b\u00e9n\u00e9ficiant de l&#039;attention personnelle de nos instructeurs certifi\u00e9s.\" \/>\n<meta name=\"robots\" content=\"index, follow, max-snippet:-1, max-image-preview:large, max-video-preview:-1\" \/>\n<link rel=\"canonical\" href=\"https:\/\/kitesensation-dakhla.com\/fr\/tours\/cours-semi-prive-kitesurf-dakhla\/\" \/>\n<meta property=\"og:locale\" content=\"fr_FR\" \/>\n<meta property=\"og:type\" content=\"article\" \/>\n<meta property=\"og:title\" content=\"Cours Semi-Priv\u00e9 de Kitesurf \u00e0 Dakhla\" \/>\n<meta property=\"og:description\" content=\"Partagez l&#039;exp\u00e9rience avec nos cours semi-priv\u00e9s de kitesurf \u00e0 Dakhla. Apprenez avec un ami ou en petit groupe tout en b\u00e9n\u00e9ficiant de l&#039;attention personnelle de nos instructeurs certifi\u00e9s.\" \/>\n<meta property=\"og:url\" content=\"https:\/\/kitesensation-dakhla.com\/fr\/tours\/cours-semi-prive-kitesurf-dakhla\/\" \/>\n<meta property=\"og:site_name\" content=\"KiteSurf Dakhla\" \/>\n<meta property=\"article:modified_time\" content=\"2023-12-17T14:44:34+00:00\" \/>\n<meta property=\"og:image\" content=\"https:\/\/kitesensation-dakhla.com\/fr\/wp-content\/uploads\/2021\/11\/Dakhla-Kitesurf-Semi-private-.webp\" \/>\n\t<meta property=\"og:image:width\" content=\"600\" \/>\n\t<meta property=\"og:image:height\" content=\"400\" \/>\n\t<meta property=\"og:image:type\" content=\"image\/webp\" \/>\n<meta name=\"twitter:card\" content=\"summary_large_image\" \/>\n<meta name=\"twitter:label1\" content=\"Dur\u00e9e de lecture estim\u00e9e\" \/>\n\t<meta name=\"twitter:data1\" content=\"2 minutes\" \/>\n<!-- \/ Yoast SEO plugin. -->","yoast_head_json":{"title":"Cours Semi-Priv\u00e9 de Kitesurf \u00e0 Dakhla","description":"Partagez l'exp\u00e9rience avec nos cours semi-priv\u00e9s de kitesurf \u00e0 Dakhla. Apprenez avec un ami ou en petit groupe tout en b\u00e9n\u00e9ficiant de l'attention personnelle de nos instructeurs certifi\u00e9s.","robots":{"index":"index","follow":"follow","max-snippet":"max-snippet:-1","max-image-preview":"max-image-preview:large","max-video-preview":"max-video-preview:-1"},"canonical":"https:\/\/kitesensation-dakhla.com\/fr\/tours\/cours-semi-prive-kitesurf-dakhla\/","og_locale":"fr_FR","og_type":"article","og_title":"Cours Semi-Priv\u00e9 de Kitesurf \u00e0 Dakhla","og_description":"Partagez l'exp\u00e9rience avec nos cours semi-priv\u00e9s de kitesurf \u00e0 Dakhla. Apprenez avec un ami ou en petit groupe tout en b\u00e9n\u00e9ficiant de l'attention personnelle de nos instructeurs certifi\u00e9s.","og_url":"https:\/\/kitesensation-dakhla.com\/fr\/tours\/cours-semi-prive-kitesurf-dakhla\/","og_site_name":"KiteSurf Dakhla","article_modified_time":"2023-12-17T14:44:34+00:00","og_image":[{"width":600,"height":400,"url":"https:\/\/kitesensation-dakhla.com\/fr\/wp-content\/uploads\/2021\/11\/Dakhla-Kitesurf-Semi-private-.webp","type":"image\/webp"}],"twitter_card":"summary_large_image","twitter_misc":{"Dur\u00e9e de lecture estim\u00e9e":"2 minutes"},"schema":{"@context":"https:\/\/schema.org","@graph":[{"@type":"WebPage","@id":"https:\/\/kitesensation-dakhla.com\/fr\/tours\/cours-semi-prive-kitesurf-dakhla\/","url":"https:\/\/kitesensation-dakhla.com\/fr\/tours\/cours-semi-prive-kitesurf-dakhla\/","name":"Cours Semi-Priv\u00e9 de Kitesurf \u00e0 Dakhla","isPartOf":{"@id":"https:\/\/kitesensation-dakhla.com\/fr\/#website"},"datePublished":"2021-11-17T15:22:53+00:00","dateModified":"2023-12-17T14:44:34+00:00","description":"Partagez l'exp\u00e9rience avec nos cours semi-priv\u00e9s de kitesurf \u00e0 Dakhla. Apprenez avec un ami ou en petit groupe tout en b\u00e9n\u00e9ficiant de l'attention personnelle de nos instructeurs certifi\u00e9s.","breadcrumb":{"@id":"https:\/\/kitesensation-dakhla.com\/fr\/tours\/cours-semi-prive-kitesurf-dakhla\/#breadcrumb"},"inLanguage":"fr-FR","potentialAction":[{"@type":"ReadAction","target":["https:\/\/kitesensation-dakhla.com\/fr\/tours\/cours-semi-prive-kitesurf-dakhla\/"]}]},{"@type":"BreadcrumbList","@id":"https:\/\/kitesensation-dakhla.com\/fr\/tours\/cours-semi-prive-kitesurf-dakhla\/#breadcrumb","itemListElement":[{"@type":"ListItem","position":1,"name":"Accueil","item":"https:\/\/kitesensation-dakhla.com\/fr\/"},{"@type":"ListItem","position":2,"name":"Products","item":"https:\/\/kitesensation-dakhla.com\/fr\/shop\/"},{"@type":"ListItem","position":3,"name":"Cours Semi-Priv\u00e9 de Kitesurf \u00e0 Dakhla"}]},{"@type":"WebSite","@id":"https:\/\/kitesensation-dakhla.com\/fr\/#website","url":"https:\/\/kitesensation-dakhla.com\/fr\/","name":"KiteSurf Dakhla","description":"Kitesurf et surf \u00e0 Dakhla Maroc","publisher":{"@id":"https:\/\/kitesensation-dakhla.com\/fr\/#organization"},"potentialAction":[{"@type":"SearchAction","target":{"@type":"EntryPoint","urlTemplate":"https:\/\/kitesensation-dakhla.com\/fr\/?s={search_term_string}"},"query-input":"required name=search_term_string"}],"inLanguage":"fr-FR"},{"@type":"Organization","@id":"https:\/\/kitesensation-dakhla.com\/fr\/#organization","name":"Kitesensation Dakhla","url":"https:\/\/kitesensation-dakhla.com\/fr\/","logo":{"@type":"ImageObject","inLanguage":"fr-FR","@id":"https:\/\/kitesensation-dakhla.com\/fr\/#\/schema\/logo\/image\/","url":"https:\/\/kitesensation-dakhla.com\/fr\/wp-content\/uploads\/2021\/12\/cropped-favIcon-1.png","contentUrl":"https:\/\/kitesensation-dakhla.com\/fr\/wp-content\/uploads\/2021\/12\/cropped-favIcon-1.png","width":512,"height":512,"caption":"Kitesensation Dakhla"},"image":{"@id":"https:\/\/kitesensation-dakhla.com\/fr\/#\/schema\/logo\/image\/"}}]}},"_links":{"self":[{"href":"https:\/\/kitesensation-dakhla.com\/fr\/wp-json\/wp\/v2\/product\/1248"}],"collection":[{"href":"https:\/\/kitesensation-dakhla.com\/fr\/wp-json\/wp\/v2\/product"}],"about":[{"href":"https:\/\/kitesensation-dakhla.com\/fr\/wp-json\/wp\/v2\/types\/product"}],"wp:featuredmedia":[{"embeddable":true,"href":"https:\/\/kitesensation-dakhla.com\/fr\/wp-json\/wp\/v2\/media\/1843"}],"wp:attachment":[{"href":"https:\/\/kitesensation-dakhla.com\/fr\/wp-json\/wp\/v2\/media?parent=1248"}],"wp:term":[{"taxonomy":"product_cat","embeddable":true,"href":"https:\/\/kitesensation-dakhla.com\/fr\/wp-json\/wp\/v2\/product_cat?post=1248"},{"taxonomy":"product_tag","embeddable":true,"href":"https:\/\/kitesensation-dakhla.com\/fr\/wp-json\/wp\/v2\/product_tag?post=1248"}],"curies":[{"name":"wp","href":"https:\/\/api.w.org\/{rel}","templated":true}]}}