{"id":1253,"date":"2021-11-17T16:22:10","date_gmt":"2021-11-17T16:22:10","guid":{"rendered":"https:\/\/kitesensation-dakhla.com\/fr\/?post_type=product&#038;p=1253"},"modified":"2023-12-17T14:44:49","modified_gmt":"2023-12-17T14:44:49","slug":"cours-de-kitesurf-groupe-dakhla","status":"publish","type":"product","link":"https:\/\/kitesensation-dakhla.com\/fr\/tours\/cours-de-kitesurf-groupe-dakhla\/","title":{"rendered":"Cours de Kitesurf en Groupe \u00e0 Dakhla"},"content":{"rendered":"<p>[vc_row][vc_column][vc_column_text]Nos cours de <a href=\"https:\/\/kitesensation-dakhla.com\/fr\/\">kitesurf \u00e0 Dakhla<\/a> ont un maximum de 4 personnes par instructeur, garantissant une attention personnalis\u00e9e et une exp\u00e9rience d&#8217;apprentissage optimale. Pendant le cours, les participants partageront l&#8217;\u00e9quipement de kitesurf fourni.<\/p>\n<p>L&#8217;heure de d\u00e9but de votre le\u00e7on sera confirm\u00e9e avec vous la veille, permettant une flexibilit\u00e9 et des ajustements en fonction des conditions m\u00e9t\u00e9orologiques et d&#8217;autres facteurs. Nous nous effor\u00e7ons de fournir la meilleure exp\u00e9rience d&#8217;apprentissage possible.<\/p>\n<p><center><a class=\"whatsapp-button\" style=\"display: inline-block; padding: 10px 20px; text-decoration: none; background-color: #25d366; color: #ffffff; border-radius: 5px; transition: background-color 0.3s ease;\" href=\"https:\/\/wa.link\/dm5jtg\" target=\"_blank\" rel=\"noopener\">R\u00e9servez via WhatsApp<\/a><\/center>&nbsp;<\/p>\n<p>Soyez assur\u00e9 que nos cours sont dispens\u00e9s par des instructeurs professionnels ayant une connaissance approfondie et une exp\u00e9rience en kitesurf. Ils vous guideront \u00e0 chaque \u00e9tape du processus d&#8217;apprentissage, veillant \u00e0 ce que vous acqu\u00e9riez les comp\u00e9tences et les techniques n\u00e9cessaires pour exceller dans ce sport.<\/p>\n<p>Dans le cadre de notre engagement \u00e0 am\u00e9liorer votre parcours d&#8217;apprentissage, l&#8217;analyse vid\u00e9o est incluse dans les cours. Cet outil pr\u00e9cieux permet une r\u00e9troaction approfondie et une auto-analyse, vous aidant \u00e0 identifier les domaines \u00e0 am\u00e9liorer et \u00e0 affiner votre technique de kitesurf.<\/p>\n<p>Tout l&#8217;\u00e9quipement de kitesurf n\u00e9cessaire est fourni dans le cadre du cours. Vous pouvez profiter de la commodit\u00e9 d&#8217;avoir tout ce dont vous avez besoin, y compris les ailes, les planches, les harnais et l&#8217;\u00e9quipement de s\u00e9curit\u00e9, pr\u00eat pour vos le\u00e7ons.<\/p>\n<p>Choisissez nos <a href=\"https:\/\/kitesensation-dakhla.com\/fr\/\">cours de kitesurf<\/a> pour une exp\u00e9rience compl\u00e8te. B\u00e9n\u00e9ficiez de l&#8217;expertise de nos instructeurs professionnels, de l&#8217;analyse vid\u00e9o pour des retours d&#8217;information et des am\u00e9liorations, et de l&#8217;inclusion de tout l&#8217;\u00e9quipement de kitesurf n\u00e9cessaire. Rejoignez-nous et lancez-vous dans une excitante aventure d&#8217;apprentissage et de progression dans le monde exaltant du kitesurf. Maximum 4 personnes par instructeur et partage d&#8217;\u00e9quipement.<\/p>\n<table class=\"table table-bordered tours-tabs__table\" style=\"height: 233px;\" width=\"862\">\n<tbody>\n<tr>\n<td><strong>\u00a0LOCATION<\/strong><\/td>\n<td>Dakhla<\/td>\n<\/tr>\n<tr>\n<td><strong>HEURE DE D\u00c9BUT DE LA LE\u00c7ON<\/strong><\/td>\n<td>Nous vous confirmerons la veille de votre cours.<\/td>\n<\/tr>\n<tr>\n<td><strong>INCLUS<\/strong><\/td>\n<td>\n<table style=\"border-collapse: collapse; width: 100%;\">\n<tbody>\n<tr>\n<td style=\"width: 50%;\"><\/td>\n<\/tr>\n<\/tbody>\n<\/table>\n<\/td>\n<\/tr>\n<\/tbody>\n<\/table>\n<p>[\/vc_column_text][\/vc_column][\/vc_row]<i class=\"fa fa-check icon-tick icon-tick--on\"><\/i>[vc_row][vc_column][vc_column_text]Instructeur professionnel.[\/vc_column_text][\/vc_column][\/vc_row]<i class=\"fa fa-check icon-tick icon-tick--on\"><\/i>[vc_row][vc_column][vc_column_text]Video.<\/p>\n<p>[\/vc_column_text][\/vc_column][\/vc_row]<i class=\"fa fa-check icon-tick icon-tick--on\"><\/i>[vc_row][vc_column][vc_column_text]Tous les \u00e9quipements de KiteSurf[\/vc_column_text][\/vc_column][\/vc_row]<\/p>\n<p>&nbsp;<\/p>\n","protected":false},"excerpt":{"rendered":"<p>[vc_row][vc_column][vc_column_text]Nos cours de kitesurf \u00e0 Dakhla ont un maximum de 4 personnes par instructeur, garantissant une attention personnalis\u00e9e et une exp\u00e9rience d&#8217;apprentissage optimale. Pendant le cours, les participants partageront l&#8217;\u00e9quipement de kitesurf fourni. L&#8217;heure de d\u00e9but de votre le\u00e7on sera confirm\u00e9e avec vous la veille, permettant une flexibilit\u00e9 et des ajustements en fonction des conditions<\/p>\n<div class=\"padding-top text-center\"><a href=\"https:\/\/kitesensation-dakhla.com\/fr\/tours\/cours-de-kitesurf-groupe-dakhla\/\" class=\"atbtn atbtn--medium atbtn--rounded atbtn--transparent\">Read more<i class=\"atbtn__icon atbtn__icon--right fa fa-long-arrow-right\"><\/i><\/a><\/div>\n","protected":false},"featured_media":1842,"template":"","meta":[],"product_cat":[60],"product_tag":[],"yoast_head":"<!-- This site is optimized with the Yoast SEO plugin v21.1 - https:\/\/yoast.com\/wordpress\/plugins\/seo\/ -->\n<title>Cours de Kitesurf en Groupe \u00e0 Dakhla<\/title>\n<meta name=\"description\" content=\"Plongez dans l&#039;aventure du kitesurf avec nos cours en groupe \u00e0 Dakhla. Apprenez aux c\u00f4t\u00e9s d&#039;autres passionn\u00e9s de kitesurf, partagez l&#039;excitation et progressez dans une atmosph\u00e8re amusante et stimulante.\" \/>\n<meta name=\"robots\" content=\"index, follow, max-snippet:-1, max-image-preview:large, max-video-preview:-1\" \/>\n<link rel=\"canonical\" href=\"https:\/\/kitesensation-dakhla.com\/fr\/tours\/cours-de-kitesurf-groupe-dakhla\/\" \/>\n<meta property=\"og:locale\" content=\"fr_FR\" \/>\n<meta property=\"og:type\" content=\"article\" \/>\n<meta property=\"og:title\" content=\"Cours de Kitesurf en Groupe \u00e0 Dakhla\" \/>\n<meta property=\"og:description\" content=\"Plongez dans l&#039;aventure du kitesurf avec nos cours en groupe \u00e0 Dakhla. Apprenez aux c\u00f4t\u00e9s d&#039;autres passionn\u00e9s de kitesurf, partagez l&#039;excitation et progressez dans une atmosph\u00e8re amusante et stimulante.\" \/>\n<meta property=\"og:url\" content=\"https:\/\/kitesensation-dakhla.com\/fr\/tours\/cours-de-kitesurf-groupe-dakhla\/\" \/>\n<meta property=\"og:site_name\" content=\"KiteSurf Dakhla\" \/>\n<meta property=\"article:modified_time\" content=\"2023-12-17T14:44:49+00:00\" \/>\n<meta property=\"og:image\" content=\"https:\/\/kitesensation-dakhla.com\/fr\/wp-content\/uploads\/2021\/11\/Dakhla-Kitesurf-.webp\" \/>\n\t<meta property=\"og:image:width\" content=\"600\" \/>\n\t<meta property=\"og:image:height\" content=\"400\" \/>\n\t<meta property=\"og:image:type\" content=\"image\/webp\" \/>\n<meta name=\"twitter:card\" content=\"summary_large_image\" \/>\n<meta name=\"twitter:label1\" content=\"Dur\u00e9e de lecture estim\u00e9e\" \/>\n\t<meta name=\"twitter:data1\" content=\"2 minutes\" \/>\n<!-- \/ Yoast SEO plugin. -->","yoast_head_json":{"title":"Cours de Kitesurf en Groupe \u00e0 Dakhla","description":"Plongez dans l'aventure du kitesurf avec nos cours en groupe \u00e0 Dakhla. Apprenez aux c\u00f4t\u00e9s d'autres passionn\u00e9s de kitesurf, partagez l'excitation et progressez dans une atmosph\u00e8re amusante et stimulante.","robots":{"index":"index","follow":"follow","max-snippet":"max-snippet:-1","max-image-preview":"max-image-preview:large","max-video-preview":"max-video-preview:-1"},"canonical":"https:\/\/kitesensation-dakhla.com\/fr\/tours\/cours-de-kitesurf-groupe-dakhla\/","og_locale":"fr_FR","og_type":"article","og_title":"Cours de Kitesurf en Groupe \u00e0 Dakhla","og_description":"Plongez dans l'aventure du kitesurf avec nos cours en groupe \u00e0 Dakhla. Apprenez aux c\u00f4t\u00e9s d'autres passionn\u00e9s de kitesurf, partagez l'excitation et progressez dans une atmosph\u00e8re amusante et stimulante.","og_url":"https:\/\/kitesensation-dakhla.com\/fr\/tours\/cours-de-kitesurf-groupe-dakhla\/","og_site_name":"KiteSurf Dakhla","article_modified_time":"2023-12-17T14:44:49+00:00","og_image":[{"width":600,"height":400,"url":"https:\/\/kitesensation-dakhla.com\/fr\/wp-content\/uploads\/2021\/11\/Dakhla-Kitesurf-.webp","type":"image\/webp"}],"twitter_card":"summary_large_image","twitter_misc":{"Dur\u00e9e de lecture estim\u00e9e":"2 minutes"},"schema":{"@context":"https:\/\/schema.org","@graph":[{"@type":"WebPage","@id":"https:\/\/kitesensation-dakhla.com\/fr\/tours\/cours-de-kitesurf-groupe-dakhla\/","url":"https:\/\/kitesensation-dakhla.com\/fr\/tours\/cours-de-kitesurf-groupe-dakhla\/","name":"Cours de Kitesurf en Groupe \u00e0 Dakhla","isPartOf":{"@id":"https:\/\/kitesensation-dakhla.com\/fr\/#website"},"datePublished":"2021-11-17T16:22:10+00:00","dateModified":"2023-12-17T14:44:49+00:00","description":"Plongez dans l'aventure du kitesurf avec nos cours en groupe \u00e0 Dakhla. Apprenez aux c\u00f4t\u00e9s d'autres passionn\u00e9s de kitesurf, partagez l'excitation et progressez dans une atmosph\u00e8re amusante et stimulante.","breadcrumb":{"@id":"https:\/\/kitesensation-dakhla.com\/fr\/tours\/cours-de-kitesurf-groupe-dakhla\/#breadcrumb"},"inLanguage":"fr-FR","potentialAction":[{"@type":"ReadAction","target":["https:\/\/kitesensation-dakhla.com\/fr\/tours\/cours-de-kitesurf-groupe-dakhla\/"]}]},{"@type":"BreadcrumbList","@id":"https:\/\/kitesensation-dakhla.com\/fr\/tours\/cours-de-kitesurf-groupe-dakhla\/#breadcrumb","itemListElement":[{"@type":"ListItem","position":1,"name":"Accueil","item":"https:\/\/kitesensation-dakhla.com\/fr\/"},{"@type":"ListItem","position":2,"name":"Products","item":"https:\/\/kitesensation-dakhla.com\/fr\/shop\/"},{"@type":"ListItem","position":3,"name":"Cours de Kitesurf en Groupe \u00e0 Dakhla"}]},{"@type":"WebSite","@id":"https:\/\/kitesensation-dakhla.com\/fr\/#website","url":"https:\/\/kitesensation-dakhla.com\/fr\/","name":"KiteSurf Dakhla","description":"Kitesurf et surf \u00e0 Dakhla Maroc","publisher":{"@id":"https:\/\/kitesensation-dakhla.com\/fr\/#organization"},"potentialAction":[{"@type":"SearchAction","target":{"@type":"EntryPoint","urlTemplate":"https:\/\/kitesensation-dakhla.com\/fr\/?s={search_term_string}"},"query-input":"required name=search_term_string"}],"inLanguage":"fr-FR"},{"@type":"Organization","@id":"https:\/\/kitesensation-dakhla.com\/fr\/#organization","name":"Kitesensation Dakhla","url":"https:\/\/kitesensation-dakhla.com\/fr\/","logo":{"@type":"ImageObject","inLanguage":"fr-FR","@id":"https:\/\/kitesensation-dakhla.com\/fr\/#\/schema\/logo\/image\/","url":"https:\/\/kitesensation-dakhla.com\/fr\/wp-content\/uploads\/2021\/12\/cropped-favIcon-1.png","contentUrl":"https:\/\/kitesensation-dakhla.com\/fr\/wp-content\/uploads\/2021\/12\/cropped-favIcon-1.png","width":512,"height":512,"caption":"Kitesensation Dakhla"},"image":{"@id":"https:\/\/kitesensation-dakhla.com\/fr\/#\/schema\/logo\/image\/"}}]}},"_links":{"self":[{"href":"https:\/\/kitesensation-dakhla.com\/fr\/wp-json\/wp\/v2\/product\/1253"}],"collection":[{"href":"https:\/\/kitesensation-dakhla.com\/fr\/wp-json\/wp\/v2\/product"}],"about":[{"href":"https:\/\/kitesensation-dakhla.com\/fr\/wp-json\/wp\/v2\/types\/product"}],"wp:featuredmedia":[{"embeddable":true,"href":"https:\/\/kitesensation-dakhla.com\/fr\/wp-json\/wp\/v2\/media\/1842"}],"wp:attachment":[{"href":"https:\/\/kitesensation-dakhla.com\/fr\/wp-json\/wp\/v2\/media?parent=1253"}],"wp:term":[{"taxonomy":"product_cat","embeddable":true,"href":"https:\/\/kitesensation-dakhla.com\/fr\/wp-json\/wp\/v2\/product_cat?post=1253"},{"taxonomy":"product_tag","embeddable":true,"href":"https:\/\/kitesensation-dakhla.com\/fr\/wp-json\/wp\/v2\/product_tag?post=1253"}],"curies":[{"name":"wp","href":"https:\/\/api.w.org\/{rel}","templated":true}]}}