{"id":1258,"date":"2021-11-17T17:03:32","date_gmt":"2021-11-17T17:03:32","guid":{"rendered":"https:\/\/kitesensation-dakhla.com\/fr\/?post_type=product&#038;p=1258"},"modified":"2023-12-17T14:43:21","modified_gmt":"2023-12-17T14:43:21","slug":"voyage-surf-dakhla","status":"publish","type":"product","link":"https:\/\/kitesensation-dakhla.com\/fr\/tours\/voyage-surf-dakhla\/","title":{"rendered":"Voyage de Surf \u00e0 Dakhla"},"content":{"rendered":"<p>[vc_row][vc_column][vc_column_text]Rejoignez-nous pour <a href=\"https:\/\/kitesensation-dakhla.com\/fr\/\">une excursion de surf<\/a> d&#8217;une demi-journ\u00e9e adapt\u00e9e aux d\u00e9butants comme aux surfeurs avanc\u00e9s. L&#8217;excursion comprend des instructions professionnelles, l&#8217;\u00e9quipement n\u00e9cessaire et le transport, le tout pour seulement 45\u20ac par personne.<\/p>\n<p>L&#8217;heure de d\u00e9but de la le\u00e7on sera confirm\u00e9e avec vous la veille, en veillant \u00e0 ce qu&#8217;elle soit conforme aux conditions optimales de surf. Nous nous effor\u00e7ons de fournir la meilleure exp\u00e9rience possible.<\/p>\n<p>Soyez assur\u00e9 que nos excursions sont dirig\u00e9es par des instructeurs professionnels poss\u00e9dant une connaissance approfondie et une exp\u00e9rience en surf. Ils vous guideront et vous soutiendront tout au long de la session, r\u00e9pondant aux besoins des d\u00e9butants et des surfeurs avanc\u00e9s.<\/p>\n<p>&nbsp;<\/p>\n<p><center><a class=\"whatsapp-button\" style=\"display: inline-block; padding: 10px 20px; text-decoration: none; background-color: #25d366; color: #ffffff; border-radius: 5px; transition: background-color 0.3s ease;\" href=\"https:\/\/wa.link\/dm5jtg\" target=\"_blank\" rel=\"noopener\">R\u00e9servez via WhatsApp<\/a><\/center>&nbsp;<\/p>\n<p>Dans le cadre de notre engagement \u00e0 am\u00e9liorer vos comp\u00e9tences en surf, nous proposons un enseignement vid\u00e9o technique. Cet outil pr\u00e9cieux permet une analyse d\u00e9taill\u00e9e et des retours personnalis\u00e9s, vous aidant \u00e0 affiner votre technique et \u00e0 am\u00e9liorer vos performances dans l&#8217;eau.<\/p>\n<p>Tout l&#8217;\u00e9quipement de surf n\u00e9cessaire est inclus dans l&#8217;excursion, vous assurant d&#8217;avoir tout ce dont vous avez besoin pour une exp\u00e9rience de surf agr\u00e9able et s\u00e9curis\u00e9e. Des planches de surf aux combinaisons, nous avons tout pr\u00e9vu.<\/p>\n<p>De plus, le transport jusqu&#8217;au lieu de surf est assur\u00e9, garantissant commodit\u00e9 et facilit\u00e9 d&#8217;acc\u00e8s. Nous voulons nous assurer que vous avez une exp\u00e9rience fluide et agr\u00e9able du d\u00e9but \u00e0 la fin.<\/p>\n<p>Choisissez notre <a href=\"https:\/\/kitesensation-dakhla.com\/fr\/\">excursion de surf<\/a> d&#8217;une demi-journ\u00e9e \u00e0 Dakhla pour une aventure passionnante. B\u00e9n\u00e9ficiez de l&#8217;expertise de nos instructeurs professionnels, de l&#8217;enseignement vid\u00e9o pour des retours personnalis\u00e9s, de l&#8217;\u00e9quipement de surf inclusif et d&#8217;un transport pratique. Rejoignez-nous et plongez-vous dans le monde exaltant du surf, sans frais ni co\u00fbts cach\u00e9s.<\/p>\n<table class=\"table table-bordered tours-tabs__table\" style=\"height: 233px;\" width=\"862\">\n<tbody>\n<tr>\n<td><strong>\u00a0LOCATION<\/strong><\/td>\n<td>Dakhla<\/td>\n<\/tr>\n<tr>\n<td>HEURE DE D\u00c9BUT DE LA LE\u00c7ON<\/td>\n<td>Nous vous confirmerons la veille de votre cours.<\/td>\n<\/tr>\n<tr>\n<td><strong>INCLUS<\/strong><\/td>\n<td>\n<table style=\"border-collapse: collapse; width: 100%;\">\n<tbody>\n<tr>\n<td style=\"width: 50%;\"><i class=\"fa fa-check icon-tick icon-tick--on\"><\/i>Instructeur professionnel<\/td>\n<td style=\"width: 50%;\"><i class=\"fa fa-check icon-tick icon-tick--on\"><\/i>Enseignement des techniques vid\u00e9o.<\/td>\n<\/tr>\n<tr>\n<td style=\"width: 50%;\"><i class=\"fa fa-check icon-tick icon-tick--on\"><\/i> \u00c9quipements de surf<\/td>\n<td style=\"width: 50%;\"><i class=\"fa fa-check icon-tick icon-tick--on\"><\/i> Transport.<\/td>\n<\/tr>\n<\/tbody>\n<\/table>\n<\/td>\n<\/tr>\n<\/tbody>\n<\/table>\n<p>*Aucun frais ou co\u00fbt cach\u00e9.[\/vc_column_text][\/vc_column][\/vc_row]<\/p>\n","protected":false},"excerpt":{"rendered":"<p>[vc_row][vc_column][vc_column_text]Rejoignez-nous pour une excursion de surf d&#8217;une demi-journ\u00e9e adapt\u00e9e aux d\u00e9butants comme aux surfeurs avanc\u00e9s. L&#8217;excursion comprend des instructions professionnelles, l&#8217;\u00e9quipement n\u00e9cessaire et le transport, le tout pour seulement 45\u20ac par personne. L&#8217;heure de d\u00e9but de la le\u00e7on sera confirm\u00e9e avec vous la veille, en veillant \u00e0 ce qu&#8217;elle soit conforme aux conditions optimales de<\/p>\n<div class=\"padding-top text-center\"><a href=\"https:\/\/kitesensation-dakhla.com\/fr\/tours\/voyage-surf-dakhla\/\" class=\"atbtn atbtn--medium atbtn--rounded atbtn--transparent\">Read more<i class=\"atbtn__icon atbtn__icon--right fa fa-long-arrow-right\"><\/i><\/a><\/div>\n","protected":false},"featured_media":1309,"template":"","meta":[],"product_cat":[68],"product_tag":[],"yoast_head":"<!-- This site is optimized with the Yoast SEO plugin v21.1 - https:\/\/yoast.com\/wordpress\/plugins\/seo\/ -->\n<title>Voyage de Surf \u00e0 Dakhla<\/title>\n<meta name=\"description\" content=\"Rejoignez-nous pour un voyage de surf d&#039;une demi-journ\u00e9e adapt\u00e9 aux surfeurs d\u00e9butants et avanc\u00e9s. Le voyage comprend une formation professionnelle\" \/>\n<meta name=\"robots\" content=\"index, follow, max-snippet:-1, max-image-preview:large, max-video-preview:-1\" \/>\n<link rel=\"canonical\" href=\"https:\/\/kitesensation-dakhla.com\/fr\/tours\/voyage-surf-dakhla\/\" \/>\n<meta property=\"og:locale\" content=\"fr_FR\" \/>\n<meta property=\"og:type\" content=\"article\" \/>\n<meta property=\"og:title\" content=\"Voyage de Surf \u00e0 Dakhla\" \/>\n<meta property=\"og:description\" content=\"Rejoignez-nous pour un voyage de surf d&#039;une demi-journ\u00e9e adapt\u00e9 aux surfeurs d\u00e9butants et avanc\u00e9s. Le voyage comprend une formation professionnelle\" \/>\n<meta property=\"og:url\" content=\"https:\/\/kitesensation-dakhla.com\/fr\/tours\/voyage-surf-dakhla\/\" \/>\n<meta property=\"og:site_name\" content=\"KiteSurf Dakhla\" \/>\n<meta property=\"article:modified_time\" content=\"2023-12-17T14:43:21+00:00\" \/>\n<meta property=\"og:image\" content=\"https:\/\/kitesensation-dakhla.com\/fr\/wp-content\/uploads\/2021\/11\/Dakhla-Surf-Kite-Sensation-2-.webp\" \/>\n\t<meta property=\"og:image:width\" content=\"720\" \/>\n\t<meta property=\"og:image:height\" content=\"540\" \/>\n\t<meta property=\"og:image:type\" content=\"image\/webp\" \/>\n<meta name=\"twitter:card\" content=\"summary_large_image\" \/>\n<meta name=\"twitter:label1\" content=\"Dur\u00e9e de lecture estim\u00e9e\" \/>\n\t<meta name=\"twitter:data1\" content=\"2 minutes\" \/>\n<!-- \/ Yoast SEO plugin. -->","yoast_head_json":{"title":"Voyage de Surf \u00e0 Dakhla","description":"Rejoignez-nous pour un voyage de surf d'une demi-journ\u00e9e adapt\u00e9 aux surfeurs d\u00e9butants et avanc\u00e9s. Le voyage comprend une formation professionnelle","robots":{"index":"index","follow":"follow","max-snippet":"max-snippet:-1","max-image-preview":"max-image-preview:large","max-video-preview":"max-video-preview:-1"},"canonical":"https:\/\/kitesensation-dakhla.com\/fr\/tours\/voyage-surf-dakhla\/","og_locale":"fr_FR","og_type":"article","og_title":"Voyage de Surf \u00e0 Dakhla","og_description":"Rejoignez-nous pour un voyage de surf d'une demi-journ\u00e9e adapt\u00e9 aux surfeurs d\u00e9butants et avanc\u00e9s. Le voyage comprend une formation professionnelle","og_url":"https:\/\/kitesensation-dakhla.com\/fr\/tours\/voyage-surf-dakhla\/","og_site_name":"KiteSurf Dakhla","article_modified_time":"2023-12-17T14:43:21+00:00","og_image":[{"width":720,"height":540,"url":"https:\/\/kitesensation-dakhla.com\/fr\/wp-content\/uploads\/2021\/11\/Dakhla-Surf-Kite-Sensation-2-.webp","type":"image\/webp"}],"twitter_card":"summary_large_image","twitter_misc":{"Dur\u00e9e de lecture estim\u00e9e":"2 minutes"},"schema":{"@context":"https:\/\/schema.org","@graph":[{"@type":"WebPage","@id":"https:\/\/kitesensation-dakhla.com\/fr\/tours\/voyage-surf-dakhla\/","url":"https:\/\/kitesensation-dakhla.com\/fr\/tours\/voyage-surf-dakhla\/","name":"Voyage de Surf \u00e0 Dakhla","isPartOf":{"@id":"https:\/\/kitesensation-dakhla.com\/fr\/#website"},"datePublished":"2021-11-17T17:03:32+00:00","dateModified":"2023-12-17T14:43:21+00:00","description":"Rejoignez-nous pour un voyage de surf d'une demi-journ\u00e9e adapt\u00e9 aux surfeurs d\u00e9butants et avanc\u00e9s. Le voyage comprend une formation professionnelle","breadcrumb":{"@id":"https:\/\/kitesensation-dakhla.com\/fr\/tours\/voyage-surf-dakhla\/#breadcrumb"},"inLanguage":"fr-FR","potentialAction":[{"@type":"ReadAction","target":["https:\/\/kitesensation-dakhla.com\/fr\/tours\/voyage-surf-dakhla\/"]}]},{"@type":"BreadcrumbList","@id":"https:\/\/kitesensation-dakhla.com\/fr\/tours\/voyage-surf-dakhla\/#breadcrumb","itemListElement":[{"@type":"ListItem","position":1,"name":"Accueil","item":"https:\/\/kitesensation-dakhla.com\/fr\/"},{"@type":"ListItem","position":2,"name":"Products","item":"https:\/\/kitesensation-dakhla.com\/fr\/shop\/"},{"@type":"ListItem","position":3,"name":"Voyage de Surf \u00e0 Dakhla"}]},{"@type":"WebSite","@id":"https:\/\/kitesensation-dakhla.com\/fr\/#website","url":"https:\/\/kitesensation-dakhla.com\/fr\/","name":"KiteSurf Dakhla","description":"Kitesurf et surf \u00e0 Dakhla Maroc","publisher":{"@id":"https:\/\/kitesensation-dakhla.com\/fr\/#organization"},"potentialAction":[{"@type":"SearchAction","target":{"@type":"EntryPoint","urlTemplate":"https:\/\/kitesensation-dakhla.com\/fr\/?s={search_term_string}"},"query-input":"required name=search_term_string"}],"inLanguage":"fr-FR"},{"@type":"Organization","@id":"https:\/\/kitesensation-dakhla.com\/fr\/#organization","name":"Kitesensation Dakhla","url":"https:\/\/kitesensation-dakhla.com\/fr\/","logo":{"@type":"ImageObject","inLanguage":"fr-FR","@id":"https:\/\/kitesensation-dakhla.com\/fr\/#\/schema\/logo\/image\/","url":"https:\/\/kitesensation-dakhla.com\/fr\/wp-content\/uploads\/2021\/12\/cropped-favIcon-1.png","contentUrl":"https:\/\/kitesensation-dakhla.com\/fr\/wp-content\/uploads\/2021\/12\/cropped-favIcon-1.png","width":512,"height":512,"caption":"Kitesensation Dakhla"},"image":{"@id":"https:\/\/kitesensation-dakhla.com\/fr\/#\/schema\/logo\/image\/"}}]}},"_links":{"self":[{"href":"https:\/\/kitesensation-dakhla.com\/fr\/wp-json\/wp\/v2\/product\/1258"}],"collection":[{"href":"https:\/\/kitesensation-dakhla.com\/fr\/wp-json\/wp\/v2\/product"}],"about":[{"href":"https:\/\/kitesensation-dakhla.com\/fr\/wp-json\/wp\/v2\/types\/product"}],"wp:featuredmedia":[{"embeddable":true,"href":"https:\/\/kitesensation-dakhla.com\/fr\/wp-json\/wp\/v2\/media\/1309"}],"wp:attachment":[{"href":"https:\/\/kitesensation-dakhla.com\/fr\/wp-json\/wp\/v2\/media?parent=1258"}],"wp:term":[{"taxonomy":"product_cat","embeddable":true,"href":"https:\/\/kitesensation-dakhla.com\/fr\/wp-json\/wp\/v2\/product_cat?post=1258"},{"taxonomy":"product_tag","embeddable":true,"href":"https:\/\/kitesensation-dakhla.com\/fr\/wp-json\/wp\/v2\/product_tag?post=1258"}],"curies":[{"name":"wp","href":"https:\/\/api.w.org\/{rel}","templated":true}]}}