{"id":1263,"date":"2021-11-17T17:38:52","date_gmt":"2021-11-17T17:38:52","guid":{"rendered":"https:\/\/kitesensation-dakhla.com\/fr\/?post_type=product&#038;p=1263"},"modified":"2023-12-17T12:23:25","modified_gmt":"2023-12-17T12:23:25","slug":"location-dequipement-kitesurf-dakhla","status":"publish","type":"product","link":"https:\/\/kitesensation-dakhla.com\/fr\/services\/location-dequipement-kitesurf-dakhla\/","title":{"rendered":"Location d&#8217;\u00e9quipement de kitesurf \u00e0 Dakhla"},"content":{"rendered":"<p style=\"text-align: left;\"><span style=\"font-family: Georgia, serif; font-size: 14pt; font-style: normal; font-variant-ligatures: normal; font-variant-caps: normal; font-weight: 400; color: #333333;\">If you took The Private KiteSurf Lessons it&#8217;s basically one student per instructor and very fast learning, the lessons are from 3 to 6 Hours per day during morning and afternoon session. <\/span><\/p>\n<p style=\"text-align: left;\"><span style=\"font-family: Georgia, serif; font-size: 14pt; font-style: normal; font-variant-ligatures: normal; font-variant-caps: normal; font-weight: 400; color: #333333;\">We also offer radio Walkie-talkie communication between you and your instructor, it make your progress easy and concise you chat from the water It amazing tool allowing you to get instant live feedback from your instructor.<\/span><\/p>\n<table class=\"table table-bordered tours-tabs__table\" style=\"height: 233px;\" width=\"862\">\n<tbody>\n<tr>\n<td><strong>\u00a0LOCATION<\/strong><\/td>\n<td>Dakhla<\/td>\n<\/tr>\n<tr>\n<td><strong>START TIME OF THE LESSON<\/strong><\/td>\n<td>We Will Confirm with you the day before your lesson.<\/td>\n<\/tr>\n<tr>\n<td><strong>INCLUDED<\/strong><\/td>\n<td>\n<table style=\"border-collapse: collapse; width: 100%;\">\n<tbody>\n<tr>\n<td style=\"width: 50%;\"><i class=\"fa fa-check icon-tick icon-tick--on\"><\/i>Professional\u00a0instructor<\/td>\n<td style=\"width: 50%;\"><i class=\"fa fa-check icon-tick icon-tick--on\"><\/i>Video<\/td>\n<\/tr>\n<tr>\n<td style=\"width: 50%;\"><i class=\"fa fa-check icon-tick icon-tick--on\"><\/i>All KiteSurf Equipments<\/td>\n<td style=\"width: 50%;\"><i class=\"fa fa-check icon-tick icon-tick--on\"><\/i>Talkie-Walkie<\/td>\n<\/tr>\n<\/tbody>\n<\/table>\n<\/td>\n<\/tr>\n<\/tbody>\n<\/table>\n<p><span style=\"color: #575757;\"><span style=\"font-family: NanumMyeongjo;\"><span style=\"font-size: x-large;\"><b><span style=\"font-size: large;\">Price List :<\/span><\/b><\/span><\/span><\/span><\/p>\n<table class=\"blueTable\">\n<thead>\n<tr>\n<th style=\"text-align: center;\"><span style=\"font-size: 12pt;\">Lesson Hours<\/span><\/th>\n<th style=\"text-align: center;\"><span style=\"font-size: 12pt;\">1D<\/span><\/th>\n<th style=\"text-align: center;\"><span style=\"font-size: 12pt;\">2D<\/span><\/th>\n<th style=\"text-align: center;\"><span style=\"font-size: 12pt;\">3D<\/span><\/th>\n<th style=\"text-align: center;\"><span style=\"font-size: 12pt;\">4D<\/span><\/th>\n<th style=\"text-align: center;\"><span style=\"font-size: 12pt;\">+1D<\/span><\/th>\n<\/tr>\n<\/thead>\n<tbody>\n<tr>\n<td style=\"text-align: center; height: 24px;\"><span style=\"font-size: 12pt;\"><strong>Whole Kite Equipment<\/strong><\/span><\/td>\n<td style=\"text-align: center; height: 24px;\"><span style=\"font-size: 12pt;\"><strong>79\u20ac<\/strong><\/span><\/td>\n<td style=\"text-align: center; height: 24px;\"><span style=\"font-size: 12pt;\"><strong>149\u20ac<\/strong><\/span><\/td>\n<td style=\"text-align: center; height: 24px;\"><span style=\"font-size: 12pt;\"><strong>219\u20ac<\/strong><\/span><\/td>\n<td style=\"text-align: center; height: 24px;\"><span style=\"font-size: 12pt;\"><strong>279\u20ac<\/strong><\/span><\/td>\n<td style=\"text-align: center; height: 24px;\"><span style=\"font-size: 12pt;\"><strong>\u20ac55\/d<\/strong><\/span><\/td>\n<\/tr>\n<tr>\n<td style=\"text-align: center;\"><span style=\"font-size: 12pt;\"><strong>Kite<\/strong><\/span><\/td>\n<td style=\"text-align: center;\"><span style=\"font-size: 12pt;\"><strong>69\u20ac<\/strong><\/span><\/td>\n<td style=\"text-align: center;\"><span style=\"font-size: 12pt;\"><strong>129\u20ac<\/strong><\/span><\/td>\n<td style=\"text-align: center;\"><span style=\"font-size: 12pt;\"><strong>189\u20ac<\/strong><\/span><\/td>\n<td style=\"text-align: center;\"><span style=\"font-size: 12pt;\"><strong>64\u20ac<\/strong><\/span><\/td>\n<td style=\"text-align: center;\"><span style=\"font-size: 12pt;\"><strong>\u20ac50\/d<\/strong><\/span><\/td>\n<\/tr>\n<tr>\n<td style=\"text-align: center;\"><span style=\"font-size: 12pt;\"><strong>Twin-Trip<\/strong><\/span><\/td>\n<td style=\"text-align: center;\"><span style=\"font-size: 12pt;\"><strong>19\u20ac<\/strong><\/span><\/td>\n<td style=\"text-align: center;\"><span style=\"font-size: 12pt;\"><strong>34\u20ac<\/strong><\/span><\/td>\n<td style=\"text-align: center;\"><span style=\"font-size: 12pt;\"><strong>49\u20ac<\/strong><\/span><\/td>\n<td style=\"text-align: center;\"><span style=\"font-size: 12pt;\"><strong>34\u20ac<\/strong><\/span><\/td>\n<td style=\"text-align: center;\"><span style=\"font-size: 12pt;\"><strong>\u20ac10\/d<\/strong><\/span><\/td>\n<\/tr>\n<tr>\n<td style=\"text-align: center;\"><span style=\"font-size: 12pt;\"><strong>Harness<\/strong><\/span><\/td>\n<td style=\"text-align: center;\"><span style=\"font-size: 12pt;\"><strong>10\u20ac<\/strong><\/span><\/td>\n<td style=\"text-align: center;\"><span style=\"font-size: 12pt;\"><strong>18\u20ac<\/strong><\/span><\/td>\n<td style=\"text-align: center;\"><span style=\"font-size: 12pt;\"><strong>26\u20ac<\/strong><\/span><\/td>\n<td style=\"text-align: center;\"><span style=\"font-size: 12pt;\"><strong>34\u20ac<\/strong><\/span><\/td>\n<td style=\"text-align: center;\"><span style=\"font-size: 12pt;\"><strong>\u20ac8\/d<\/strong><\/span><\/td>\n<\/tr>\n<tr>\n<td style=\"text-align: center;\"><span style=\"font-size: 12pt;\"><strong>WetSuit<\/strong><\/span><\/td>\n<td style=\"text-align: center;\"><span style=\"font-size: 12pt;\"><strong>10\u20ac<\/strong><\/span><\/td>\n<td style=\"text-align: center;\"><span style=\"font-size: 12pt;\"><strong>18\u20ac<\/strong><\/span><\/td>\n<td style=\"text-align: center;\"><span style=\"font-size: 12pt;\"><strong>26\u20ac<\/strong><\/span><\/td>\n<td style=\"text-align: center;\"><span style=\"font-size: 12pt;\"><strong>34\u20ac<\/strong><\/span><\/td>\n<td style=\"text-align: center;\"><span style=\"font-size: 12pt;\"><strong>\u20ac8\/d<\/strong><\/span><\/td>\n<\/tr>\n<tr>\n<td style=\"text-align: center;\"><span style=\"font-size: 12pt;\"><strong>Impact Vest<\/strong><\/span><\/td>\n<td style=\"text-align: center;\"><span style=\"font-size: 12pt;\"><strong>10\u20ac<\/strong><\/span><\/td>\n<td style=\"text-align: center;\"><span style=\"font-size: 12pt;\"><strong>18\u20ac<\/strong><\/span><\/td>\n<td style=\"text-align: center;\"><span style=\"font-size: 12pt;\"><strong>26\u20ac<\/strong><\/span><\/td>\n<td style=\"text-align: center;\"><span style=\"font-size: 12pt;\"><strong>34\u20ac<\/strong><\/span><\/td>\n<td style=\"text-align: center;\"><span style=\"font-size: 12pt;\"><strong>\u20ac8\/d<\/strong><\/span><\/td>\n<\/tr>\n<tr>\n<td style=\"text-align: center;\"><span style=\"font-size: 12pt;\"><strong>Soft Surf Board<\/strong><\/span><\/td>\n<td style=\"text-align: center;\"><span style=\"font-size: 12pt;\"><strong>25\u20ac<\/strong><\/span><\/td>\n<td style=\"text-align: center;\"><span style=\"font-size: 12pt;\"><strong>45\u20ac<\/strong><\/span><\/td>\n<td style=\"text-align: center;\"><span style=\"font-size: 12pt;\"><strong>65\u20ac<\/strong><\/span><\/td>\n<td style=\"text-align: center;\"><span style=\"font-size: 12pt;\"><strong>80\u20ac<\/strong><\/span><\/td>\n<td style=\"text-align: center;\"><span style=\"font-size: 12pt;\"><strong>\u20ac15\/d<\/strong><\/span><\/td>\n<\/tr>\n<tr>\n<td style=\"text-align: center;\"><span style=\"font-size: 12pt;\"><strong>Inflatable SUP Board<\/strong><\/span><\/td>\n<td style=\"text-align: center;\"><span style=\"font-size: 12pt;\"><strong>29\u20ac<\/strong><\/span><\/td>\n<td style=\"text-align: center;\"><span style=\"font-size: 12pt;\"><strong>49\u20ac<\/strong><\/span><\/td>\n<td style=\"text-align: center;\"><span style=\"font-size: 12pt;\"><strong>69\u20ac<\/strong><\/span><\/td>\n<td style=\"text-align: center;\"><span style=\"font-size: 12pt;\"><strong>89\u20ac<\/strong><\/span><\/td>\n<td style=\"text-align: center;\"><span style=\"font-size: 12pt;\"><strong>\u20ac20\/d<\/strong><\/span><\/td>\n<\/tr>\n<\/tbody>\n<\/table>\n<p><span style=\"color: #575757; font-size: 12pt;\"><span style=\"font-family: NanumMyeongjo;\">*All Prices are in <strong>EURO<\/strong> (\u20ac) per <strong>Person<\/strong>.<br \/>\n*No hidden fees or costs.<\/span><\/span><\/p>\n","protected":false},"excerpt":{"rendered":"<p>If you took The Private KiteSurf Lessons it&#8217;s basically one student per instructor and very fast learning, the lessons are from 3 to 6 Hours per day during morning and afternoon session. We also offer radio Walkie-talkie communication between you and your instructor, it make your progress easy and concise you chat from the water<\/p>\n<div class=\"padding-top text-center\"><a href=\"https:\/\/kitesensation-dakhla.com\/fr\/services\/location-dequipement-kitesurf-dakhla\/\" class=\"atbtn atbtn--medium atbtn--rounded atbtn--transparent\">Read more<i class=\"atbtn__icon atbtn__icon--right fa fa-long-arrow-right\"><\/i><\/a><\/div>\n","protected":false},"featured_media":1243,"template":"","meta":[],"product_cat":[60],"product_tag":[],"yoast_head":"<!-- This site is optimized with the Yoast SEO plugin v21.1 - https:\/\/yoast.com\/wordpress\/plugins\/seo\/ -->\n<title>Location d&#039;\u00c9quipement de Kitesurf \u00e0 Dakhla<\/title>\n<meta name=\"description\" content=\"Profitez de la libert\u00e9 de naviguer avec notre service de location d&#039;\u00e9quipement de kitesurf \u00e0 Dakhla. Des \u00e9quipements de qualit\u00e9 sont disponibles\" \/>\n<meta name=\"robots\" content=\"index, follow, max-snippet:-1, max-image-preview:large, max-video-preview:-1\" \/>\n<link rel=\"canonical\" href=\"https:\/\/kitesensation-dakhla.com\/fr\/services\/location-dequipement-kitesurf-dakhla\/\" \/>\n<meta property=\"og:locale\" content=\"fr_FR\" \/>\n<meta property=\"og:type\" content=\"article\" \/>\n<meta property=\"og:title\" content=\"Location d&#039;\u00c9quipement de Kitesurf \u00e0 Dakhla\" \/>\n<meta property=\"og:description\" content=\"Profitez de la libert\u00e9 de naviguer avec notre service de location d&#039;\u00e9quipement de kitesurf \u00e0 Dakhla. Des \u00e9quipements de qualit\u00e9 sont disponibles\" \/>\n<meta property=\"og:url\" content=\"https:\/\/kitesensation-dakhla.com\/fr\/services\/location-dequipement-kitesurf-dakhla\/\" \/>\n<meta property=\"og:site_name\" content=\"KiteSurf Dakhla\" \/>\n<meta property=\"article:modified_time\" content=\"2023-12-17T12:23:25+00:00\" \/>\n<meta property=\"og:image\" content=\"https:\/\/kitesensation-dakhla.com\/fr\/wp-content\/uploads\/2015\/07\/Prod-Kite-1.webp\" \/>\n\t<meta property=\"og:image:width\" content=\"1350\" \/>\n\t<meta property=\"og:image:height\" content=\"925\" \/>\n\t<meta property=\"og:image:type\" content=\"image\/webp\" \/>\n<meta name=\"twitter:card\" content=\"summary_large_image\" \/>\n<meta name=\"twitter:label1\" content=\"Dur\u00e9e de lecture estim\u00e9e\" \/>\n\t<meta name=\"twitter:data1\" content=\"1 minute\" \/>\n<!-- \/ Yoast SEO plugin. -->","yoast_head_json":{"title":"Location d'\u00c9quipement de Kitesurf \u00e0 Dakhla","description":"Profitez de la libert\u00e9 de naviguer avec notre service de location d'\u00e9quipement de kitesurf \u00e0 Dakhla. Des \u00e9quipements de qualit\u00e9 sont disponibles","robots":{"index":"index","follow":"follow","max-snippet":"max-snippet:-1","max-image-preview":"max-image-preview:large","max-video-preview":"max-video-preview:-1"},"canonical":"https:\/\/kitesensation-dakhla.com\/fr\/services\/location-dequipement-kitesurf-dakhla\/","og_locale":"fr_FR","og_type":"article","og_title":"Location d'\u00c9quipement de Kitesurf \u00e0 Dakhla","og_description":"Profitez de la libert\u00e9 de naviguer avec notre service de location d'\u00e9quipement de kitesurf \u00e0 Dakhla. Des \u00e9quipements de qualit\u00e9 sont disponibles","og_url":"https:\/\/kitesensation-dakhla.com\/fr\/services\/location-dequipement-kitesurf-dakhla\/","og_site_name":"KiteSurf Dakhla","article_modified_time":"2023-12-17T12:23:25+00:00","og_image":[{"width":1350,"height":925,"url":"https:\/\/kitesensation-dakhla.com\/fr\/wp-content\/uploads\/2015\/07\/Prod-Kite-1.webp","type":"image\/webp"}],"twitter_card":"summary_large_image","twitter_misc":{"Dur\u00e9e de lecture estim\u00e9e":"1 minute"},"schema":{"@context":"https:\/\/schema.org","@graph":[{"@type":"WebPage","@id":"https:\/\/kitesensation-dakhla.com\/fr\/services\/location-dequipement-kitesurf-dakhla\/","url":"https:\/\/kitesensation-dakhla.com\/fr\/services\/location-dequipement-kitesurf-dakhla\/","name":"Location d'\u00c9quipement de Kitesurf \u00e0 Dakhla","isPartOf":{"@id":"https:\/\/kitesensation-dakhla.com\/fr\/#website"},"datePublished":"2021-11-17T17:38:52+00:00","dateModified":"2023-12-17T12:23:25+00:00","description":"Profitez de la libert\u00e9 de naviguer avec notre service de location d'\u00e9quipement de kitesurf \u00e0 Dakhla. Des \u00e9quipements de qualit\u00e9 sont disponibles","breadcrumb":{"@id":"https:\/\/kitesensation-dakhla.com\/fr\/services\/location-dequipement-kitesurf-dakhla\/#breadcrumb"},"inLanguage":"fr-FR","potentialAction":[{"@type":"ReadAction","target":["https:\/\/kitesensation-dakhla.com\/fr\/services\/location-dequipement-kitesurf-dakhla\/"]}]},{"@type":"BreadcrumbList","@id":"https:\/\/kitesensation-dakhla.com\/fr\/services\/location-dequipement-kitesurf-dakhla\/#breadcrumb","itemListElement":[{"@type":"ListItem","position":1,"name":"Accueil","item":"https:\/\/kitesensation-dakhla.com\/fr\/"},{"@type":"ListItem","position":2,"name":"Products","item":"https:\/\/kitesensation-dakhla.com\/fr\/shop\/"},{"@type":"ListItem","position":3,"name":"Location d&#8217;\u00e9quipement de kitesurf \u00e0 Dakhla"}]},{"@type":"WebSite","@id":"https:\/\/kitesensation-dakhla.com\/fr\/#website","url":"https:\/\/kitesensation-dakhla.com\/fr\/","name":"KiteSurf Dakhla","description":"Kitesurf et surf \u00e0 Dakhla Maroc","publisher":{"@id":"https:\/\/kitesensation-dakhla.com\/fr\/#organization"},"potentialAction":[{"@type":"SearchAction","target":{"@type":"EntryPoint","urlTemplate":"https:\/\/kitesensation-dakhla.com\/fr\/?s={search_term_string}"},"query-input":"required name=search_term_string"}],"inLanguage":"fr-FR"},{"@type":"Organization","@id":"https:\/\/kitesensation-dakhla.com\/fr\/#organization","name":"Kitesensation Dakhla","url":"https:\/\/kitesensation-dakhla.com\/fr\/","logo":{"@type":"ImageObject","inLanguage":"fr-FR","@id":"https:\/\/kitesensation-dakhla.com\/fr\/#\/schema\/logo\/image\/","url":"https:\/\/kitesensation-dakhla.com\/fr\/wp-content\/uploads\/2021\/12\/cropped-favIcon-1.png","contentUrl":"https:\/\/kitesensation-dakhla.com\/fr\/wp-content\/uploads\/2021\/12\/cropped-favIcon-1.png","width":512,"height":512,"caption":"Kitesensation Dakhla"},"image":{"@id":"https:\/\/kitesensation-dakhla.com\/fr\/#\/schema\/logo\/image\/"}}]}},"_links":{"self":[{"href":"https:\/\/kitesensation-dakhla.com\/fr\/wp-json\/wp\/v2\/product\/1263"}],"collection":[{"href":"https:\/\/kitesensation-dakhla.com\/fr\/wp-json\/wp\/v2\/product"}],"about":[{"href":"https:\/\/kitesensation-dakhla.com\/fr\/wp-json\/wp\/v2\/types\/product"}],"wp:featuredmedia":[{"embeddable":true,"href":"https:\/\/kitesensation-dakhla.com\/fr\/wp-json\/wp\/v2\/media\/1243"}],"wp:attachment":[{"href":"https:\/\/kitesensation-dakhla.com\/fr\/wp-json\/wp\/v2\/media?parent=1263"}],"wp:term":[{"taxonomy":"product_cat","embeddable":true,"href":"https:\/\/kitesensation-dakhla.com\/fr\/wp-json\/wp\/v2\/product_cat?post=1263"},{"taxonomy":"product_tag","embeddable":true,"href":"https:\/\/kitesensation-dakhla.com\/fr\/wp-json\/wp\/v2\/product_tag?post=1263"}],"curies":[{"name":"wp","href":"https:\/\/api.w.org\/{rel}","templated":true}]}}