{"id":1269,"date":"2021-11-17T21:06:53","date_gmt":"2021-11-17T21:06:53","guid":{"rendered":"https:\/\/kitesensation-dakhla.com\/fr\/?post_type=product&#038;p=1269"},"modified":"2023-12-17T12:23:40","modified_gmt":"2023-12-17T12:23:40","slug":"voyages-kitesurf-dakhla","status":"publish","type":"product","link":"https:\/\/kitesensation-dakhla.com\/fr\/tours\/voyages-kitesurf-dakhla\/","title":{"rendered":"Voyages de Kitesurf \u00e0 Dakhla"},"content":{"rendered":"<p>[vc_row][vc_column][vc_column_text]Vivez l&#8217;excitation du kitesurf dans diff\u00e9rents spots avec nos passionnants voyages kitesurf \u00e0 Dakhla. Ces voyages sont con\u00e7us pour am\u00e9liorer votre exp\u00e9rience de vacances et vous permettre d&#8217;explorer diff\u00e9rents spots de kitesurf dans la r\u00e9gion.<\/p>\n<p><strong>Rejoignez-nous aux spots suivants :<\/strong><\/p>\n<p><strong>Speed spot :<\/strong> Ce spot convient aussi bien aux d\u00e9butants qu&#8217;aux kitesurfeurs avanc\u00e9s. Que vous commenciez tout juste ou que vous cherchiez \u00e0 vous mettre au d\u00e9fi, le Speed spot offre quelque chose pour tout le monde.<\/p>\n<p><b>\u00a0<\/b><\/p>\n<p><center><a class=\"whatsapp-button\" style=\"display: inline-block; padding: 10px 20px; text-decoration: none; background-color: #25d366; color: #ffffff; border-radius: 5px; transition: background-color 0.3s ease;\" href=\"https:\/\/wa.link\/dm5jtg\" target=\"_blank\" rel=\"noopener\">R\u00e9servez via WhatsApp<\/a><\/center>&nbsp;<\/p>\n<p><strong>Dune Blanche :<\/strong> Parfait pour les d\u00e9butants et les kitesurfeurs avanc\u00e9s, le spot de la Dune Blanche offre un cadre fantastique pour profiter du sport et am\u00e9liorer vos comp\u00e9tences.<\/p>\n<p><strong>Spot Secret :<\/strong> Pour les kitesurfeurs interm\u00e9diaires \u00e0 avanc\u00e9s, le Spot Secret offre une exp\u00e9rience plus exaltante. Explorez ce joyau cach\u00e9 et faites passer votre kitesurf \u00e0 un niveau sup\u00e9rieur.<\/p>\n<p>L&#8217;heure de d\u00e9but de chaque le\u00e7on sera confirm\u00e9e avec vous la veille, garantissant des conditions de vent et de m\u00e9t\u00e9o optimales pour une session de kitesurf inoubliable.<\/p>\n<p>Nos Kite Trips comprennent une surveillance tout au long de votre exp\u00e9rience, garantissant votre s\u00e9curit\u00e9 et fournissant des conseils au besoin. De plus, nous proposons des services de prise en charge et de d\u00e9pose depuis votre h\u00f4tel ou appartement, assurant ainsi praticit\u00e9 et facilit\u00e9 de transport.<\/p>\n<p>Les prix de nos Kite Trips varient de 30,00 \u20ac \u00e0 60,00 \u20ac, en fonction du voyage sp\u00e9cifique et de la destination choisie. Nous visons \u00e0 vous offrir une exp\u00e9rience exceptionnelle \u00e0 un prix abordable.<\/p>\n<p>Choisissez nos voyages kitesurf \u00e0 Dakhla pour ajouter de l&#8217;excitation et de la vari\u00e9t\u00e9 \u00e0 vos vacances de kitesurf. Explorez diff\u00e9rents spots, profitez de la surveillance et des conseils, et b\u00e9n\u00e9ficiez de nos services de transport pratiques. Plongez-vous dans la beaut\u00e9 de la sc\u00e8ne du <a href=\"https:\/\/kitesensation-dakhla.com\/fr\/\">kitesurf \u00e0 Dakhla<\/a> et cr\u00e9ez des souvenirs qui dureront toute une vie.<\/p>\n<table class=\"table table-bordered tours-tabs__table\" style=\"height: 233px;\" width=\"862\">\n<tbody>\n<tr>\n<td><strong>\u00a0LOCATION<\/strong><\/td>\n<td>Dakhla<\/td>\n<\/tr>\n<tr>\n<td><strong>HEURE DE D\u00c9BUT DE LA LE\u00c7ON<\/strong><\/td>\n<td>Nous vous confirmerons la veille de votre cours.<\/td>\n<\/tr>\n<tr>\n<td><strong>INCLUS<\/strong><\/td>\n<td>\n<table style=\"border-collapse: collapse; width: 100%;\">\n<tbody>\n<tr>\n<td style=\"width: 50%;\"><i class=\"fa fa-check icon-tick icon-tick--on\"><\/i>Supervision<\/td>\n<td style=\"width: 50%;\"><i class=\"fa fa-check icon-tick icon-tick--on\"><\/i>*D\u00e9posez-vous \u00e0 votre h\u00f4tel\/appartement&#8230;<\/td>\n<\/tr>\n<tr>\n<td style=\"width: 50%;\"><i class=\"fa fa-check icon-tick icon-tick--on\"><\/i>Prise en charge depuis votre h\u00f4tel\/appartement&#8230;<\/td>\n<td style=\"width: 50%;\"><\/td>\n<\/tr>\n<\/tbody>\n<\/table>\n<\/td>\n<\/tr>\n<\/tbody>\n<\/table>\n<p><span style=\"color: #575757;\"><span style=\"font-family: NanumMyeongjo;\"><span style=\"font-size: x-large;\"><b><em><span style=\"font-size: large;\">Liste de prix :<\/span><\/em><\/b><\/span><\/span><\/span><\/p>\n<table class=\"blueTable\" style=\"width: 48.2564%; height: 112px;\">\n<thead>\n<tr style=\"height: 28px;\">\n<th style=\"text-align: center; height: 28px; width: 64.411%;\"><span style=\"font-size: 14pt;\">Spot<\/span><\/th>\n<th style=\"text-align: center; height: 28px; width: 33.584%;\"><span style=\"font-size: 14pt;\">Prix<\/span><\/th>\n<\/tr>\n<\/thead>\n<tbody>\n<tr style=\"height: 28px;\">\n<td style=\"text-align: center; height: 28px; width: 64.411%;\"><strong>Speed spot <\/strong><\/td>\n<td style=\"text-align: center; height: 28px; width: 33.584%;\"><span style=\"font-size: 14pt;\"><strong>30\u20ac<\/strong><\/span><\/td>\n<\/tr>\n<tr style=\"height: 28px;\">\n<td style=\"text-align: center; height: 28px; width: 64.411%;\"><strong>Dune Blanche <\/strong><\/td>\n<td style=\"text-align: center; height: 28px; width: 33.584%;\"><span style=\"font-size: 14pt;\"><strong>40\u20ac<\/strong><\/span><\/td>\n<\/tr>\n<tr style=\"height: 28px;\">\n<td style=\"text-align: center; height: 28px; width: 64.411%;\"><strong>Spot Secret<\/strong><\/td>\n<td style=\"text-align: center; height: 28px; width: 33.584%;\"><span style=\"font-size: 14pt;\"><strong>60\u20ac<\/strong><\/span><\/td>\n<\/tr>\n<\/tbody>\n<\/table>\n<p>*Tous les prix sont en <strong>EURO<\/strong> (\u20ac) par <strong>personne<\/strong>.<br \/>\n*Aucun frais ou co\u00fbt cach\u00e9.[\/vc_column_text][\/vc_column][\/vc_row]<\/p>\n","protected":false},"excerpt":{"rendered":"<p>[vc_row][vc_column][vc_column_text]Vivez l&#8217;excitation du kitesurf dans diff\u00e9rents spots avec nos passionnants voyages kitesurf \u00e0 Dakhla. Ces voyages sont con\u00e7us pour am\u00e9liorer votre exp\u00e9rience de vacances et vous permettre d&#8217;explorer diff\u00e9rents spots de kitesurf dans la r\u00e9gion. Rejoignez-nous aux spots suivants : Speed spot : Ce spot convient aussi bien aux d\u00e9butants qu&#8217;aux kitesurfeurs avanc\u00e9s. Que vous<\/p>\n<div class=\"padding-top text-center\"><a href=\"https:\/\/kitesensation-dakhla.com\/fr\/tours\/voyages-kitesurf-dakhla\/\" class=\"atbtn atbtn--medium atbtn--rounded atbtn--transparent\">Read more<i class=\"atbtn__icon atbtn__icon--right fa fa-long-arrow-right\"><\/i><\/a><\/div>\n","protected":false},"featured_media":1243,"template":"","meta":[],"product_cat":[60],"product_tag":[],"yoast_head":"<!-- This site is optimized with the Yoast SEO plugin v21.1 - https:\/\/yoast.com\/wordpress\/plugins\/seo\/ -->\n<title>Voyages de Kitesurf \u00e0 Dakhla<\/title>\n<meta name=\"description\" content=\"Embarquez pour une aventure inoubliable avec nos voyages de kitesurf \u00e0 Dakhla. Explorez les diff\u00e9rents spots de kitesurf de la r\u00e9gion\" \/>\n<meta name=\"robots\" content=\"index, follow, max-snippet:-1, max-image-preview:large, max-video-preview:-1\" \/>\n<link rel=\"canonical\" href=\"https:\/\/kitesensation-dakhla.com\/fr\/tours\/voyages-kitesurf-dakhla\/\" \/>\n<meta property=\"og:locale\" content=\"fr_FR\" \/>\n<meta property=\"og:type\" content=\"article\" \/>\n<meta property=\"og:title\" content=\"Voyages de Kitesurf \u00e0 Dakhla\" \/>\n<meta property=\"og:description\" content=\"Embarquez pour une aventure inoubliable avec nos voyages de kitesurf \u00e0 Dakhla. Explorez les diff\u00e9rents spots de kitesurf de la r\u00e9gion\" \/>\n<meta property=\"og:url\" content=\"https:\/\/kitesensation-dakhla.com\/fr\/tours\/voyages-kitesurf-dakhla\/\" \/>\n<meta property=\"og:site_name\" content=\"KiteSurf Dakhla\" \/>\n<meta property=\"article:modified_time\" content=\"2023-12-17T12:23:40+00:00\" \/>\n<meta property=\"og:image\" content=\"https:\/\/kitesensation-dakhla.com\/fr\/wp-content\/uploads\/2015\/07\/Prod-Kite-1.webp\" \/>\n\t<meta property=\"og:image:width\" content=\"1350\" \/>\n\t<meta property=\"og:image:height\" content=\"925\" \/>\n\t<meta property=\"og:image:type\" content=\"image\/webp\" \/>\n<meta name=\"twitter:card\" content=\"summary_large_image\" \/>\n<meta name=\"twitter:label1\" content=\"Dur\u00e9e de lecture estim\u00e9e\" \/>\n\t<meta name=\"twitter:data1\" content=\"2 minutes\" \/>\n<!-- \/ Yoast SEO plugin. -->","yoast_head_json":{"title":"Voyages de Kitesurf \u00e0 Dakhla","description":"Embarquez pour une aventure inoubliable avec nos voyages de kitesurf \u00e0 Dakhla. Explorez les diff\u00e9rents spots de kitesurf de la r\u00e9gion","robots":{"index":"index","follow":"follow","max-snippet":"max-snippet:-1","max-image-preview":"max-image-preview:large","max-video-preview":"max-video-preview:-1"},"canonical":"https:\/\/kitesensation-dakhla.com\/fr\/tours\/voyages-kitesurf-dakhla\/","og_locale":"fr_FR","og_type":"article","og_title":"Voyages de Kitesurf \u00e0 Dakhla","og_description":"Embarquez pour une aventure inoubliable avec nos voyages de kitesurf \u00e0 Dakhla. Explorez les diff\u00e9rents spots de kitesurf de la r\u00e9gion","og_url":"https:\/\/kitesensation-dakhla.com\/fr\/tours\/voyages-kitesurf-dakhla\/","og_site_name":"KiteSurf Dakhla","article_modified_time":"2023-12-17T12:23:40+00:00","og_image":[{"width":1350,"height":925,"url":"https:\/\/kitesensation-dakhla.com\/fr\/wp-content\/uploads\/2015\/07\/Prod-Kite-1.webp","type":"image\/webp"}],"twitter_card":"summary_large_image","twitter_misc":{"Dur\u00e9e de lecture estim\u00e9e":"2 minutes"},"schema":{"@context":"https:\/\/schema.org","@graph":[{"@type":"WebPage","@id":"https:\/\/kitesensation-dakhla.com\/fr\/tours\/voyages-kitesurf-dakhla\/","url":"https:\/\/kitesensation-dakhla.com\/fr\/tours\/voyages-kitesurf-dakhla\/","name":"Voyages de Kitesurf \u00e0 Dakhla","isPartOf":{"@id":"https:\/\/kitesensation-dakhla.com\/fr\/#website"},"datePublished":"2021-11-17T21:06:53+00:00","dateModified":"2023-12-17T12:23:40+00:00","description":"Embarquez pour une aventure inoubliable avec nos voyages de kitesurf \u00e0 Dakhla. Explorez les diff\u00e9rents spots de kitesurf de la r\u00e9gion","breadcrumb":{"@id":"https:\/\/kitesensation-dakhla.com\/fr\/tours\/voyages-kitesurf-dakhla\/#breadcrumb"},"inLanguage":"fr-FR","potentialAction":[{"@type":"ReadAction","target":["https:\/\/kitesensation-dakhla.com\/fr\/tours\/voyages-kitesurf-dakhla\/"]}]},{"@type":"BreadcrumbList","@id":"https:\/\/kitesensation-dakhla.com\/fr\/tours\/voyages-kitesurf-dakhla\/#breadcrumb","itemListElement":[{"@type":"ListItem","position":1,"name":"Accueil","item":"https:\/\/kitesensation-dakhla.com\/fr\/"},{"@type":"ListItem","position":2,"name":"Products","item":"https:\/\/kitesensation-dakhla.com\/fr\/shop\/"},{"@type":"ListItem","position":3,"name":"Voyages de Kitesurf \u00e0 Dakhla"}]},{"@type":"WebSite","@id":"https:\/\/kitesensation-dakhla.com\/fr\/#website","url":"https:\/\/kitesensation-dakhla.com\/fr\/","name":"KiteSurf Dakhla","description":"Kitesurf et surf \u00e0 Dakhla Maroc","publisher":{"@id":"https:\/\/kitesensation-dakhla.com\/fr\/#organization"},"potentialAction":[{"@type":"SearchAction","target":{"@type":"EntryPoint","urlTemplate":"https:\/\/kitesensation-dakhla.com\/fr\/?s={search_term_string}"},"query-input":"required name=search_term_string"}],"inLanguage":"fr-FR"},{"@type":"Organization","@id":"https:\/\/kitesensation-dakhla.com\/fr\/#organization","name":"Kitesensation Dakhla","url":"https:\/\/kitesensation-dakhla.com\/fr\/","logo":{"@type":"ImageObject","inLanguage":"fr-FR","@id":"https:\/\/kitesensation-dakhla.com\/fr\/#\/schema\/logo\/image\/","url":"https:\/\/kitesensation-dakhla.com\/fr\/wp-content\/uploads\/2021\/12\/cropped-favIcon-1.png","contentUrl":"https:\/\/kitesensation-dakhla.com\/fr\/wp-content\/uploads\/2021\/12\/cropped-favIcon-1.png","width":512,"height":512,"caption":"Kitesensation Dakhla"},"image":{"@id":"https:\/\/kitesensation-dakhla.com\/fr\/#\/schema\/logo\/image\/"}}]}},"_links":{"self":[{"href":"https:\/\/kitesensation-dakhla.com\/fr\/wp-json\/wp\/v2\/product\/1269"}],"collection":[{"href":"https:\/\/kitesensation-dakhla.com\/fr\/wp-json\/wp\/v2\/product"}],"about":[{"href":"https:\/\/kitesensation-dakhla.com\/fr\/wp-json\/wp\/v2\/types\/product"}],"wp:featuredmedia":[{"embeddable":true,"href":"https:\/\/kitesensation-dakhla.com\/fr\/wp-json\/wp\/v2\/media\/1243"}],"wp:attachment":[{"href":"https:\/\/kitesensation-dakhla.com\/fr\/wp-json\/wp\/v2\/media?parent=1269"}],"wp:term":[{"taxonomy":"product_cat","embeddable":true,"href":"https:\/\/kitesensation-dakhla.com\/fr\/wp-json\/wp\/v2\/product_cat?post=1269"},{"taxonomy":"product_tag","embeddable":true,"href":"https:\/\/kitesensation-dakhla.com\/fr\/wp-json\/wp\/v2\/product_tag?post=1269"}],"curies":[{"name":"wp","href":"https:\/\/api.w.org\/{rel}","templated":true}]}}