{"id":1294,"date":"2021-11-19T16:41:48","date_gmt":"2021-11-19T16:41:48","guid":{"rendered":"https:\/\/kitesensation-dakhla.com\/fr\/?post_type=product&#038;p=1294"},"modified":"2023-12-17T12:28:44","modified_gmt":"2023-12-17T12:28:44","slug":"supervision-kitesurf-dakhla","status":"publish","type":"product","link":"https:\/\/kitesensation-dakhla.com\/fr\/tours\/supervision-kitesurf-dakhla\/","title":{"rendered":"Supervision de Kitesurf \u00e0 Dakhla"},"content":{"rendered":"<p>[vc_row][vc_column][vc_column_text]Take your kitesurfing skills to the next level with our KiteSurf Supervision service in Dakhla, available at just \u20ac25.00 per person.<\/p>\n<p>After completing your <a href=\"https:\/\/kitesensation-dakhla.com\/fr\/\">kitesurfing course in Dakhla<\/a> and gaining the necessary skills, our supervision option allows you to continue practicing while ensuring your safety. Our experienced instructors will keep a watchful eye on you from the beach during your session, providing guidance and assistance as needed. This supervision is essential to help you progress and master the technique of riding upwind.<\/p>\n<p>The start time of your supervised session will be confirmed with you the day before, ensuring that it aligns with favorable wind and weather conditions. Rest assured that you will be accompanied by a professional instructor who will provide valuable insights and support throughout your session.<\/p>\n<p>With our KiteSurf Supervision service, there are no hidden fees or costs. We believe in transparency and providing you with a straightforward pricing structure.<\/p>\n<p>Embrace the opportunity to enhance your kitesurfing skills with our affordable and <strong>professional KiteSurf<\/strong> Supervision service. Ride with confidence, knowing that our experienced instructors are there to assist you and ensure your safety.<\/p>\n<table class=\"table table-bordered tours-tabs__table\" style=\"height: 233px;\" width=\"862\">\n<tbody>\n<tr>\n<td><strong>\u00a0LOCATION<\/strong><\/td>\n<td>Dakhla<\/td>\n<\/tr>\n<tr>\n<td><strong>START TIME OF THE LESSON<\/strong><\/td>\n<td>We Will Confirm with you the day before your lesson.<\/td>\n<\/tr>\n<tr>\n<td><strong>INCLUDED<\/strong><\/td>\n<td>\n<table style=\"border-collapse: collapse; width: 100%;\">\n<tbody>\n<tr>\n<td style=\"width: 50%;\"><i class=\"fa fa-check icon-tick icon-tick--on\"><\/i>Professional\u00a0instructor<\/td>\n<td style=\"width: 50%;\"><i class=\"fa fa-check icon-tick icon-tick--on\"><\/i>***<\/td>\n<\/tr>\n<tr>\n<td style=\"width: 50%;\"><i class=\"fa fa-check icon-tick icon-tick--on\"><\/i>***<\/td>\n<td style=\"width: 50%;\"><i class=\"fa fa-check icon-tick icon-tick--on\"><\/i>***<\/td>\n<\/tr>\n<\/tbody>\n<\/table>\n<\/td>\n<\/tr>\n<\/tbody>\n<\/table>\n<p><span style=\"color: #575757;\"><span style=\"font-family: NanumMyeongjo;\"><span style=\"font-size: x-large;\"><em><span style=\"font-size: large;\">*No hidden fees or costs.<\/span><\/em><\/span><\/span><\/span>[\/vc_column_text][\/vc_column][\/vc_row]<\/p>\n","protected":false},"excerpt":{"rendered":"<p>[vc_row][vc_column][vc_column_text]Take your kitesurfing skills to the next level with our KiteSurf Supervision service in Dakhla, available at just \u20ac25.00 per person. After completing your kitesurfing course in Dakhla and gaining the necessary skills, our supervision option allows you to continue practicing while ensuring your safety. Our experienced instructors will keep a watchful eye on you<\/p>\n<div class=\"padding-top text-center\"><a href=\"https:\/\/kitesensation-dakhla.com\/fr\/tours\/supervision-kitesurf-dakhla\/\" class=\"atbtn atbtn--medium atbtn--rounded atbtn--transparent\">Read more<i class=\"atbtn__icon atbtn__icon--right fa fa-long-arrow-right\"><\/i><\/a><\/div>\n","protected":false},"featured_media":1312,"template":"","meta":[],"product_cat":[68],"product_tag":[],"yoast_head":"<!-- This site is optimized with the Yoast SEO plugin v21.1 - https:\/\/yoast.com\/wordpress\/plugins\/seo\/ -->\n<title>Supervision de Kitesurf \u00e0 Dakhla<\/title>\n<meta name=\"description\" content=\"B\u00e9n\u00e9ficiez d&#039;une supervision experte avec nos services de supervision de kitesurf \u00e0 Dakhla. Que vous soyez d\u00e9butant ou exp\u00e9riment\u00e9\" \/>\n<meta name=\"robots\" content=\"index, follow, max-snippet:-1, max-image-preview:large, max-video-preview:-1\" \/>\n<link rel=\"canonical\" href=\"https:\/\/kitesensation-dakhla.com\/fr\/tours\/supervision-kitesurf-dakhla\/\" \/>\n<meta property=\"og:locale\" content=\"fr_FR\" \/>\n<meta property=\"og:type\" content=\"article\" \/>\n<meta property=\"og:title\" content=\"Supervision de Kitesurf \u00e0 Dakhla\" \/>\n<meta property=\"og:description\" content=\"B\u00e9n\u00e9ficiez d&#039;une supervision experte avec nos services de supervision de kitesurf \u00e0 Dakhla. Que vous soyez d\u00e9butant ou exp\u00e9riment\u00e9\" \/>\n<meta property=\"og:url\" content=\"https:\/\/kitesensation-dakhla.com\/fr\/tours\/supervision-kitesurf-dakhla\/\" \/>\n<meta property=\"og:site_name\" content=\"KiteSurf Dakhla\" \/>\n<meta property=\"article:modified_time\" content=\"2023-12-17T12:28:44+00:00\" \/>\n<meta property=\"og:image\" content=\"https:\/\/kitesensation-dakhla.com\/fr\/wp-content\/uploads\/2021\/11\/dakhla-Kite-Sensation-9.webp\" \/>\n\t<meta property=\"og:image:width\" content=\"720\" \/>\n\t<meta property=\"og:image:height\" content=\"720\" \/>\n\t<meta property=\"og:image:type\" content=\"image\/webp\" \/>\n<meta name=\"twitter:card\" content=\"summary_large_image\" \/>\n<meta name=\"twitter:label1\" content=\"Dur\u00e9e de lecture estim\u00e9e\" \/>\n\t<meta name=\"twitter:data1\" content=\"2 minutes\" \/>\n<!-- \/ Yoast SEO plugin. -->","yoast_head_json":{"title":"Supervision de Kitesurf \u00e0 Dakhla","description":"B\u00e9n\u00e9ficiez d'une supervision experte avec nos services de supervision de kitesurf \u00e0 Dakhla. Que vous soyez d\u00e9butant ou exp\u00e9riment\u00e9","robots":{"index":"index","follow":"follow","max-snippet":"max-snippet:-1","max-image-preview":"max-image-preview:large","max-video-preview":"max-video-preview:-1"},"canonical":"https:\/\/kitesensation-dakhla.com\/fr\/tours\/supervision-kitesurf-dakhla\/","og_locale":"fr_FR","og_type":"article","og_title":"Supervision de Kitesurf \u00e0 Dakhla","og_description":"B\u00e9n\u00e9ficiez d'une supervision experte avec nos services de supervision de kitesurf \u00e0 Dakhla. Que vous soyez d\u00e9butant ou exp\u00e9riment\u00e9","og_url":"https:\/\/kitesensation-dakhla.com\/fr\/tours\/supervision-kitesurf-dakhla\/","og_site_name":"KiteSurf Dakhla","article_modified_time":"2023-12-17T12:28:44+00:00","og_image":[{"width":720,"height":720,"url":"https:\/\/kitesensation-dakhla.com\/fr\/wp-content\/uploads\/2021\/11\/dakhla-Kite-Sensation-9.webp","type":"image\/webp"}],"twitter_card":"summary_large_image","twitter_misc":{"Dur\u00e9e de lecture estim\u00e9e":"2 minutes"},"schema":{"@context":"https:\/\/schema.org","@graph":[{"@type":"WebPage","@id":"https:\/\/kitesensation-dakhla.com\/fr\/tours\/supervision-kitesurf-dakhla\/","url":"https:\/\/kitesensation-dakhla.com\/fr\/tours\/supervision-kitesurf-dakhla\/","name":"Supervision de Kitesurf \u00e0 Dakhla","isPartOf":{"@id":"https:\/\/kitesensation-dakhla.com\/fr\/#website"},"datePublished":"2021-11-19T16:41:48+00:00","dateModified":"2023-12-17T12:28:44+00:00","description":"B\u00e9n\u00e9ficiez d'une supervision experte avec nos services de supervision de kitesurf \u00e0 Dakhla. Que vous soyez d\u00e9butant ou exp\u00e9riment\u00e9","breadcrumb":{"@id":"https:\/\/kitesensation-dakhla.com\/fr\/tours\/supervision-kitesurf-dakhla\/#breadcrumb"},"inLanguage":"fr-FR","potentialAction":[{"@type":"ReadAction","target":["https:\/\/kitesensation-dakhla.com\/fr\/tours\/supervision-kitesurf-dakhla\/"]}]},{"@type":"BreadcrumbList","@id":"https:\/\/kitesensation-dakhla.com\/fr\/tours\/supervision-kitesurf-dakhla\/#breadcrumb","itemListElement":[{"@type":"ListItem","position":1,"name":"Accueil","item":"https:\/\/kitesensation-dakhla.com\/fr\/"},{"@type":"ListItem","position":2,"name":"Products","item":"https:\/\/kitesensation-dakhla.com\/fr\/shop\/"},{"@type":"ListItem","position":3,"name":"Supervision de Kitesurf \u00e0 Dakhla"}]},{"@type":"WebSite","@id":"https:\/\/kitesensation-dakhla.com\/fr\/#website","url":"https:\/\/kitesensation-dakhla.com\/fr\/","name":"KiteSurf Dakhla","description":"Kitesurf et surf \u00e0 Dakhla Maroc","publisher":{"@id":"https:\/\/kitesensation-dakhla.com\/fr\/#organization"},"potentialAction":[{"@type":"SearchAction","target":{"@type":"EntryPoint","urlTemplate":"https:\/\/kitesensation-dakhla.com\/fr\/?s={search_term_string}"},"query-input":"required name=search_term_string"}],"inLanguage":"fr-FR"},{"@type":"Organization","@id":"https:\/\/kitesensation-dakhla.com\/fr\/#organization","name":"Kitesensation Dakhla","url":"https:\/\/kitesensation-dakhla.com\/fr\/","logo":{"@type":"ImageObject","inLanguage":"fr-FR","@id":"https:\/\/kitesensation-dakhla.com\/fr\/#\/schema\/logo\/image\/","url":"https:\/\/kitesensation-dakhla.com\/fr\/wp-content\/uploads\/2021\/12\/cropped-favIcon-1.png","contentUrl":"https:\/\/kitesensation-dakhla.com\/fr\/wp-content\/uploads\/2021\/12\/cropped-favIcon-1.png","width":512,"height":512,"caption":"Kitesensation Dakhla"},"image":{"@id":"https:\/\/kitesensation-dakhla.com\/fr\/#\/schema\/logo\/image\/"}}]}},"_links":{"self":[{"href":"https:\/\/kitesensation-dakhla.com\/fr\/wp-json\/wp\/v2\/product\/1294"}],"collection":[{"href":"https:\/\/kitesensation-dakhla.com\/fr\/wp-json\/wp\/v2\/product"}],"about":[{"href":"https:\/\/kitesensation-dakhla.com\/fr\/wp-json\/wp\/v2\/types\/product"}],"wp:featuredmedia":[{"embeddable":true,"href":"https:\/\/kitesensation-dakhla.com\/fr\/wp-json\/wp\/v2\/media\/1312"}],"wp:attachment":[{"href":"https:\/\/kitesensation-dakhla.com\/fr\/wp-json\/wp\/v2\/media?parent=1294"}],"wp:term":[{"taxonomy":"product_cat","embeddable":true,"href":"https:\/\/kitesensation-dakhla.com\/fr\/wp-json\/wp\/v2\/product_cat?post=1294"},{"taxonomy":"product_tag","embeddable":true,"href":"https:\/\/kitesensation-dakhla.com\/fr\/wp-json\/wp\/v2\/product_tag?post=1294"}],"curies":[{"name":"wp","href":"https:\/\/api.w.org\/{rel}","templated":true}]}}