{"id":134,"date":"2015-07-15T12:01:46","date_gmt":"2015-07-15T12:01:46","guid":{"rendered":"http:\/\/adventure-tours.themedelight.com\/?post_type=product&#038;p=134"},"modified":"2023-12-17T14:44:16","modified_gmt":"2023-12-17T14:44:16","slug":"cours-prive-kitesurf-dakhla","status":"publish","type":"product","link":"https:\/\/kitesensation-dakhla.com\/fr\/tours\/cours-prive-kitesurf-dakhla\/","title":{"rendered":"Cours Priv\u00e9 de Kitesurf \u00e0 Dakhla"},"content":{"rendered":"<p>[vc_row][vc_column][vc_column_text]Exp\u00e9rimentez la le\u00e7on ultime de <a href=\"https:\/\/kitesensation-dakhla.com\/fr\/\">kitesurf personnalis\u00e9e \u00e0 Dakhla<\/a> avec notre option de Cours Priv\u00e9. Dans cette le\u00e7on exclusive, vous disposerez d&#8217;un instructeur d\u00e9di\u00e9 enti\u00e8rement concentr\u00e9 sur votre progression. Vous aurez acc\u00e8s \u00e0 un \u00e9quipement de kitesurf de haute qualit\u00e9, et nous filmerons votre session pour fournir une r\u00e9troaction visuelle imm\u00e9diate pour l&#8217;auto-analyse et l&#8217;am\u00e9lioration.<\/p>\n<p>Pour les d\u00e9butants absolus, nous recommandons vivement notre forfait de 12 heures, r\u00e9parties sur trois jours, en fonction des conditions m\u00e9t\u00e9orologiques. Cela permet un temps suffisant pour des sessions de pratique le matin et l&#8217;apr\u00e8s-midi, assurant des conditions d&#8217;apprentissage optimales.<\/p>\n<p><center><a class=\"whatsapp-button\" style=\"display: inline-block; padding: 10px 20px; text-decoration: none; background-color: #25d366; color: #ffffff; border-radius: 5px; transition: background-color 0.3s ease;\" href=\"https:\/\/wa.link\/dm5jtg\" target=\"_blank\" rel=\"noopener\">R\u00e9servez via WhatsApp<\/a><\/center>Nos prix sont par personne et incluent ce qui suit : des le\u00e7ons dispens\u00e9es par l&#8217;un de nos instructeurs certifi\u00e9s, la fourniture d&#8217;un ensemble complet d&#8217;\u00e9quipement de kitesurf \u00e0 Dakhla, une session film\u00e9e pour une analyse approfondie, le transport depuis votre lieu de r\u00e9sidence vers des spots de kitesurf moins fr\u00e9quent\u00e9s, et le transport de retour vers votre h\u00e9bergement apr\u00e8s la le\u00e7on.<\/p>\n<p>Avec un ratio \u00e9l\u00e8ve-instructeur de 1:1, vous pouvez vous attendre \u00e0 un apprentissage acc\u00e9l\u00e9r\u00e9 et \u00e0 une attention concentr\u00e9e tout au long de votre le\u00e7on. Notre objectif est de faciliter des progr\u00e8s rapides et de garantir une exp\u00e9rience enrichissante de kitesurf.<\/p>\n<p>Les le\u00e7ons durent g\u00e9n\u00e9ralement de 4 \u00e0 6 heures par jour, avec des sessions du matin et de l&#8217;apr\u00e8s-midi. En bonus suppl\u00e9mentaire, nous proposons une communication radio walkie-talkie entre vous et votre instructeur. Cette fonctionnalit\u00e9 est inestimable dans des conditions sp\u00e9ciales, am\u00e9liorant votre s\u00e9curit\u00e9 et votre confiance. Une communication claire et stable permet une progression sans heurts et vous permet de communiquer efficacement dans l&#8217;eau et le vent.<\/p>\n<p>Choisissez notre option de <a href=\"https:\/\/kitesensation-dakhla.com\/fr\/\">Cours Priv\u00e9 Kitesurf<\/a> pour une exp\u00e9rience exceptionnelle de kitesurf. B\u00e9n\u00e9ficiez d&#8217;une instruction personnalis\u00e9e, d&#8217;un acc\u00e8s \u00e0 un \u00e9quipement de premi\u00e8re qualit\u00e9, d&#8217;une r\u00e9troaction visuelle imm\u00e9diate gr\u00e2ce \u00e0 des sessions film\u00e9es, et de la commodit\u00e9 des services de transport. Profitez de l&#8217;avantage d&#8217;une communication claire avec votre instructeur, favorisant des progr\u00e8s rapides et une exp\u00e9rience d&#8217;apprentissage gratifiante.<\/p>\n<table class=\"table table-bordered tours-tabs__table\" style=\"height: 233px;\" width=\"862\">\n<tbody>\n<tr>\n<td><strong>\u00a0LOCATION<\/strong><\/td>\n<td>Dakhla<\/td>\n<\/tr>\n<tr>\n<td><strong>HEURE DE D\u00c9BUT DE LA LE\u00c7ON<\/strong><\/td>\n<td>Nous vous confirmerons la veille de votre cours.<\/td>\n<\/tr>\n<tr>\n<td><strong>INCLUS<\/strong><\/td>\n<td>\n<table style=\"border-collapse: collapse; width: 100%;\">\n<tbody>\n<tr>\n<td style=\"width: 50%;\"><\/td>\n<\/tr>\n<\/tbody>\n<\/table>\n<\/td>\n<\/tr>\n<\/tbody>\n<\/table>\n<p>[\/vc_column_text][\/vc_column][\/vc_row]<i class=\"fa fa-check icon-tick icon-tick--on\"><\/i>[vc_row][vc_column][vc_column_text]Instructeur professionnel[\/vc_column_text][\/vc_column][\/vc_row]<i class=\"fa fa-check icon-tick icon-tick--on\"><\/i>[vc_row][vc_column][vc_column_text]Video<\/p>\n<p>[\/vc_column_text][\/vc_column][\/vc_row]<i class=\"fa fa-check icon-tick icon-tick--on\"><\/i>[vc_row][vc_column][vc_column_text]Tous les \u00e9quipements de KiteSurf[\/vc_column_text][\/vc_column][\/vc_row]<i class=\"fa fa-check icon-tick icon-tick--on\"><\/i>[vc_row][vc_column][vc_column_text]Talkie-Walkie<\/p>\n<p><span style=\"color: #575757;\"><span style=\"font-family: NanumMyeongjo;\"><span style=\"font-size: x-large;\"><b><span style=\"font-size: large;\">Liste de prix :<\/span><\/b><\/span><\/span><\/span><\/p>\n\n<table id=\"tablepress-2\" class=\"tablepress tablepress-id-2\">\n<thead>\n<tr class=\"row-1\">\n\t<th class=\"column-1\">Nombre d'heures<\/th><th class=\"column-2\">Prix en EURO<\/th><th class=\"column-3\">Prix en MAD<\/th>\n<\/tr>\n<\/thead>\n<tbody class=\"row-hover\">\n<tr class=\"row-2\">\n\t<td class=\"column-1\">2<\/td><td class=\"column-2\">140<\/td><td class=\"column-3\">1540<\/td>\n<\/tr>\n<tr class=\"row-3\">\n\t<td class=\"column-1\">4<\/td><td class=\"column-2\">255<\/td><td class=\"column-3\">2805<\/td>\n<\/tr>\n<tr class=\"row-4\">\n\t<td class=\"column-1\">6<\/td><td class=\"column-2\">380<\/td><td class=\"column-3\">4180<\/td>\n<\/tr>\n<tr class=\"row-5\">\n\t<td class=\"column-1\">8<\/td><td class=\"column-2\">505<\/td><td class=\"column-3\">5555<\/td>\n<\/tr>\n<tr class=\"row-6\">\n\t<td class=\"column-1\">10<\/td><td class=\"column-2\">625<\/td><td class=\"column-3\">6875<\/td>\n<\/tr>\n<tr class=\"row-7\">\n\t<td class=\"column-1\">12<\/td><td class=\"column-2\">745<\/td><td class=\"column-3\">8195<\/td>\n<\/tr>\n<tr class=\"row-8\">\n\t<td class=\"column-1\">Heure suppl\u00e9mentaire<\/td><td class=\"column-2\">60<\/td><td class=\"column-3\">660<\/td>\n<\/tr>\n<\/tbody>\n<\/table>\n<!-- #tablepress-2 from cache -->\n<p>*Tous les prix sont en <strong>EURO<\/strong> (\u20ac) et DIRHAM par <strong>personne<\/strong>.<br \/>\n*Aucun frais ou co\u00fbt cach\u00e9.[\/vc_column_text][\/vc_column][\/vc_row]<\/p>\n<p>&nbsp;<\/p>\n","protected":false},"excerpt":{"rendered":"<p>[vc_row][vc_column][vc_column_text]Exp\u00e9rimentez la le\u00e7on ultime de kitesurf personnalis\u00e9e \u00e0 Dakhla avec notre option de Cours Priv\u00e9. Dans cette le\u00e7on exclusive, vous disposerez d&#8217;un instructeur d\u00e9di\u00e9 enti\u00e8rement concentr\u00e9 sur votre progression. Vous aurez acc\u00e8s \u00e0 un \u00e9quipement de kitesurf de haute qualit\u00e9, et nous filmerons votre session pour fournir une r\u00e9troaction visuelle imm\u00e9diate pour l&#8217;auto-analyse et l&#8217;am\u00e9lioration.<\/p>\n<div class=\"padding-top text-center\"><a href=\"https:\/\/kitesensation-dakhla.com\/fr\/tours\/cours-prive-kitesurf-dakhla\/\" class=\"atbtn atbtn--medium atbtn--rounded atbtn--transparent\">Read more<i class=\"atbtn__icon atbtn__icon--right fa fa-long-arrow-right\"><\/i><\/a><\/div>\n","protected":false},"featured_media":1304,"template":"","meta":[],"product_cat":[60],"product_tag":[],"yoast_head":"<!-- This site is optimized with the Yoast SEO plugin v21.1 - https:\/\/yoast.com\/wordpress\/plugins\/seo\/ -->\n<title>Cours Priv\u00e9 de Kitesurf \u00e0 Dakhla<\/title>\n<meta name=\"description\" content=\"Apprenez le kitesurf \u00e0 votre rythme avec nos cours priv\u00e9s \u00e0 Dakhla. Profitez d&#039;une attention individuelle de nos instructeurs experts\" \/>\n<meta name=\"robots\" content=\"index, follow, max-snippet:-1, max-image-preview:large, max-video-preview:-1\" \/>\n<link rel=\"canonical\" href=\"https:\/\/kitesensation-dakhla.com\/fr\/tours\/cours-prive-kitesurf-dakhla\/\" \/>\n<meta property=\"og:locale\" content=\"fr_FR\" \/>\n<meta property=\"og:type\" content=\"article\" \/>\n<meta property=\"og:title\" content=\"Cours Priv\u00e9 de Kitesurf \u00e0 Dakhla\" \/>\n<meta property=\"og:description\" content=\"Apprenez le kitesurf \u00e0 votre rythme avec nos cours priv\u00e9s \u00e0 Dakhla. Profitez d&#039;une attention individuelle de nos instructeurs experts\" \/>\n<meta property=\"og:url\" content=\"https:\/\/kitesensation-dakhla.com\/fr\/tours\/cours-prive-kitesurf-dakhla\/\" \/>\n<meta property=\"og:site_name\" content=\"KiteSurf Dakhla\" \/>\n<meta property=\"article:modified_time\" content=\"2023-12-17T14:44:16+00:00\" \/>\n<meta property=\"og:image\" content=\"https:\/\/kitesensation-dakhla.com\/fr\/wp-content\/uploads\/2015\/07\/dakhla-Kite-Sensation.webp\" \/>\n\t<meta property=\"og:image:width\" content=\"720\" \/>\n\t<meta property=\"og:image:height\" content=\"720\" \/>\n\t<meta property=\"og:image:type\" content=\"image\/webp\" \/>\n<meta name=\"twitter:card\" content=\"summary_large_image\" \/>\n<meta name=\"twitter:label1\" content=\"Dur\u00e9e de lecture estim\u00e9e\" \/>\n\t<meta name=\"twitter:data1\" content=\"2 minutes\" \/>\n<!-- \/ Yoast SEO plugin. -->","yoast_head_json":{"title":"Cours Priv\u00e9 de Kitesurf \u00e0 Dakhla","description":"Apprenez le kitesurf \u00e0 votre rythme avec nos cours priv\u00e9s \u00e0 Dakhla. Profitez d'une attention individuelle de nos instructeurs experts","robots":{"index":"index","follow":"follow","max-snippet":"max-snippet:-1","max-image-preview":"max-image-preview:large","max-video-preview":"max-video-preview:-1"},"canonical":"https:\/\/kitesensation-dakhla.com\/fr\/tours\/cours-prive-kitesurf-dakhla\/","og_locale":"fr_FR","og_type":"article","og_title":"Cours Priv\u00e9 de Kitesurf \u00e0 Dakhla","og_description":"Apprenez le kitesurf \u00e0 votre rythme avec nos cours priv\u00e9s \u00e0 Dakhla. Profitez d'une attention individuelle de nos instructeurs experts","og_url":"https:\/\/kitesensation-dakhla.com\/fr\/tours\/cours-prive-kitesurf-dakhla\/","og_site_name":"KiteSurf Dakhla","article_modified_time":"2023-12-17T14:44:16+00:00","og_image":[{"width":720,"height":720,"url":"https:\/\/kitesensation-dakhla.com\/fr\/wp-content\/uploads\/2015\/07\/dakhla-Kite-Sensation.webp","type":"image\/webp"}],"twitter_card":"summary_large_image","twitter_misc":{"Dur\u00e9e de lecture estim\u00e9e":"2 minutes"},"schema":{"@context":"https:\/\/schema.org","@graph":[{"@type":"WebPage","@id":"https:\/\/kitesensation-dakhla.com\/fr\/tours\/cours-prive-kitesurf-dakhla\/","url":"https:\/\/kitesensation-dakhla.com\/fr\/tours\/cours-prive-kitesurf-dakhla\/","name":"Cours Priv\u00e9 de Kitesurf \u00e0 Dakhla","isPartOf":{"@id":"https:\/\/kitesensation-dakhla.com\/fr\/#website"},"datePublished":"2015-07-15T12:01:46+00:00","dateModified":"2023-12-17T14:44:16+00:00","description":"Apprenez le kitesurf \u00e0 votre rythme avec nos cours priv\u00e9s \u00e0 Dakhla. Profitez d'une attention individuelle de nos instructeurs experts","breadcrumb":{"@id":"https:\/\/kitesensation-dakhla.com\/fr\/tours\/cours-prive-kitesurf-dakhla\/#breadcrumb"},"inLanguage":"fr-FR","potentialAction":[{"@type":"ReadAction","target":["https:\/\/kitesensation-dakhla.com\/fr\/tours\/cours-prive-kitesurf-dakhla\/"]}]},{"@type":"BreadcrumbList","@id":"https:\/\/kitesensation-dakhla.com\/fr\/tours\/cours-prive-kitesurf-dakhla\/#breadcrumb","itemListElement":[{"@type":"ListItem","position":1,"name":"Accueil","item":"https:\/\/kitesensation-dakhla.com\/fr\/"},{"@type":"ListItem","position":2,"name":"Products","item":"https:\/\/kitesensation-dakhla.com\/fr\/shop\/"},{"@type":"ListItem","position":3,"name":"Cours Priv\u00e9 de Kitesurf \u00e0 Dakhla"}]},{"@type":"WebSite","@id":"https:\/\/kitesensation-dakhla.com\/fr\/#website","url":"https:\/\/kitesensation-dakhla.com\/fr\/","name":"KiteSurf Dakhla","description":"Kitesurf et surf \u00e0 Dakhla Maroc","publisher":{"@id":"https:\/\/kitesensation-dakhla.com\/fr\/#organization"},"potentialAction":[{"@type":"SearchAction","target":{"@type":"EntryPoint","urlTemplate":"https:\/\/kitesensation-dakhla.com\/fr\/?s={search_term_string}"},"query-input":"required name=search_term_string"}],"inLanguage":"fr-FR"},{"@type":"Organization","@id":"https:\/\/kitesensation-dakhla.com\/fr\/#organization","name":"Kitesensation Dakhla","url":"https:\/\/kitesensation-dakhla.com\/fr\/","logo":{"@type":"ImageObject","inLanguage":"fr-FR","@id":"https:\/\/kitesensation-dakhla.com\/fr\/#\/schema\/logo\/image\/","url":"https:\/\/kitesensation-dakhla.com\/fr\/wp-content\/uploads\/2021\/12\/cropped-favIcon-1.png","contentUrl":"https:\/\/kitesensation-dakhla.com\/fr\/wp-content\/uploads\/2021\/12\/cropped-favIcon-1.png","width":512,"height":512,"caption":"Kitesensation Dakhla"},"image":{"@id":"https:\/\/kitesensation-dakhla.com\/fr\/#\/schema\/logo\/image\/"}}]}},"_links":{"self":[{"href":"https:\/\/kitesensation-dakhla.com\/fr\/wp-json\/wp\/v2\/product\/134"}],"collection":[{"href":"https:\/\/kitesensation-dakhla.com\/fr\/wp-json\/wp\/v2\/product"}],"about":[{"href":"https:\/\/kitesensation-dakhla.com\/fr\/wp-json\/wp\/v2\/types\/product"}],"wp:featuredmedia":[{"embeddable":true,"href":"https:\/\/kitesensation-dakhla.com\/fr\/wp-json\/wp\/v2\/media\/1304"}],"wp:attachment":[{"href":"https:\/\/kitesensation-dakhla.com\/fr\/wp-json\/wp\/v2\/media?parent=134"}],"wp:term":[{"taxonomy":"product_cat","embeddable":true,"href":"https:\/\/kitesensation-dakhla.com\/fr\/wp-json\/wp\/v2\/product_cat?post=134"},{"taxonomy":"product_tag","embeddable":true,"href":"https:\/\/kitesensation-dakhla.com\/fr\/wp-json\/wp\/v2\/product_tag?post=134"}],"curies":[{"name":"wp","href":"https:\/\/api.w.org\/{rel}","templated":true}]}}