{"id":1569,"date":"2021-12-04T14:16:43","date_gmt":"2021-12-04T14:16:43","guid":{"rendered":"https:\/\/kitesensation-dakhla.com\/fr\/?post_type=product&#038;p=1569"},"modified":"2023-12-17T12:31:37","modified_gmt":"2023-12-17T12:31:37","slug":"6-jours-5-nuits-camp-10h-kitesurf-dakhla","status":"publish","type":"product","link":"https:\/\/kitesensation-dakhla.com\/fr\/tours\/6-jours-5-nuits-camp-10h-kitesurf-dakhla\/","title":{"rendered":"6 Jours 5 Nuits Camp &#038; 10h de Kitesurf \u00e0 Dakhla"},"content":{"rendered":"<p>[vc_row][vc_column][vc_column_text]\u00c9chappez \u00e0 la corv\u00e9e d&#8217;organiser votre prochain voyage de kitesurf et plongez-vous dans notre <a href=\"https:\/\/kitesensation-dakhla.com\/fr\/\"><strong>camp de kitesurf<\/strong><\/a> de 6 jours et 5 nuits \u00e0 Dakhla. Rejoindre un camp \u00e9limine non seulement le stress de la planification, mais offre \u00e9galement une excellente opportunit\u00e9 de cr\u00e9er de nouveaux liens avec des personnes partageant les m\u00eames passions.<\/p>\n<p>Notre camp se d\u00e9roule directement sur le spot de kitesurf, assurant un acc\u00e8s pratique \u00e0 l&#8217;eau pour des sessions de kitesurf ininterrompues. Sortez de votre h\u00e9bergement et plongez directement dans le monde exaltant du kitesurf, le tout \u00e0 quelques pas de votre porte.<\/p>\n<p><center><a class=\"whatsapp-button\" style=\"display: inline-block; padding: 10px 20px; text-decoration: none; background-color: #25d366; color: #ffffff; border-radius: 5px; transition: background-color 0.3s ease;\" href=\"https:\/\/wa.link\/dm5jtg\" target=\"_blank\" rel=\"noopener\">R\u00e9servez via WhatsApp<\/a><\/center>&nbsp;<\/p>\n<p>Pendant votre s\u00e9jour, vous serez log\u00e9 dans des bungalows confortables en pension compl\u00e8te (Full Board &#8211; FB), chacun disposant d&#8217;une salle de bains privative. D\u00e9tendez-vous et ressourcez-vous dans votre propre oasis personnelle, profitant de l&#8217;\u00e9quilibre parfait entre confort et commodit\u00e9 apr\u00e8s une journ\u00e9e passionnante sur l&#8217;eau.<\/p>\n<p>Notre camp offre une gamme d&#8217;\u00e9quipements con\u00e7us pour am\u00e9liorer votre exp\u00e9rience. Profitez de la commodit\u00e9 d&#8217;avoir un bar, un restaurant et des espaces d\u00e9di\u00e9s pour vous d\u00e9tendre sur place. Socialisez avec d&#8217;autres passionn\u00e9s de kitesurf, \u00e9changez des histoires et cr\u00e9ez des souvenirs durables dans un environnement dynamique et accueillant.<\/p>\n<p>Peu importe la p\u00e9riode de l&#8217;ann\u00e9e, notre camp est ouvert et pr\u00eat \u00e0 accueillir les passionn\u00e9s de kitesurf. Que vous choisissiez de nous rejoindre pendant la haute saison ou pr\u00e9f\u00e9riez une p\u00e9riode plus calme, vous pouvez compter sur notre camp pour offrir le cadre id\u00e9al pour votre aventure de kitesurf.<\/p>\n<p>Dans le cadre de notre forfait complet, nous fournissons un \u00e9quipement complet de kitesurf, vous assurant d&#8217;avoir tout ce dont vous avez besoin pour votre <a href=\"https:\/\/kitesensation-dakhla.com\/fr\/\">cours de kitesurf \u00e0 Dakhla<\/a>. Des kites aux planches en passant par l&#8217;\u00e9quipement de s\u00e9curit\u00e9, nous avons tout pr\u00e9vu. Voyagez l\u00e9ger et laissez-nous nous occuper de la logistique de l&#8217;\u00e9quipement, vous permettant de vous concentrer pleinement sur le perfectionnement de vos comp\u00e9tences en kitesurf.<\/p>\n<p><strong>Ce qui est inclus dans le forfait :<\/strong><\/p>\n<ul>\n<li>10 heures de le\u00e7ons<\/li>\n<li>Transfert depuis\/vers l&#8217;a\u00e9roport<\/li>\n<li>Petit-d\u00e9jeuner + d\u00e9jeuner + d\u00eener<\/li>\n<li>Piscine<\/li>\n<li>Bungalows avec vue sur la mer<\/li>\n<li>\u00c9quipement de kitesurf<\/li>\n<li>Stockage du mat\u00e9riel de kitesurf disponible<\/li>\n<\/ul>\n<p>6 jours 5 nuits H\u00e9bergement + 10 heures de kitesurf<\/p>\n<p><span style=\"color: #575757;\"><span style=\"font-family: NanumMyeongjo;\"><span style=\"font-size: x-large;\"><b><span style=\"font-size: large;\">\u00a0Liste de prix :<\/span><\/b><\/span><\/span><\/span><\/p>\n<table class=\"blueTable\">\n<thead>\n<tr>\n<th style=\"text-align: center;\"><span style=\"font-size: 12pt;\">Niveau Camp<\/span><\/th>\n<th style=\"text-align: center;\"><span style=\"font-size: 12pt;\">Priv\u00e9<\/span><\/th>\n<th style=\"text-align: center;\"><span style=\"font-size: 12pt;\">Semi-Prv<\/span><\/th>\n<\/tr>\n<\/thead>\n<tbody>\n<tr>\n<td style=\"text-align: center;\"><span style=\"font-size: 12pt;\"><strong>Star Camp<\/strong><\/span><\/td>\n<td style=\"text-align: center;\"><span style=\"font-size: 12pt;\"><strong>1250\u20ac<\/strong><\/span><\/td>\n<td style=\"text-align: center;\"><span style=\"font-size: 12pt;\"><strong>1065\u20ac<\/strong><\/span><\/td>\n<\/tr>\n<\/tbody>\n<\/table>\n<ul>\n<li>Tous les prix sont en <strong>EURO<\/strong> (\u20ac) par <strong>personne<\/strong>.<\/li>\n<li>Aucuns frais cach\u00e9s ou co\u00fbts suppl\u00e9mentaires.<\/li>\n<\/ul>\n<p>[\/vc_column_text][\/vc_column][\/vc_row]<\/p>\n","protected":false},"excerpt":{"rendered":"<p>[vc_row][vc_column][vc_column_text]\u00c9chappez \u00e0 la corv\u00e9e d&#8217;organiser votre prochain voyage de kitesurf et plongez-vous dans notre camp de kitesurf de 6 jours et 5 nuits \u00e0 Dakhla. Rejoindre un camp \u00e9limine non seulement le stress de la planification, mais offre \u00e9galement une excellente opportunit\u00e9 de cr\u00e9er de nouveaux liens avec des personnes partageant les m\u00eames passions. Notre<\/p>\n<div class=\"padding-top text-center\"><a href=\"https:\/\/kitesensation-dakhla.com\/fr\/tours\/6-jours-5-nuits-camp-10h-kitesurf-dakhla\/\" class=\"atbtn atbtn--medium atbtn--rounded atbtn--transparent\">Read more<i class=\"atbtn__icon atbtn__icon--right fa fa-long-arrow-right\"><\/i><\/a><\/div>\n","protected":false},"featured_media":1696,"template":"","meta":[],"product_cat":[73,70],"product_tag":[],"yoast_head":"<!-- This site is optimized with the Yoast SEO plugin v21.1 - https:\/\/yoast.com\/wordpress\/plugins\/seo\/ -->\n<title>6 Jours 5 Nuits Camp &amp; 10h de Kitesurf \u00e0 Dakhla<\/title>\n<meta name=\"description\" content=\"Rejoignez notre camp de kitesurf de 6 jours et 5 nuits \u00e0 Dakhla. Profitez de l&#039;h\u00e9bergement, recevez 10 heures de cours de kitesurf et explorez les meilleurs spots de kitesurf de la r\u00e9gion.\" \/>\n<meta name=\"robots\" content=\"index, follow, max-snippet:-1, max-image-preview:large, max-video-preview:-1\" \/>\n<link rel=\"canonical\" href=\"https:\/\/kitesensation-dakhla.com\/fr\/tours\/6-jours-5-nuits-camp-10h-kitesurf-dakhla\/\" \/>\n<meta property=\"og:locale\" content=\"fr_FR\" \/>\n<meta property=\"og:type\" content=\"article\" \/>\n<meta property=\"og:title\" content=\"6 Jours 5 Nuits Camp &amp; 10h de Kitesurf \u00e0 Dakhla\" \/>\n<meta property=\"og:description\" content=\"Rejoignez notre camp de kitesurf de 6 jours et 5 nuits \u00e0 Dakhla. Profitez de l&#039;h\u00e9bergement, recevez 10 heures de cours de kitesurf et explorez les meilleurs spots de kitesurf de la r\u00e9gion.\" \/>\n<meta property=\"og:url\" content=\"https:\/\/kitesensation-dakhla.com\/fr\/tours\/6-jours-5-nuits-camp-10h-kitesurf-dakhla\/\" \/>\n<meta property=\"og:site_name\" content=\"KiteSurf Dakhla\" \/>\n<meta property=\"article:modified_time\" content=\"2023-12-17T12:31:37+00:00\" \/>\n<meta property=\"og:image\" content=\"https:\/\/kitesensation-dakhla.com\/fr\/wp-content\/uploads\/2021\/12\/OutKitesurf6.webp\" \/>\n\t<meta property=\"og:image:width\" content=\"800\" \/>\n\t<meta property=\"og:image:height\" content=\"800\" \/>\n\t<meta property=\"og:image:type\" content=\"image\/webp\" \/>\n<meta name=\"twitter:card\" content=\"summary_large_image\" \/>\n<meta name=\"twitter:label1\" content=\"Dur\u00e9e de lecture estim\u00e9e\" \/>\n\t<meta name=\"twitter:data1\" content=\"2 minutes\" \/>\n<!-- \/ Yoast SEO plugin. -->","yoast_head_json":{"title":"6 Jours 5 Nuits Camp & 10h de Kitesurf \u00e0 Dakhla","description":"Rejoignez notre camp de kitesurf de 6 jours et 5 nuits \u00e0 Dakhla. Profitez de l'h\u00e9bergement, recevez 10 heures de cours de kitesurf et explorez les meilleurs spots de kitesurf de la r\u00e9gion.","robots":{"index":"index","follow":"follow","max-snippet":"max-snippet:-1","max-image-preview":"max-image-preview:large","max-video-preview":"max-video-preview:-1"},"canonical":"https:\/\/kitesensation-dakhla.com\/fr\/tours\/6-jours-5-nuits-camp-10h-kitesurf-dakhla\/","og_locale":"fr_FR","og_type":"article","og_title":"6 Jours 5 Nuits Camp & 10h de Kitesurf \u00e0 Dakhla","og_description":"Rejoignez notre camp de kitesurf de 6 jours et 5 nuits \u00e0 Dakhla. Profitez de l'h\u00e9bergement, recevez 10 heures de cours de kitesurf et explorez les meilleurs spots de kitesurf de la r\u00e9gion.","og_url":"https:\/\/kitesensation-dakhla.com\/fr\/tours\/6-jours-5-nuits-camp-10h-kitesurf-dakhla\/","og_site_name":"KiteSurf Dakhla","article_modified_time":"2023-12-17T12:31:37+00:00","og_image":[{"width":800,"height":800,"url":"https:\/\/kitesensation-dakhla.com\/fr\/wp-content\/uploads\/2021\/12\/OutKitesurf6.webp","type":"image\/webp"}],"twitter_card":"summary_large_image","twitter_misc":{"Dur\u00e9e de lecture estim\u00e9e":"2 minutes"},"schema":{"@context":"https:\/\/schema.org","@graph":[{"@type":"WebPage","@id":"https:\/\/kitesensation-dakhla.com\/fr\/tours\/6-jours-5-nuits-camp-10h-kitesurf-dakhla\/","url":"https:\/\/kitesensation-dakhla.com\/fr\/tours\/6-jours-5-nuits-camp-10h-kitesurf-dakhla\/","name":"6 Jours 5 Nuits Camp & 10h de Kitesurf \u00e0 Dakhla","isPartOf":{"@id":"https:\/\/kitesensation-dakhla.com\/fr\/#website"},"datePublished":"2021-12-04T14:16:43+00:00","dateModified":"2023-12-17T12:31:37+00:00","description":"Rejoignez notre camp de kitesurf de 6 jours et 5 nuits \u00e0 Dakhla. Profitez de l'h\u00e9bergement, recevez 10 heures de cours de kitesurf et explorez les meilleurs spots de kitesurf de la r\u00e9gion.","breadcrumb":{"@id":"https:\/\/kitesensation-dakhla.com\/fr\/tours\/6-jours-5-nuits-camp-10h-kitesurf-dakhla\/#breadcrumb"},"inLanguage":"fr-FR","potentialAction":[{"@type":"ReadAction","target":["https:\/\/kitesensation-dakhla.com\/fr\/tours\/6-jours-5-nuits-camp-10h-kitesurf-dakhla\/"]}]},{"@type":"BreadcrumbList","@id":"https:\/\/kitesensation-dakhla.com\/fr\/tours\/6-jours-5-nuits-camp-10h-kitesurf-dakhla\/#breadcrumb","itemListElement":[{"@type":"ListItem","position":1,"name":"Accueil","item":"https:\/\/kitesensation-dakhla.com\/fr\/"},{"@type":"ListItem","position":2,"name":"Products","item":"https:\/\/kitesensation-dakhla.com\/fr\/shop\/"},{"@type":"ListItem","position":3,"name":"6 Jours 5 Nuits Camp &#038; 10h de Kitesurf \u00e0 Dakhla"}]},{"@type":"WebSite","@id":"https:\/\/kitesensation-dakhla.com\/fr\/#website","url":"https:\/\/kitesensation-dakhla.com\/fr\/","name":"KiteSurf Dakhla","description":"Kitesurf et surf \u00e0 Dakhla Maroc","publisher":{"@id":"https:\/\/kitesensation-dakhla.com\/fr\/#organization"},"potentialAction":[{"@type":"SearchAction","target":{"@type":"EntryPoint","urlTemplate":"https:\/\/kitesensation-dakhla.com\/fr\/?s={search_term_string}"},"query-input":"required name=search_term_string"}],"inLanguage":"fr-FR"},{"@type":"Organization","@id":"https:\/\/kitesensation-dakhla.com\/fr\/#organization","name":"Kitesensation Dakhla","url":"https:\/\/kitesensation-dakhla.com\/fr\/","logo":{"@type":"ImageObject","inLanguage":"fr-FR","@id":"https:\/\/kitesensation-dakhla.com\/fr\/#\/schema\/logo\/image\/","url":"https:\/\/kitesensation-dakhla.com\/fr\/wp-content\/uploads\/2021\/12\/cropped-favIcon-1.png","contentUrl":"https:\/\/kitesensation-dakhla.com\/fr\/wp-content\/uploads\/2021\/12\/cropped-favIcon-1.png","width":512,"height":512,"caption":"Kitesensation Dakhla"},"image":{"@id":"https:\/\/kitesensation-dakhla.com\/fr\/#\/schema\/logo\/image\/"}}]}},"_links":{"self":[{"href":"https:\/\/kitesensation-dakhla.com\/fr\/wp-json\/wp\/v2\/product\/1569"}],"collection":[{"href":"https:\/\/kitesensation-dakhla.com\/fr\/wp-json\/wp\/v2\/product"}],"about":[{"href":"https:\/\/kitesensation-dakhla.com\/fr\/wp-json\/wp\/v2\/types\/product"}],"wp:featuredmedia":[{"embeddable":true,"href":"https:\/\/kitesensation-dakhla.com\/fr\/wp-json\/wp\/v2\/media\/1696"}],"wp:attachment":[{"href":"https:\/\/kitesensation-dakhla.com\/fr\/wp-json\/wp\/v2\/media?parent=1569"}],"wp:term":[{"taxonomy":"product_cat","embeddable":true,"href":"https:\/\/kitesensation-dakhla.com\/fr\/wp-json\/wp\/v2\/product_cat?post=1569"},{"taxonomy":"product_tag","embeddable":true,"href":"https:\/\/kitesensation-dakhla.com\/fr\/wp-json\/wp\/v2\/product_tag?post=1569"}],"curies":[{"name":"wp","href":"https:\/\/api.w.org\/{rel}","templated":true}]}}