{"id":1579,"date":"2021-12-04T14:27:26","date_gmt":"2021-12-04T14:27:26","guid":{"rendered":"https:\/\/kitesensation-dakhla.com\/fr\/?post_type=product&#038;p=1579"},"modified":"2023-12-17T12:31:41","modified_gmt":"2023-12-17T12:31:41","slug":"8-jours-7-nuits-camp-10h-kitesurf-dakhla","status":"publish","type":"product","link":"https:\/\/kitesensation-dakhla.com\/fr\/tours\/8-jours-7-nuits-camp-10h-kitesurf-dakhla\/","title":{"rendered":"8 Jours 7 Nuits Camp &#038; 10h de Kitesurf \u00e0 Dakhla"},"content":{"rendered":"<p>[vc_row][vc_column][vc_column_text]D\u00e9tendez-vous et connectez-vous avec d&#8217;autres passionn\u00e9s de kitesurf en rejoignant notre <a href=\"https:\/\/kitesensation-dakhla.com\/fr\/\">camp de kitesurf<\/a> de 8 jours et 7 nuits. Ces camps sont con\u00e7us pour soulager le stress li\u00e9 \u00e0 la planification de votre voyage de kitesurf tout en offrant une opportunit\u00e9 de rencontrer de nouvelles personnes partageant les m\u00eames centres d&#8217;int\u00e9r\u00eat.<\/p>\n<p>Notre camp est id\u00e9alement situ\u00e9 directement sur le spot de kitesurf, garantissant un acc\u00e8s facile \u00e0 l&#8217;eau pour des sessions de kitesurf ininterrompues. Profitez de la commodit\u00e9 de sortir de votre h\u00e9bergement et plongez-vous dans le monde exaltant du kitesurf en quelques instants.<\/p>\n<p><center><a class=\"whatsapp-button\" style=\"display: inline-block; padding: 10px 20px; text-decoration: none; background-color: #25d366; color: #ffffff; border-radius: 5px; transition: background-color 0.3s ease;\" href=\"https:\/\/wa.link\/dm5jtg\" target=\"_blank\" rel=\"noopener\">R\u00e9servez via WhatsApp<\/a><\/center>&nbsp;<\/p>\n<p>Pendant votre s\u00e9jour, vous serez log\u00e9 dans des bungalows en pension compl\u00e8te (FB), chacun \u00e9quip\u00e9 d&#8217;une salle de bains privative. Vivez l&#8217;\u00e9quilibre parfait entre confort et commodit\u00e9 en vous d\u00e9tendant dans votre espace priv\u00e9 apr\u00e8s une journ\u00e9e palpitante sur l&#8217;eau.<\/p>\n<p>Notre camp offre une gamme d&#8217;\u00e9quipements pour am\u00e9liorer votre exp\u00e9rience. Profitez de la commodit\u00e9 d&#8217;avoir un bar, un restaurant et des espaces de d\u00e9tente d\u00e9sign\u00e9s sur place. Connectez-vous avec d&#8217;autres kitesurfeurs, partagez des histoires et cr\u00e9ez des souvenirs durables dans un environnement dynamique et accueillant.<\/p>\n<p>Peu importe la p\u00e9riode de l&#8217;ann\u00e9e, notre camp est ouvert et pr\u00eat \u00e0 accueillir les passionn\u00e9s de kitesurf. Que vous planifiiez votre voyage pendant la saison haute ou pr\u00e9f\u00e9riez une p\u00e9riode plus calme, vous pouvez compter sur notre camp pour offrir le cadre id\u00e9al pour votre aventure de kitesurf.<\/p>\n<p>Dans le cadre de notre package complet de <a href=\"https:\/\/kitesensation-dakhla.com\/fr\/\">kitesurf \u00e0 Dakhla<\/a>, nous fournissons l&#8217;\u00e9quipement complet de kitesurf pour votre commodit\u00e9. Des cerfs-volants et planches aux \u00e9quipements de s\u00e9curit\u00e9, nous avons tout pr\u00e9vu. Voyagez l\u00e9ger et laissez la logistique de l&#8217;\u00e9quipement entre nos mains, vous permettant de vous concentrer uniquement sur le perfectionnement de vos comp\u00e9tences en kitesurf.<\/p>\n<p>Rejoignez notre camp de kitesurf de 8 jours et 7 nuits pour une exp\u00e9rience sans stress et exaltante. Profitez de la commodit\u00e9 d&#8217;\u00eatre directement sur le spot de kitesurf, s\u00e9journez dans des bungalows confortables en pension compl\u00e8te avec salle de bains privative et tirez le meilleur parti des \u00e9quipements du camp, dont le bar, le restaurant et les zones de d\u00e9tente. Soyez assur\u00e9 que l&#8217;\u00e9quipement complet de kitesurf sera toujours \u00e0 votre disposition, vous permettant de vous plonger pleinement dans le monde du kitesurf.<\/p>\n<p><strong>Ce qui est inclus dans le forfait :<\/strong><\/p>\n<ul>\n<li>10 heures de le\u00e7ons<\/li>\n<li>Transfert de\/vers l&#8217;a\u00e9roport<\/li>\n<li>Petit-d\u00e9jeuner + d\u00e9jeuner + d\u00eener<\/li>\n<li>Piscine<\/li>\n<li>Bungalows avec vue sur la mer<\/li>\n<li>\u00c9quipement de kitesurf<\/li>\n<li>Stockage de mat\u00e9riel de kitesurf disponible<\/li>\n<\/ul>\n<p><span style=\"color: #575757;\"><span style=\"font-family: NanumMyeongjo;\"><span style=\"font-size: x-large;\"><b><span style=\"font-size: large;\">Liste des prix :<\/span><\/b><\/span><\/span><\/span><\/p>\n<table class=\"blueTable\">\n<thead>\n<tr>\n<th style=\"text-align: center;\"><span style=\"font-size: 12pt;\">Niveau<\/span><\/th>\n<th style=\"text-align: center;\"><span style=\"font-size: 12pt;\">Priv\u00e9<\/span><\/th>\n<th style=\"text-align: center;\"><span style=\"font-size: 12pt;\">Semi-Prv<\/span><\/th>\n<\/tr>\n<\/thead>\n<tbody>\n<tr>\n<td style=\"text-align: center;\"><span style=\"font-size: 12pt;\"><strong>Star Camp<\/strong><\/span><\/td>\n<td style=\"text-align: center;\"><span style=\"font-size: 12pt;\"><strong>1500\u20ac<\/strong><\/span><\/td>\n<td style=\"text-align: center;\"><span style=\"font-size: 12pt;\"><strong>1315\u20ac<\/strong><\/span><\/td>\n<\/tr>\n<\/tbody>\n<\/table>\n<p>*Tous les prix sont en <strong>euros<\/strong> (\u20ac) par <strong>personne<\/strong>.<br \/>\n*Pas de frais cach\u00e9s ou co\u00fbts suppl\u00e9mentaires.[\/vc_column_text][\/vc_column][\/vc_row]<\/p>\n","protected":false},"excerpt":{"rendered":"<p>[vc_row][vc_column][vc_column_text]D\u00e9tendez-vous et connectez-vous avec d&#8217;autres passionn\u00e9s de kitesurf en rejoignant notre camp de kitesurf de 8 jours et 7 nuits. Ces camps sont con\u00e7us pour soulager le stress li\u00e9 \u00e0 la planification de votre voyage de kitesurf tout en offrant une opportunit\u00e9 de rencontrer de nouvelles personnes partageant les m\u00eames centres d&#8217;int\u00e9r\u00eat. Notre camp est<\/p>\n<div class=\"padding-top text-center\"><a href=\"https:\/\/kitesensation-dakhla.com\/fr\/tours\/8-jours-7-nuits-camp-10h-kitesurf-dakhla\/\" class=\"atbtn atbtn--medium atbtn--rounded atbtn--transparent\">Read more<i class=\"atbtn__icon atbtn__icon--right fa fa-long-arrow-right\"><\/i><\/a><\/div>\n","protected":false},"featured_media":1697,"template":"","meta":[],"product_cat":[73,70],"product_tag":[],"yoast_head":"<!-- This site is optimized with the Yoast SEO plugin v21.1 - https:\/\/yoast.com\/wordpress\/plugins\/seo\/ -->\n<title>8 Days 7 Nights Camp &amp; 10h Kitesurf Dakhla<\/title>\n<meta name=\"description\" content=\"Plongez-vous dans le monde du kitesurf avec notre camp de 8 jours et 7 nuits \u00e0 Dakhla. S\u00e9journez dans notre camp, recevez 10 heures de cours de kitesurf et explorez les spots exceptionnels de la r\u00e9gion.\" \/>\n<meta name=\"robots\" content=\"index, follow, max-snippet:-1, max-image-preview:large, max-video-preview:-1\" \/>\n<link rel=\"canonical\" href=\"https:\/\/kitesensation-dakhla.com\/fr\/tours\/8-jours-7-nuits-camp-10h-kitesurf-dakhla\/\" \/>\n<meta property=\"og:locale\" content=\"fr_FR\" \/>\n<meta property=\"og:type\" content=\"article\" \/>\n<meta property=\"og:title\" content=\"8 Days 7 Nights Camp &amp; 10h Kitesurf Dakhla\" \/>\n<meta property=\"og:description\" content=\"Plongez-vous dans le monde du kitesurf avec notre camp de 8 jours et 7 nuits \u00e0 Dakhla. S\u00e9journez dans notre camp, recevez 10 heures de cours de kitesurf et explorez les spots exceptionnels de la r\u00e9gion.\" \/>\n<meta property=\"og:url\" content=\"https:\/\/kitesensation-dakhla.com\/fr\/tours\/8-jours-7-nuits-camp-10h-kitesurf-dakhla\/\" \/>\n<meta property=\"og:site_name\" content=\"KiteSurf Dakhla\" \/>\n<meta property=\"article:modified_time\" content=\"2023-12-17T12:31:41+00:00\" \/>\n<meta property=\"og:image\" content=\"https:\/\/kitesensation-dakhla.com\/fr\/wp-content\/uploads\/2021\/12\/OutKitesurf7.webp\" \/>\n\t<meta property=\"og:image:width\" content=\"1080\" \/>\n\t<meta property=\"og:image:height\" content=\"719\" \/>\n\t<meta property=\"og:image:type\" content=\"image\/webp\" \/>\n<meta name=\"twitter:card\" content=\"summary_large_image\" \/>\n<meta name=\"twitter:label1\" content=\"Dur\u00e9e de lecture estim\u00e9e\" \/>\n\t<meta name=\"twitter:data1\" content=\"3 minutes\" \/>\n<!-- \/ Yoast SEO plugin. -->","yoast_head_json":{"title":"8 Days 7 Nights Camp & 10h Kitesurf Dakhla","description":"Plongez-vous dans le monde du kitesurf avec notre camp de 8 jours et 7 nuits \u00e0 Dakhla. S\u00e9journez dans notre camp, recevez 10 heures de cours de kitesurf et explorez les spots exceptionnels de la r\u00e9gion.","robots":{"index":"index","follow":"follow","max-snippet":"max-snippet:-1","max-image-preview":"max-image-preview:large","max-video-preview":"max-video-preview:-1"},"canonical":"https:\/\/kitesensation-dakhla.com\/fr\/tours\/8-jours-7-nuits-camp-10h-kitesurf-dakhla\/","og_locale":"fr_FR","og_type":"article","og_title":"8 Days 7 Nights Camp & 10h Kitesurf Dakhla","og_description":"Plongez-vous dans le monde du kitesurf avec notre camp de 8 jours et 7 nuits \u00e0 Dakhla. S\u00e9journez dans notre camp, recevez 10 heures de cours de kitesurf et explorez les spots exceptionnels de la r\u00e9gion.","og_url":"https:\/\/kitesensation-dakhla.com\/fr\/tours\/8-jours-7-nuits-camp-10h-kitesurf-dakhla\/","og_site_name":"KiteSurf Dakhla","article_modified_time":"2023-12-17T12:31:41+00:00","og_image":[{"width":1080,"height":719,"url":"https:\/\/kitesensation-dakhla.com\/fr\/wp-content\/uploads\/2021\/12\/OutKitesurf7.webp","type":"image\/webp"}],"twitter_card":"summary_large_image","twitter_misc":{"Dur\u00e9e de lecture estim\u00e9e":"3 minutes"},"schema":{"@context":"https:\/\/schema.org","@graph":[{"@type":"WebPage","@id":"https:\/\/kitesensation-dakhla.com\/fr\/tours\/8-jours-7-nuits-camp-10h-kitesurf-dakhla\/","url":"https:\/\/kitesensation-dakhla.com\/fr\/tours\/8-jours-7-nuits-camp-10h-kitesurf-dakhla\/","name":"8 Days 7 Nights Camp & 10h Kitesurf Dakhla","isPartOf":{"@id":"https:\/\/kitesensation-dakhla.com\/fr\/#website"},"datePublished":"2021-12-04T14:27:26+00:00","dateModified":"2023-12-17T12:31:41+00:00","description":"Plongez-vous dans le monde du kitesurf avec notre camp de 8 jours et 7 nuits \u00e0 Dakhla. S\u00e9journez dans notre camp, recevez 10 heures de cours de kitesurf et explorez les spots exceptionnels de la r\u00e9gion.","breadcrumb":{"@id":"https:\/\/kitesensation-dakhla.com\/fr\/tours\/8-jours-7-nuits-camp-10h-kitesurf-dakhla\/#breadcrumb"},"inLanguage":"fr-FR","potentialAction":[{"@type":"ReadAction","target":["https:\/\/kitesensation-dakhla.com\/fr\/tours\/8-jours-7-nuits-camp-10h-kitesurf-dakhla\/"]}]},{"@type":"BreadcrumbList","@id":"https:\/\/kitesensation-dakhla.com\/fr\/tours\/8-jours-7-nuits-camp-10h-kitesurf-dakhla\/#breadcrumb","itemListElement":[{"@type":"ListItem","position":1,"name":"Accueil","item":"https:\/\/kitesensation-dakhla.com\/fr\/"},{"@type":"ListItem","position":2,"name":"Products","item":"https:\/\/kitesensation-dakhla.com\/fr\/shop\/"},{"@type":"ListItem","position":3,"name":"8 Jours 7 Nuits Camp &#038; 10h de Kitesurf \u00e0 Dakhla"}]},{"@type":"WebSite","@id":"https:\/\/kitesensation-dakhla.com\/fr\/#website","url":"https:\/\/kitesensation-dakhla.com\/fr\/","name":"KiteSurf Dakhla","description":"Kitesurf et surf \u00e0 Dakhla Maroc","publisher":{"@id":"https:\/\/kitesensation-dakhla.com\/fr\/#organization"},"potentialAction":[{"@type":"SearchAction","target":{"@type":"EntryPoint","urlTemplate":"https:\/\/kitesensation-dakhla.com\/fr\/?s={search_term_string}"},"query-input":"required name=search_term_string"}],"inLanguage":"fr-FR"},{"@type":"Organization","@id":"https:\/\/kitesensation-dakhla.com\/fr\/#organization","name":"Kitesensation Dakhla","url":"https:\/\/kitesensation-dakhla.com\/fr\/","logo":{"@type":"ImageObject","inLanguage":"fr-FR","@id":"https:\/\/kitesensation-dakhla.com\/fr\/#\/schema\/logo\/image\/","url":"https:\/\/kitesensation-dakhla.com\/fr\/wp-content\/uploads\/2021\/12\/cropped-favIcon-1.png","contentUrl":"https:\/\/kitesensation-dakhla.com\/fr\/wp-content\/uploads\/2021\/12\/cropped-favIcon-1.png","width":512,"height":512,"caption":"Kitesensation Dakhla"},"image":{"@id":"https:\/\/kitesensation-dakhla.com\/fr\/#\/schema\/logo\/image\/"}}]}},"_links":{"self":[{"href":"https:\/\/kitesensation-dakhla.com\/fr\/wp-json\/wp\/v2\/product\/1579"}],"collection":[{"href":"https:\/\/kitesensation-dakhla.com\/fr\/wp-json\/wp\/v2\/product"}],"about":[{"href":"https:\/\/kitesensation-dakhla.com\/fr\/wp-json\/wp\/v2\/types\/product"}],"wp:featuredmedia":[{"embeddable":true,"href":"https:\/\/kitesensation-dakhla.com\/fr\/wp-json\/wp\/v2\/media\/1697"}],"wp:attachment":[{"href":"https:\/\/kitesensation-dakhla.com\/fr\/wp-json\/wp\/v2\/media?parent=1579"}],"wp:term":[{"taxonomy":"product_cat","embeddable":true,"href":"https:\/\/kitesensation-dakhla.com\/fr\/wp-json\/wp\/v2\/product_cat?post=1579"},{"taxonomy":"product_tag","embeddable":true,"href":"https:\/\/kitesensation-dakhla.com\/fr\/wp-json\/wp\/v2\/product_tag?post=1579"}],"curies":[{"name":"wp","href":"https:\/\/api.w.org\/{rel}","templated":true}]}}