{"id":1589,"date":"2021-12-04T14:45:03","date_gmt":"2021-12-04T14:45:03","guid":{"rendered":"https:\/\/kitesensation-dakhla.com\/fr\/?post_type=product&#038;p=1589"},"modified":"2023-12-17T11:37:11","modified_gmt":"2023-12-17T11:37:11","slug":"15-jours-14-nuits-appartement-12h-kitesurf-dakhla","status":"publish","type":"product","link":"https:\/\/kitesensation-dakhla.com\/fr\/tours\/15-jours-14-nuits-appartement-12h-kitesurf-dakhla\/","title":{"rendered":"15 Jours 14 Nuits Appartement &#038; 12h de Kitesurf \u00e0 Dakhla"},"content":{"rendered":"<p>[vc_row][vc_column][vc_column_text]Plongez dans l&#8217;ultime retraite priv\u00e9e en choisissant notre h\u00e9bergement exclusif en appartement priv\u00e9 dans la ville de Dakhla.<\/p>\n<p>Nos appartements priv\u00e9s offrent une exp\u00e9rience intime et isol\u00e9e, vous fournissant un havre personnel pendant votre s\u00e9jour. Profitez de l&#8217;intimit\u00e9 de votre propre espace de vie spacieux, de votre chambre et de votre cuisine enti\u00e8rement \u00e9quip\u00e9e, vous permettant de vous d\u00e9tendre et de vous relaxer dans un confort complet. Sentez-vous chez vous dans votre propre sanctuaire priv\u00e9.<\/p>\n<p><center><a class=\"whatsapp-button\" style=\"display: inline-block; padding: 10px 20px; text-decoration: none; background-color: #25d366; color: #ffffff; border-radius: 5px; transition: background-color 0.3s ease;\" href=\"https:\/\/wa.link\/dm5jtg\" target=\"_blank\" rel=\"noopener\">R\u00e9servez via WhatsApp<\/a><\/center>Situ\u00e9s \u00e0 proximit\u00e9 des spots de kitesurf pris\u00e9s, nos appartements priv\u00e9s offrent un acc\u00e8s facile aux magnifiques plages o\u00f9 prosp\u00e8rent les passionn\u00e9s de kitesurf. Vivez l&#8217;excitation de dompter les vagues et de planer dans les airs, sachant que vous \u00eates \u00e0 quelques instants des spots de kitesurf anim\u00e9s.<\/p>\n<p>Pour garantir une exp\u00e9rience de kitesurf sans accroc \u00e0 Dakhla, nous proposons des services de transport organis\u00e9s vers <a href=\"https:\/\/kitesensation-dakhla.com\/fr\/\">l&#8217;\u00e9cole de kitesurf<\/a> et les meilleurs spots de kitesurf de la r\u00e9gion. Laissez-nous nous occuper de la logistique en organisant un transport s\u00fbr et efficace, vous permettant de vous concentrer sur l&#8217;immersion dans le monde exaltant du kitesurf.<\/p>\n<p>Dans le cadre de notre engagement \u00e0 fournir un package complet de kitesurfing, nous fournissons un \u00e9quipement complet de kitesurf pour votre commodit\u00e9. Des cerfs-volants de haute qualit\u00e9 aux planches et tout l&#8217;\u00e9quipement de s\u00e9curit\u00e9 n\u00e9cessaire, nous avons tout ce dont vous avez besoin pour profiter d&#8217;un fantastique <strong>cours de kitesurf \u00e0 Dakhla<\/strong>. Voyagez l\u00e9ger et laissez-nous prendre soin de l&#8217;\u00e9quipement.<\/p>\n<p>Choisissez notre forfait appartement priv\u00e9 de 15 jours et 14 nuits pour une aventure de kitesurf in\u00e9gal\u00e9e \u00e0 Dakhla. Profitez de l&#8217;intimit\u00e9 et du confort de votre propre espace personnel, appr\u00e9ciez la commodit\u00e9 du transport organis\u00e9 et soyez assur\u00e9 que l&#8217;\u00e9quipement complet de kitesurf sera toujours \u00e0 votre disposition. Pr\u00e9parez-vous \u00e0 vivre des sensations fortes, \u00e0 embrasser la beaut\u00e9 des plages de Dakhla et \u00e0 cr\u00e9er des souvenirs qui dureront toute une vie.<\/p>\n<p><span style=\"color: #575757;\"><span style=\"font-family: NanumMyeongjo;\"><span style=\"font-size: x-large;\"><b><span style=\"font-size: large;\">Liste des prix :<\/span><\/b><\/span><\/span><\/span><\/p>\n<table class=\"blueTable\">\n<thead>\n<tr>\n<th style=\"text-align: center;\"><span style=\"font-size: 12pt;\"> Cours<br \/>\nH\u00e9bergement\u00a0<\/span><\/th>\n<th style=\"text-align: center;\"><span style=\"font-size: 12pt;\">Priv\u00e9<\/span><\/th>\n<th style=\"text-align: center;\"><span style=\"font-size: 12pt;\">Semi-Prv<\/span><\/th>\n<th style=\"text-align: center;\"><span style=\"font-size: 12pt;\">Groupe<\/span><\/th>\n<\/tr>\n<\/thead>\n<tbody>\n<tr>\n<td style=\"text-align: center;\"><span style=\"font-size: 12pt;\"><strong>Appartement<\/strong><\/span><\/td>\n<td style=\"text-align: center;\"><span style=\"font-size: 12pt;\"><strong>1143\u20ac<\/strong><\/span><\/td>\n<td style=\"text-align: center;\"><span style=\"font-size: 12pt;\"><strong>1056\u20ac<\/strong><\/span><\/td>\n<td style=\"text-align: center;\"><span style=\"font-size: 12pt;\"><strong>1002\u20ac<\/strong><\/span><\/td>\n<\/tr>\n<\/tbody>\n<\/table>\n<p>*Tous les prix sont en <strong>euros<\/strong> (\u20ac) par <strong>personne<\/strong>.<br \/>\n*Pas de frais cach\u00e9s ou co\u00fbts suppl\u00e9mentaires.[\/vc_column_text][\/vc_column][\/vc_row]<\/p>\n","protected":false},"excerpt":{"rendered":"<p>[vc_row][vc_column][vc_column_text]Plongez dans l&#8217;ultime retraite priv\u00e9e en choisissant notre h\u00e9bergement exclusif en appartement priv\u00e9 dans la ville de Dakhla. Nos appartements priv\u00e9s offrent une exp\u00e9rience intime et isol\u00e9e, vous fournissant un havre personnel pendant votre s\u00e9jour. Profitez de l&#8217;intimit\u00e9 de votre propre espace de vie spacieux, de votre chambre et de votre cuisine enti\u00e8rement \u00e9quip\u00e9e, vous<\/p>\n<div class=\"padding-top text-center\"><a href=\"https:\/\/kitesensation-dakhla.com\/fr\/tours\/15-jours-14-nuits-appartement-12h-kitesurf-dakhla\/\" class=\"atbtn atbtn--medium atbtn--rounded atbtn--transparent\">Read more<i class=\"atbtn__icon atbtn__icon--right fa fa-long-arrow-right\"><\/i><\/a><\/div>\n","protected":false},"featured_media":2026,"template":"","meta":[],"product_cat":[71,70],"product_tag":[],"yoast_head":"<!-- This site is optimized with the Yoast SEO plugin v21.1 - https:\/\/yoast.com\/wordpress\/plugins\/seo\/ -->\n<title>15 Jours 14 Nuits Appartement &amp; 12h de Kitesurf \u00e0 Dakhla<\/title>\n<meta name=\"description\" content=\"D\u00e9couvrez l&#039;aventure ultime de kitesurf avec notre forfait de 15 jours et 14 nuits \u00e0 Dakhla. Profitez d&#039;un s\u00e9jour confortable dans un appartement priv\u00e9 et recevez 12 heures de cours de kitesurf professionnels\" \/>\n<meta name=\"robots\" content=\"index, follow, max-snippet:-1, max-image-preview:large, max-video-preview:-1\" \/>\n<link rel=\"canonical\" href=\"https:\/\/kitesensation-dakhla.com\/fr\/tours\/15-jours-14-nuits-appartement-12h-kitesurf-dakhla\/\" \/>\n<meta property=\"og:locale\" content=\"fr_FR\" \/>\n<meta property=\"og:type\" content=\"article\" \/>\n<meta property=\"og:title\" content=\"15 Jours 14 Nuits Appartement &amp; 12h de Kitesurf \u00e0 Dakhla\" \/>\n<meta property=\"og:description\" content=\"D\u00e9couvrez l&#039;aventure ultime de kitesurf avec notre forfait de 15 jours et 14 nuits \u00e0 Dakhla. Profitez d&#039;un s\u00e9jour confortable dans un appartement priv\u00e9 et recevez 12 heures de cours de kitesurf professionnels\" \/>\n<meta property=\"og:url\" content=\"https:\/\/kitesensation-dakhla.com\/fr\/tours\/15-jours-14-nuits-appartement-12h-kitesurf-dakhla\/\" \/>\n<meta property=\"og:site_name\" content=\"KiteSurf Dakhla\" \/>\n<meta property=\"article:modified_time\" content=\"2023-12-17T11:37:11+00:00\" \/>\n<meta property=\"og:image\" content=\"https:\/\/kitesensation-dakhla.com\/fr\/wp-content\/uploads\/2021\/12\/surf-dakhla.jpg\" \/>\n\t<meta property=\"og:image:width\" content=\"1280\" \/>\n\t<meta property=\"og:image:height\" content=\"960\" \/>\n\t<meta property=\"og:image:type\" content=\"image\/jpeg\" \/>\n<meta name=\"twitter:card\" content=\"summary_large_image\" \/>\n<meta name=\"twitter:label1\" content=\"Dur\u00e9e de lecture estim\u00e9e\" \/>\n\t<meta name=\"twitter:data1\" content=\"2 minutes\" \/>\n<!-- \/ Yoast SEO plugin. -->","yoast_head_json":{"title":"15 Jours 14 Nuits Appartement & 12h de Kitesurf \u00e0 Dakhla","description":"D\u00e9couvrez l'aventure ultime de kitesurf avec notre forfait de 15 jours et 14 nuits \u00e0 Dakhla. Profitez d'un s\u00e9jour confortable dans un appartement priv\u00e9 et recevez 12 heures de cours de kitesurf professionnels","robots":{"index":"index","follow":"follow","max-snippet":"max-snippet:-1","max-image-preview":"max-image-preview:large","max-video-preview":"max-video-preview:-1"},"canonical":"https:\/\/kitesensation-dakhla.com\/fr\/tours\/15-jours-14-nuits-appartement-12h-kitesurf-dakhla\/","og_locale":"fr_FR","og_type":"article","og_title":"15 Jours 14 Nuits Appartement & 12h de Kitesurf \u00e0 Dakhla","og_description":"D\u00e9couvrez l'aventure ultime de kitesurf avec notre forfait de 15 jours et 14 nuits \u00e0 Dakhla. Profitez d'un s\u00e9jour confortable dans un appartement priv\u00e9 et recevez 12 heures de cours de kitesurf professionnels","og_url":"https:\/\/kitesensation-dakhla.com\/fr\/tours\/15-jours-14-nuits-appartement-12h-kitesurf-dakhla\/","og_site_name":"KiteSurf Dakhla","article_modified_time":"2023-12-17T11:37:11+00:00","og_image":[{"width":1280,"height":960,"url":"https:\/\/kitesensation-dakhla.com\/fr\/wp-content\/uploads\/2021\/12\/surf-dakhla.jpg","type":"image\/jpeg"}],"twitter_card":"summary_large_image","twitter_misc":{"Dur\u00e9e de lecture estim\u00e9e":"2 minutes"},"schema":{"@context":"https:\/\/schema.org","@graph":[{"@type":"WebPage","@id":"https:\/\/kitesensation-dakhla.com\/fr\/tours\/15-jours-14-nuits-appartement-12h-kitesurf-dakhla\/","url":"https:\/\/kitesensation-dakhla.com\/fr\/tours\/15-jours-14-nuits-appartement-12h-kitesurf-dakhla\/","name":"15 Jours 14 Nuits Appartement & 12h de Kitesurf \u00e0 Dakhla","isPartOf":{"@id":"https:\/\/kitesensation-dakhla.com\/fr\/#website"},"datePublished":"2021-12-04T14:45:03+00:00","dateModified":"2023-12-17T11:37:11+00:00","description":"D\u00e9couvrez l'aventure ultime de kitesurf avec notre forfait de 15 jours et 14 nuits \u00e0 Dakhla. Profitez d'un s\u00e9jour confortable dans un appartement priv\u00e9 et recevez 12 heures de cours de kitesurf professionnels","breadcrumb":{"@id":"https:\/\/kitesensation-dakhla.com\/fr\/tours\/15-jours-14-nuits-appartement-12h-kitesurf-dakhla\/#breadcrumb"},"inLanguage":"fr-FR","potentialAction":[{"@type":"ReadAction","target":["https:\/\/kitesensation-dakhla.com\/fr\/tours\/15-jours-14-nuits-appartement-12h-kitesurf-dakhla\/"]}]},{"@type":"BreadcrumbList","@id":"https:\/\/kitesensation-dakhla.com\/fr\/tours\/15-jours-14-nuits-appartement-12h-kitesurf-dakhla\/#breadcrumb","itemListElement":[{"@type":"ListItem","position":1,"name":"Accueil","item":"https:\/\/kitesensation-dakhla.com\/fr\/"},{"@type":"ListItem","position":2,"name":"Products","item":"https:\/\/kitesensation-dakhla.com\/fr\/shop\/"},{"@type":"ListItem","position":3,"name":"15 Jours 14 Nuits Appartement &#038; 12h de Kitesurf \u00e0 Dakhla"}]},{"@type":"WebSite","@id":"https:\/\/kitesensation-dakhla.com\/fr\/#website","url":"https:\/\/kitesensation-dakhla.com\/fr\/","name":"KiteSurf Dakhla","description":"Kitesurf et surf \u00e0 Dakhla Maroc","publisher":{"@id":"https:\/\/kitesensation-dakhla.com\/fr\/#organization"},"potentialAction":[{"@type":"SearchAction","target":{"@type":"EntryPoint","urlTemplate":"https:\/\/kitesensation-dakhla.com\/fr\/?s={search_term_string}"},"query-input":"required name=search_term_string"}],"inLanguage":"fr-FR"},{"@type":"Organization","@id":"https:\/\/kitesensation-dakhla.com\/fr\/#organization","name":"Kitesensation Dakhla","url":"https:\/\/kitesensation-dakhla.com\/fr\/","logo":{"@type":"ImageObject","inLanguage":"fr-FR","@id":"https:\/\/kitesensation-dakhla.com\/fr\/#\/schema\/logo\/image\/","url":"https:\/\/kitesensation-dakhla.com\/fr\/wp-content\/uploads\/2021\/12\/cropped-favIcon-1.png","contentUrl":"https:\/\/kitesensation-dakhla.com\/fr\/wp-content\/uploads\/2021\/12\/cropped-favIcon-1.png","width":512,"height":512,"caption":"Kitesensation Dakhla"},"image":{"@id":"https:\/\/kitesensation-dakhla.com\/fr\/#\/schema\/logo\/image\/"}}]}},"_links":{"self":[{"href":"https:\/\/kitesensation-dakhla.com\/fr\/wp-json\/wp\/v2\/product\/1589"}],"collection":[{"href":"https:\/\/kitesensation-dakhla.com\/fr\/wp-json\/wp\/v2\/product"}],"about":[{"href":"https:\/\/kitesensation-dakhla.com\/fr\/wp-json\/wp\/v2\/types\/product"}],"wp:featuredmedia":[{"embeddable":true,"href":"https:\/\/kitesensation-dakhla.com\/fr\/wp-json\/wp\/v2\/media\/2026"}],"wp:attachment":[{"href":"https:\/\/kitesensation-dakhla.com\/fr\/wp-json\/wp\/v2\/media?parent=1589"}],"wp:term":[{"taxonomy":"product_cat","embeddable":true,"href":"https:\/\/kitesensation-dakhla.com\/fr\/wp-json\/wp\/v2\/product_cat?post=1589"},{"taxonomy":"product_tag","embeddable":true,"href":"https:\/\/kitesensation-dakhla.com\/fr\/wp-json\/wp\/v2\/product_tag?post=1589"}],"curies":[{"name":"wp","href":"https:\/\/api.w.org\/{rel}","templated":true}]}}