{"id":1599,"date":"2021-12-04T15:01:10","date_gmt":"2021-12-04T15:01:10","guid":{"rendered":"https:\/\/kitesensation-dakhla.com\/fr\/?post_type=product&#038;p=1599"},"modified":"2023-12-17T11:38:03","modified_gmt":"2023-12-17T11:38:03","slug":"8-jours-7-nuits-appartement-12h-kitesurf-dakhla","status":"publish","type":"product","link":"https:\/\/kitesensation-dakhla.com\/fr\/tours\/8-jours-7-nuits-appartement-12h-kitesurf-dakhla\/","title":{"rendered":"8 Jours 7 Nuits Appartement &#038; 12h de Kitesurf \u00e0 Dakhla"},"content":{"rendered":"<p>[vc_row][vc_column][vc_column_text]Profitez de l&#8217;ultime escapade priv\u00e9e \u00e0 Dakhla en optant pour notre option exclusive d&#8217;h\u00e9bergement en appartement priv\u00e9.<\/p>\n<p>Nos appartements priv\u00e9s offrent un cadre isol\u00e9 et intime, garantissant que vous disposez d&#8217;un espace tranquille rien que pour vous. Indulgez-vous dans l&#8217;intimit\u00e9 de votre propre salon, chambre et kitchenette, vous permettant de vous d\u00e9tendre \u00e0 votre rythme. Vivez une exp\u00e9rience comme chez vous pendant votre aventure de kitesurf.<\/p>\n<p>Situ\u00e9s \u00e0 proximit\u00e9 des spots de kitesurf pris\u00e9s, nos appartements priv\u00e9s offrent un acc\u00e8s facile aux magnifiques plages o\u00f9 vous pourrez vous adonner \u00e0 des sessions de kitesurf palpitantes. Immergez-vous dans l&#8217;excitation du sport, sachant que vous \u00eates \u00e0 deux pas de l&#8217;action.<\/p>\n<p><center><a class=\"whatsapp-button\" style=\"display: inline-block; padding: 10px 20px; text-decoration: none; background-color: #25d366; color: #ffffff; border-radius: 5px; transition: background-color 0.3s ease;\" href=\"https:\/\/wa.link\/dm5jtg\" target=\"_blank\" rel=\"noopener\">R\u00e9servez via WhatsApp<\/a><\/center>&nbsp;<\/p>\n<p>Pour rendre votre exp\u00e9rience de kitesurf sans probl\u00e8me et sans stress, nous proposons des services de transport organis\u00e9s vers <a href=\"https:\/\/kitesensation-dakhla.com\/fr\/\">l&#8217;\u00e9cole de kitesurf<\/a> et les meilleurs spots de kitesurf de la r\u00e9gion. Laissez-nous nous occuper de la logistique en veillant \u00e0 ce que vous atteigniez vos destinations souhait\u00e9es de mani\u00e8re s\u00fbre et efficace, vous permettant de vous concentrer sur la jouissance des incroyables opportunit\u00e9s de kitesurf qui vous attendent.<\/p>\n<p>Dans le cadre de notre engagement \u00e0 fournir une exp\u00e9rience compl\u00e8te de kitesurf, nous offrons un \u00e9quipement complet de kitesurf pour votre commodit\u00e9. Des cerfs-volants et planches \u00e0 tout l&#8217;\u00e9quipement de s\u00e9curit\u00e9 n\u00e9cessaire, nous avons tout pr\u00e9vu. Voyagez l\u00e9ger et soyez assur\u00e9 que vous aurez acc\u00e8s \u00e0 un \u00e9quipement de haute qualit\u00e9 tout au long de votre <strong>cours de kitesurf<\/strong>.<\/p>\n<p>Choisissez notre forfait appartement priv\u00e9 de 8 jours et 7 nuits pour une aventure de kitesurf inoubliable \u00e0 Dakhla. Profitez de l&#8217;intimit\u00e9 et du confort de votre propre espace, de la commodit\u00e9 du transport organis\u00e9 et de l&#8217;assurance d&#8217;un \u00e9quipement complet de kitesurf fourni. Pr\u00e9parez-vous \u00e0 vous immerger dans un monde de sensations fortes, de vues \u00e0 couper le souffle et de souvenirs \u00e9ternels.<\/p>\n<p><span style=\"color: #575757;\"><span style=\"font-family: NanumMyeongjo;\"><span style=\"font-size: x-large;\"><span style=\"font-size: large;\">\u00a0<\/span><span style=\"font-size: large;\">Liste des prix :<\/span><\/span><\/span><\/span><\/p>\n<table class=\"blueTable\" style=\"width: 40.9116%; height: 72px;\">\n<thead>\n<tr style=\"height: 48px;\">\n<th style=\"text-align: center; height: 48px;\"><span style=\"font-size: 12pt;\">Cours<br \/>\nH\u00e9bergement\u00a0<\/span><\/th>\n<th style=\"text-align: center; height: 48px;\"><span style=\"font-size: 12pt;\">Priv\u00e9<\/span><\/th>\n<th style=\"text-align: center; height: 48px;\"><span style=\"font-size: 12pt;\">Semi-Prv<\/span><\/th>\n<th style=\"text-align: center; height: 48px;\"><span style=\"font-size: 12pt;\">Groupe<\/span><\/th>\n<\/tr>\n<\/thead>\n<tbody>\n<tr style=\"height: 24px;\">\n<td style=\"text-align: center; height: 24px;\"><span style=\"font-size: 12pt;\"><strong>Appartement<\/strong><\/span><\/td>\n<td style=\"text-align: center; height: 24px;\"><span style=\"font-size: 12pt;\"><strong>743\u20ac<\/strong><\/span><\/td>\n<td style=\"text-align: center; height: 24px;\"><span style=\"font-size: 12pt;\"><strong>656\u20ac<\/strong><\/span><\/td>\n<td style=\"text-align: center; height: 24px;\"><span style=\"font-size: 12pt;\"><strong>602\u20ac<\/strong><\/span><\/td>\n<\/tr>\n<\/tbody>\n<\/table>\n<p>*Tous les prix sont en <strong>euros<\/strong> (\u20ac) par <strong>personne<\/strong>.<br \/>\n*Pas de frais cach\u00e9s ou co\u00fbts suppl\u00e9mentaires.[\/vc_column_text][\/vc_column][\/vc_row]<\/p>\n","protected":false},"excerpt":{"rendered":"<p>[vc_row][vc_column][vc_column_text]Profitez de l&#8217;ultime escapade priv\u00e9e \u00e0 Dakhla en optant pour notre option exclusive d&#8217;h\u00e9bergement en appartement priv\u00e9. Nos appartements priv\u00e9s offrent un cadre isol\u00e9 et intime, garantissant que vous disposez d&#8217;un espace tranquille rien que pour vous. Indulgez-vous dans l&#8217;intimit\u00e9 de votre propre salon, chambre et kitchenette, vous permettant de vous d\u00e9tendre \u00e0 votre rythme.<\/p>\n<div class=\"padding-top text-center\"><a href=\"https:\/\/kitesensation-dakhla.com\/fr\/tours\/8-jours-7-nuits-appartement-12h-kitesurf-dakhla\/\" class=\"atbtn atbtn--medium atbtn--rounded atbtn--transparent\">Read more<i class=\"atbtn__icon atbtn__icon--right fa fa-long-arrow-right\"><\/i><\/a><\/div>\n","protected":false},"featured_media":2028,"template":"","meta":[],"product_cat":[71,70],"product_tag":[],"yoast_head":"<!-- This site is optimized with the Yoast SEO plugin v21.1 - https:\/\/yoast.com\/wordpress\/plugins\/seo\/ -->\n<title>8 Jours 7 Nuits Appartement &amp; 12h de Kitesurf \u00e0 Dakhla<\/title>\n<meta name=\"description\" content=\"Rejoignez notre aventure de kitesurf de 8 jours et 7 nuits \u00e0 Dakhla. S\u00e9journez dans un appartement priv\u00e9, offrez-vous une retraite confortable et recevez 12 heures de cours de kitesurf professionnels.\" \/>\n<meta name=\"robots\" content=\"index, follow, max-snippet:-1, max-image-preview:large, max-video-preview:-1\" \/>\n<link rel=\"canonical\" href=\"https:\/\/kitesensation-dakhla.com\/fr\/tours\/8-jours-7-nuits-appartement-12h-kitesurf-dakhla\/\" \/>\n<meta property=\"og:locale\" content=\"fr_FR\" \/>\n<meta property=\"og:type\" content=\"article\" \/>\n<meta property=\"og:title\" content=\"8 Jours 7 Nuits Appartement &amp; 12h de Kitesurf \u00e0 Dakhla\" \/>\n<meta property=\"og:description\" content=\"Rejoignez notre aventure de kitesurf de 8 jours et 7 nuits \u00e0 Dakhla. S\u00e9journez dans un appartement priv\u00e9, offrez-vous une retraite confortable et recevez 12 heures de cours de kitesurf professionnels.\" \/>\n<meta property=\"og:url\" content=\"https:\/\/kitesensation-dakhla.com\/fr\/tours\/8-jours-7-nuits-appartement-12h-kitesurf-dakhla\/\" \/>\n<meta property=\"og:site_name\" content=\"KiteSurf Dakhla\" \/>\n<meta property=\"article:modified_time\" content=\"2023-12-17T11:38:03+00:00\" \/>\n<meta property=\"og:image\" content=\"https:\/\/kitesensation-dakhla.com\/fr\/wp-content\/uploads\/2021\/12\/kite-surf-dakhla.jpg\" \/>\n\t<meta property=\"og:image:width\" content=\"768\" \/>\n\t<meta property=\"og:image:height\" content=\"1024\" \/>\n\t<meta property=\"og:image:type\" content=\"image\/jpeg\" \/>\n<meta name=\"twitter:card\" content=\"summary_large_image\" \/>\n<meta name=\"twitter:label1\" content=\"Dur\u00e9e de lecture estim\u00e9e\" \/>\n\t<meta name=\"twitter:data1\" content=\"2 minutes\" \/>\n<!-- \/ Yoast SEO plugin. -->","yoast_head_json":{"title":"8 Jours 7 Nuits Appartement & 12h de Kitesurf \u00e0 Dakhla","description":"Rejoignez notre aventure de kitesurf de 8 jours et 7 nuits \u00e0 Dakhla. S\u00e9journez dans un appartement priv\u00e9, offrez-vous une retraite confortable et recevez 12 heures de cours de kitesurf professionnels.","robots":{"index":"index","follow":"follow","max-snippet":"max-snippet:-1","max-image-preview":"max-image-preview:large","max-video-preview":"max-video-preview:-1"},"canonical":"https:\/\/kitesensation-dakhla.com\/fr\/tours\/8-jours-7-nuits-appartement-12h-kitesurf-dakhla\/","og_locale":"fr_FR","og_type":"article","og_title":"8 Jours 7 Nuits Appartement & 12h de Kitesurf \u00e0 Dakhla","og_description":"Rejoignez notre aventure de kitesurf de 8 jours et 7 nuits \u00e0 Dakhla. S\u00e9journez dans un appartement priv\u00e9, offrez-vous une retraite confortable et recevez 12 heures de cours de kitesurf professionnels.","og_url":"https:\/\/kitesensation-dakhla.com\/fr\/tours\/8-jours-7-nuits-appartement-12h-kitesurf-dakhla\/","og_site_name":"KiteSurf Dakhla","article_modified_time":"2023-12-17T11:38:03+00:00","og_image":[{"width":768,"height":1024,"url":"https:\/\/kitesensation-dakhla.com\/fr\/wp-content\/uploads\/2021\/12\/kite-surf-dakhla.jpg","type":"image\/jpeg"}],"twitter_card":"summary_large_image","twitter_misc":{"Dur\u00e9e de lecture estim\u00e9e":"2 minutes"},"schema":{"@context":"https:\/\/schema.org","@graph":[{"@type":"WebPage","@id":"https:\/\/kitesensation-dakhla.com\/fr\/tours\/8-jours-7-nuits-appartement-12h-kitesurf-dakhla\/","url":"https:\/\/kitesensation-dakhla.com\/fr\/tours\/8-jours-7-nuits-appartement-12h-kitesurf-dakhla\/","name":"8 Jours 7 Nuits Appartement & 12h de Kitesurf \u00e0 Dakhla","isPartOf":{"@id":"https:\/\/kitesensation-dakhla.com\/fr\/#website"},"datePublished":"2021-12-04T15:01:10+00:00","dateModified":"2023-12-17T11:38:03+00:00","description":"Rejoignez notre aventure de kitesurf de 8 jours et 7 nuits \u00e0 Dakhla. S\u00e9journez dans un appartement priv\u00e9, offrez-vous une retraite confortable et recevez 12 heures de cours de kitesurf professionnels.","breadcrumb":{"@id":"https:\/\/kitesensation-dakhla.com\/fr\/tours\/8-jours-7-nuits-appartement-12h-kitesurf-dakhla\/#breadcrumb"},"inLanguage":"fr-FR","potentialAction":[{"@type":"ReadAction","target":["https:\/\/kitesensation-dakhla.com\/fr\/tours\/8-jours-7-nuits-appartement-12h-kitesurf-dakhla\/"]}]},{"@type":"BreadcrumbList","@id":"https:\/\/kitesensation-dakhla.com\/fr\/tours\/8-jours-7-nuits-appartement-12h-kitesurf-dakhla\/#breadcrumb","itemListElement":[{"@type":"ListItem","position":1,"name":"Accueil","item":"https:\/\/kitesensation-dakhla.com\/fr\/"},{"@type":"ListItem","position":2,"name":"Products","item":"https:\/\/kitesensation-dakhla.com\/fr\/shop\/"},{"@type":"ListItem","position":3,"name":"8 Jours 7 Nuits Appartement &#038; 12h de Kitesurf \u00e0 Dakhla"}]},{"@type":"WebSite","@id":"https:\/\/kitesensation-dakhla.com\/fr\/#website","url":"https:\/\/kitesensation-dakhla.com\/fr\/","name":"KiteSurf Dakhla","description":"Kitesurf et surf \u00e0 Dakhla Maroc","publisher":{"@id":"https:\/\/kitesensation-dakhla.com\/fr\/#organization"},"potentialAction":[{"@type":"SearchAction","target":{"@type":"EntryPoint","urlTemplate":"https:\/\/kitesensation-dakhla.com\/fr\/?s={search_term_string}"},"query-input":"required name=search_term_string"}],"inLanguage":"fr-FR"},{"@type":"Organization","@id":"https:\/\/kitesensation-dakhla.com\/fr\/#organization","name":"Kitesensation Dakhla","url":"https:\/\/kitesensation-dakhla.com\/fr\/","logo":{"@type":"ImageObject","inLanguage":"fr-FR","@id":"https:\/\/kitesensation-dakhla.com\/fr\/#\/schema\/logo\/image\/","url":"https:\/\/kitesensation-dakhla.com\/fr\/wp-content\/uploads\/2021\/12\/cropped-favIcon-1.png","contentUrl":"https:\/\/kitesensation-dakhla.com\/fr\/wp-content\/uploads\/2021\/12\/cropped-favIcon-1.png","width":512,"height":512,"caption":"Kitesensation Dakhla"},"image":{"@id":"https:\/\/kitesensation-dakhla.com\/fr\/#\/schema\/logo\/image\/"}}]}},"_links":{"self":[{"href":"https:\/\/kitesensation-dakhla.com\/fr\/wp-json\/wp\/v2\/product\/1599"}],"collection":[{"href":"https:\/\/kitesensation-dakhla.com\/fr\/wp-json\/wp\/v2\/product"}],"about":[{"href":"https:\/\/kitesensation-dakhla.com\/fr\/wp-json\/wp\/v2\/types\/product"}],"wp:featuredmedia":[{"embeddable":true,"href":"https:\/\/kitesensation-dakhla.com\/fr\/wp-json\/wp\/v2\/media\/2028"}],"wp:attachment":[{"href":"https:\/\/kitesensation-dakhla.com\/fr\/wp-json\/wp\/v2\/media?parent=1599"}],"wp:term":[{"taxonomy":"product_cat","embeddable":true,"href":"https:\/\/kitesensation-dakhla.com\/fr\/wp-json\/wp\/v2\/product_cat?post=1599"},{"taxonomy":"product_tag","embeddable":true,"href":"https:\/\/kitesensation-dakhla.com\/fr\/wp-json\/wp\/v2\/product_tag?post=1599"}],"curies":[{"name":"wp","href":"https:\/\/api.w.org\/{rel}","templated":true}]}}