{"id":1604,"date":"2021-12-04T19:22:12","date_gmt":"2021-12-04T19:22:12","guid":{"rendered":"https:\/\/kitesensation-dakhla.com\/fr\/?post_type=product&#038;p=1604"},"modified":"2023-12-17T11:39:13","modified_gmt":"2023-12-17T11:39:13","slug":"5-jours-4-nuits-appartement-12h-kitesurf-dakhla","status":"publish","type":"product","link":"https:\/\/kitesensation-dakhla.com\/fr\/tours\/5-jours-4-nuits-appartement-12h-kitesurf-dakhla\/","title":{"rendered":"5 Jours 4 Nuits Appartement &#038; 12h de Kitesurf \u00e0 Dakhla"},"content":{"rendered":"<p>[vc_row][vc_column][vc_column_text]Vivez une intimit\u00e9 maximale pendant votre aventure de kitesurf \u00e0 Dakhla en choisissant de s\u00e9journer dans un appartement priv\u00e9 en plein c\u0153ur de la ville de Dakhla.<\/p>\n<p>Nos appartements priv\u00e9s offrent un cadre isol\u00e9 et intime, vous permettant de vous d\u00e9tendre et de vous relaxer dans votre propre espace personnel. Profitez de la libert\u00e9 d&#8217;avoir votre propre salon, kitchenette et chambre, vous offrant une retraite confortable apr\u00e8s une journ\u00e9e de kitesurf palpitante.<\/p>\n<p>Situ\u00e9s \u00e0 proximit\u00e9 des <strong>spots de kitesurf<\/strong> pris\u00e9s, nos appartements offrent un acc\u00e8s pratique aux plages \u00e0 couper le souffle o\u00f9 vous pouvez dompter les vagues \u00e0 votre guise. Plongez-vous dans le monde exaltant du kitesurf, sachant que vous \u00eates \u00e0 quelques instants de l&#8217;action.<\/p>\n<p><center><a class=\"whatsapp-button\" style=\"display: inline-block; padding: 10px 20px; text-decoration: none; background-color: #25d366; color: #ffffff; border-radius: 5px; transition: background-color 0.3s ease;\" href=\"https:\/\/wa.link\/dm5jtg\" target=\"_blank\" rel=\"noopener\">R\u00e9servez via WhatsApp<\/a><\/center>Pour garantir une exp\u00e9rience de kitesurf sans faille, nous proposons des services de transport organis\u00e9s vers l&#8217;\u00e9cole de kitesurf et les meilleurs spots de kitesurf. Laissez-nous nous occuper de la logistique en vous conduisant en toute s\u00e9curit\u00e9 et efficacit\u00e9 vers vos destinations souhait\u00e9es, vous permettant de vous concentrer sur le plaisir du kitesurf.<\/p>\n<p>Dans le cadre de votre <a href=\"https:\/\/kitesensation-dakhla.com\/fr\/\">cours de kitesurf \u00e0 Dakhla<\/a>, nous vous fournissons un \u00e9quipement complet de kitesurf. Du cerf-volant \u00e0 la planche et tout l&#8217;\u00e9quipement de s\u00e9curit\u00e9 n\u00e9cessaire, nous avons tout pr\u00e9vu. Soyez confiant pendant votre apprentissage et votre progression dans le sport, sachant que vous avez acc\u00e8s \u00e0 un \u00e9quipement de haute qualit\u00e9 qui am\u00e9liorera votre exp\u00e9rience de kitesurf.<\/p>\n<p><span style=\"color: #575757;\"><span style=\"font-family: NanumMyeongjo;\"><span style=\"font-size: x-large;\"><span style=\"font-size: large;\">\u00a0<\/span><span style=\"font-size: large;\">Liste de prix :<\/span><\/span><\/span><\/span><\/p>\n<table class=\"blueTable\">\n<thead>\n<tr>\n<th style=\"text-align: center;\">Cours<br \/>\nH\u00e9bergement<\/th>\n<th style=\"text-align: center;\"><span style=\"font-size: 12pt;\">Priv\u00e9<\/span><\/th>\n<th style=\"text-align: center;\"><span style=\"font-size: 12pt;\">Semi-Prv<\/span><\/th>\n<th style=\"text-align: center;\"><span style=\"font-size: 12pt;\">Groupe<\/span><\/th>\n<\/tr>\n<\/thead>\n<tbody>\n<tr>\n<td style=\"text-align: center;\"><span style=\"font-size: 12pt;\"><strong>Appartement\u00a0<\/strong><\/span><\/td>\n<td style=\"text-align: center;\"><span style=\"font-size: 12pt;\"><strong>593\u20ac<\/strong><\/span><\/td>\n<td style=\"text-align: center;\"><span style=\"font-size: 12pt;\"><strong>506\u20ac<\/strong><\/span><\/td>\n<td style=\"text-align: center;\"><span style=\"font-size: 12pt;\"><strong>452\u20ac<\/strong><\/span><\/td>\n<\/tr>\n<\/tbody>\n<\/table>\n<p>*Tous les prix sont en <strong>euros<\/strong> (\u20ac) par <strong>personne<\/strong>.<br \/>\n*Pas de frais cach\u00e9s ou co\u00fbts suppl\u00e9mentaires.[\/vc_column_text][\/vc_column][\/vc_row]<\/p>\n","protected":false},"excerpt":{"rendered":"<p>[vc_row][vc_column][vc_column_text]Vivez une intimit\u00e9 maximale pendant votre aventure de kitesurf \u00e0 Dakhla en choisissant de s\u00e9journer dans un appartement priv\u00e9 en plein c\u0153ur de la ville de Dakhla. Nos appartements priv\u00e9s offrent un cadre isol\u00e9 et intime, vous permettant de vous d\u00e9tendre et de vous relaxer dans votre propre espace personnel. Profitez de la libert\u00e9 d&#8217;avoir<\/p>\n<div class=\"padding-top text-center\"><a href=\"https:\/\/kitesensation-dakhla.com\/fr\/tours\/5-jours-4-nuits-appartement-12h-kitesurf-dakhla\/\" class=\"atbtn atbtn--medium atbtn--rounded atbtn--transparent\">Read more<i class=\"atbtn__icon atbtn__icon--right fa fa-long-arrow-right\"><\/i><\/a><\/div>\n","protected":false},"featured_media":2027,"template":"","meta":[],"product_cat":[71,70],"product_tag":[],"yoast_head":"<!-- This site is optimized with the Yoast SEO plugin v21.1 - https:\/\/yoast.com\/wordpress\/plugins\/seo\/ -->\n<title>5 Jours 4 Nuits Appartement &amp; 12h de Kitesurf \u00e0 Dakhla<\/title>\n<meta name=\"description\" content=\"Lancez-vous dans une retraite de kitesurf de 5 jours et 4 nuits \u00e0 Dakhla. Profitez du confort d&#039;un appartement priv\u00e9 et recevez 12 heures de cours de kitesurf professionnels.\" \/>\n<meta name=\"robots\" content=\"index, follow, max-snippet:-1, max-image-preview:large, max-video-preview:-1\" \/>\n<link rel=\"canonical\" href=\"https:\/\/kitesensation-dakhla.com\/fr\/tours\/5-jours-4-nuits-appartement-12h-kitesurf-dakhla\/\" \/>\n<meta property=\"og:locale\" content=\"fr_FR\" \/>\n<meta property=\"og:type\" content=\"article\" \/>\n<meta property=\"og:title\" content=\"5 Jours 4 Nuits Appartement &amp; 12h de Kitesurf \u00e0 Dakhla\" \/>\n<meta property=\"og:description\" content=\"Lancez-vous dans une retraite de kitesurf de 5 jours et 4 nuits \u00e0 Dakhla. Profitez du confort d&#039;un appartement priv\u00e9 et recevez 12 heures de cours de kitesurf professionnels.\" \/>\n<meta property=\"og:url\" content=\"https:\/\/kitesensation-dakhla.com\/fr\/tours\/5-jours-4-nuits-appartement-12h-kitesurf-dakhla\/\" \/>\n<meta property=\"og:site_name\" content=\"KiteSurf Dakhla\" \/>\n<meta property=\"article:modified_time\" content=\"2023-12-17T11:39:13+00:00\" \/>\n<meta property=\"og:image\" content=\"https:\/\/kitesensation-dakhla.com\/fr\/wp-content\/uploads\/2021\/12\/kitesurf-dakhla.jpg\" \/>\n\t<meta property=\"og:image:width\" content=\"1280\" \/>\n\t<meta property=\"og:image:height\" content=\"960\" \/>\n\t<meta property=\"og:image:type\" content=\"image\/jpeg\" \/>\n<meta name=\"twitter:card\" content=\"summary_large_image\" \/>\n<meta name=\"twitter:label1\" content=\"Dur\u00e9e de lecture estim\u00e9e\" \/>\n\t<meta name=\"twitter:data1\" content=\"2 minutes\" \/>\n<!-- \/ Yoast SEO plugin. -->","yoast_head_json":{"title":"5 Jours 4 Nuits Appartement & 12h de Kitesurf \u00e0 Dakhla","description":"Lancez-vous dans une retraite de kitesurf de 5 jours et 4 nuits \u00e0 Dakhla. Profitez du confort d'un appartement priv\u00e9 et recevez 12 heures de cours de kitesurf professionnels.","robots":{"index":"index","follow":"follow","max-snippet":"max-snippet:-1","max-image-preview":"max-image-preview:large","max-video-preview":"max-video-preview:-1"},"canonical":"https:\/\/kitesensation-dakhla.com\/fr\/tours\/5-jours-4-nuits-appartement-12h-kitesurf-dakhla\/","og_locale":"fr_FR","og_type":"article","og_title":"5 Jours 4 Nuits Appartement & 12h de Kitesurf \u00e0 Dakhla","og_description":"Lancez-vous dans une retraite de kitesurf de 5 jours et 4 nuits \u00e0 Dakhla. Profitez du confort d'un appartement priv\u00e9 et recevez 12 heures de cours de kitesurf professionnels.","og_url":"https:\/\/kitesensation-dakhla.com\/fr\/tours\/5-jours-4-nuits-appartement-12h-kitesurf-dakhla\/","og_site_name":"KiteSurf Dakhla","article_modified_time":"2023-12-17T11:39:13+00:00","og_image":[{"width":1280,"height":960,"url":"https:\/\/kitesensation-dakhla.com\/fr\/wp-content\/uploads\/2021\/12\/kitesurf-dakhla.jpg","type":"image\/jpeg"}],"twitter_card":"summary_large_image","twitter_misc":{"Dur\u00e9e de lecture estim\u00e9e":"2 minutes"},"schema":{"@context":"https:\/\/schema.org","@graph":[{"@type":"WebPage","@id":"https:\/\/kitesensation-dakhla.com\/fr\/tours\/5-jours-4-nuits-appartement-12h-kitesurf-dakhla\/","url":"https:\/\/kitesensation-dakhla.com\/fr\/tours\/5-jours-4-nuits-appartement-12h-kitesurf-dakhla\/","name":"5 Jours 4 Nuits Appartement & 12h de Kitesurf \u00e0 Dakhla","isPartOf":{"@id":"https:\/\/kitesensation-dakhla.com\/fr\/#website"},"datePublished":"2021-12-04T19:22:12+00:00","dateModified":"2023-12-17T11:39:13+00:00","description":"Lancez-vous dans une retraite de kitesurf de 5 jours et 4 nuits \u00e0 Dakhla. Profitez du confort d'un appartement priv\u00e9 et recevez 12 heures de cours de kitesurf professionnels.","breadcrumb":{"@id":"https:\/\/kitesensation-dakhla.com\/fr\/tours\/5-jours-4-nuits-appartement-12h-kitesurf-dakhla\/#breadcrumb"},"inLanguage":"fr-FR","potentialAction":[{"@type":"ReadAction","target":["https:\/\/kitesensation-dakhla.com\/fr\/tours\/5-jours-4-nuits-appartement-12h-kitesurf-dakhla\/"]}]},{"@type":"BreadcrumbList","@id":"https:\/\/kitesensation-dakhla.com\/fr\/tours\/5-jours-4-nuits-appartement-12h-kitesurf-dakhla\/#breadcrumb","itemListElement":[{"@type":"ListItem","position":1,"name":"Accueil","item":"https:\/\/kitesensation-dakhla.com\/fr\/"},{"@type":"ListItem","position":2,"name":"Products","item":"https:\/\/kitesensation-dakhla.com\/fr\/shop\/"},{"@type":"ListItem","position":3,"name":"5 Jours 4 Nuits Appartement &#038; 12h de Kitesurf \u00e0 Dakhla"}]},{"@type":"WebSite","@id":"https:\/\/kitesensation-dakhla.com\/fr\/#website","url":"https:\/\/kitesensation-dakhla.com\/fr\/","name":"KiteSurf Dakhla","description":"Kitesurf et surf \u00e0 Dakhla Maroc","publisher":{"@id":"https:\/\/kitesensation-dakhla.com\/fr\/#organization"},"potentialAction":[{"@type":"SearchAction","target":{"@type":"EntryPoint","urlTemplate":"https:\/\/kitesensation-dakhla.com\/fr\/?s={search_term_string}"},"query-input":"required name=search_term_string"}],"inLanguage":"fr-FR"},{"@type":"Organization","@id":"https:\/\/kitesensation-dakhla.com\/fr\/#organization","name":"Kitesensation Dakhla","url":"https:\/\/kitesensation-dakhla.com\/fr\/","logo":{"@type":"ImageObject","inLanguage":"fr-FR","@id":"https:\/\/kitesensation-dakhla.com\/fr\/#\/schema\/logo\/image\/","url":"https:\/\/kitesensation-dakhla.com\/fr\/wp-content\/uploads\/2021\/12\/cropped-favIcon-1.png","contentUrl":"https:\/\/kitesensation-dakhla.com\/fr\/wp-content\/uploads\/2021\/12\/cropped-favIcon-1.png","width":512,"height":512,"caption":"Kitesensation Dakhla"},"image":{"@id":"https:\/\/kitesensation-dakhla.com\/fr\/#\/schema\/logo\/image\/"}}]}},"_links":{"self":[{"href":"https:\/\/kitesensation-dakhla.com\/fr\/wp-json\/wp\/v2\/product\/1604"}],"collection":[{"href":"https:\/\/kitesensation-dakhla.com\/fr\/wp-json\/wp\/v2\/product"}],"about":[{"href":"https:\/\/kitesensation-dakhla.com\/fr\/wp-json\/wp\/v2\/types\/product"}],"wp:featuredmedia":[{"embeddable":true,"href":"https:\/\/kitesensation-dakhla.com\/fr\/wp-json\/wp\/v2\/media\/2027"}],"wp:attachment":[{"href":"https:\/\/kitesensation-dakhla.com\/fr\/wp-json\/wp\/v2\/media?parent=1604"}],"wp:term":[{"taxonomy":"product_cat","embeddable":true,"href":"https:\/\/kitesensation-dakhla.com\/fr\/wp-json\/wp\/v2\/product_cat?post=1604"},{"taxonomy":"product_tag","embeddable":true,"href":"https:\/\/kitesensation-dakhla.com\/fr\/wp-json\/wp\/v2\/product_tag?post=1604"}],"curies":[{"name":"wp","href":"https:\/\/api.w.org\/{rel}","templated":true}]}}