{"id":1612,"date":"2021-12-04T19:27:25","date_gmt":"2021-12-04T19:27:25","guid":{"rendered":"https:\/\/kitesensation-dakhla.com\/fr\/?post_type=product&#038;p=1612"},"modified":"2023-12-17T11:40:13","modified_gmt":"2023-12-17T11:40:13","slug":"5-jours-4-nuits-hotel-9h-kitesurf-dakhla","status":"publish","type":"product","link":"https:\/\/kitesensation-dakhla.com\/fr\/tours\/5-jours-4-nuits-hotel-9h-kitesurf-dakhla\/","title":{"rendered":"5 Jours 4 Nuits H\u00f4tel &#038; 9h de Kitesurf \u00e0 Dakhla"},"content":{"rendered":"<p>[vc_row][vc_column][vc_column_text]Plongez-vous dans le centre-ville anim\u00e9 de Dakhla en choisissant notre h\u00f4tel comme votre base. Situ\u00e9 au c\u0153ur d&#8217;un quartier anim\u00e9 rempli de restaurants, de magasins et de caf\u00e9s, vous aurez tout ce dont vous avez besoin \u00e0 votre porte.<\/p>\n<p>Pour les passionn\u00e9s de kitesurf, notre h\u00f4tel est strat\u00e9giquement situ\u00e9 \u00e0 proximit\u00e9 des spots de kitesurf renomm\u00e9s. Vivez l&#8217;excitation de glisser \u00e0 travers les vagues et sentez le vent dans vos cheveux en vous adonnant \u00e0 ce sport nautique exaltant.<\/p>\n<p>&nbsp;<\/p>\n<p><center><a class=\"whatsapp-button\" style=\"display: inline-block; padding: 10px 20px; text-decoration: none; background-color: #25d366; color: #ffffff; border-radius: 5px; transition: background-color 0.3s ease;\" href=\"https:\/\/wa.link\/dm5jtg\" target=\"_blank\" rel=\"noopener\">R\u00e9servez via WhatsApp<\/a><\/center>&nbsp;<\/p>\n<p>Pour rendre votre parcours de kitesurf sans faille, nous proposons des services de transport organis\u00e9s vers l&#8217;\u00e9cole de kitesurf et les meilleurs spots de kitesurf. Installez-vous et d\u00e9tendez-vous pendant que nous nous occupons de la logistique, vous assurant une exp\u00e9rience sans tracas et agr\u00e9able du d\u00e9but \u00e0 la fin.<\/p>\n<p>Laissez vos soucis derri\u00e8re vous car nous avons tout pr\u00e9vu avec notre \u00e9quipement complet de kitesurf. Pas besoin d&#8217;apporter votre propre mat\u00e9riel &#8211; arrivez simplement dans notre h\u00f4tel et nous vous fournirons un \u00e9quipement de premi\u00e8re qualit\u00e9 pour am\u00e9liorer votre <a href=\"https:\/\/kitesensation-dakhla.com\/fr\/\">cours de kitesurf \u00e0 Dakhla<\/a>. Concentrez-vous sur le perfectionnement de vos comp\u00e9tences et profitez au maximum de votre temps sur l&#8217;eau.<\/p>\n<p>Profitez d&#8217;un s\u00e9jour d\u00e9licieux de 5 jours et 4 nuits dans notre h\u00f4tel, o\u00f9 le confort et la commodit\u00e9 sont nos principales priorit\u00e9s. Nos h\u00e9bergements bien am\u00e9nag\u00e9s sont con\u00e7us pour vous offrir un havre de paix relaxant apr\u00e8s une journ\u00e9e d&#8217;aventures palpitantes de kitesurf. D\u00e9tendez-vous, ressourcez-vous et pr\u00e9parez-vous pour une autre journ\u00e9e passionnante \u00e0 venir.<\/p>\n<p>Pendant votre s\u00e9jour, vous disposerez d&#8217;un total de 9 heures d\u00e9di\u00e9es au kitesurf. Que vous soyez d\u00e9butant cherchant \u00e0 apprendre les bases ou un rider exp\u00e9riment\u00e9 cherchant \u00e0 am\u00e9liorer votre technique, nos instructeurs experts vous guideront \u00e0 chaque \u00e9tape du chemin. Ressentez l&#8217;adr\u00e9naline en conqu\u00e9rant les vagues et embrassez la libert\u00e9 du kitesurf dans cette destination pittoresque.<\/p>\n<p>Choisissez notre h\u00f4tel pour une exp\u00e9rience inoubliable de kitesurf. Avec notre emplacement privil\u00e9gi\u00e9 en centre-ville, des services de transport pratiques, la fourniture d&#8217;\u00e9quipement de kitesurf et des heures d\u00e9di\u00e9es au kitesurf, nous vous garantissons une escapade pleine d&#8217;action remplie de moments m\u00e9morables et une v\u00e9ritable connexion \u00e0 la vibrante communaut\u00e9 de <strong>kitesurf \u00e0 Dakhla<\/strong>.<\/p>\n<p><span style=\"color: #575757;\"><span style=\"font-family: NanumMyeongjo;\"><span style=\"font-size: x-large;\"><span style=\"font-size: large;\">\u00a0<\/span><span style=\"font-size: large;\">Liste de prix :<\/span><\/span><\/span><\/span><\/p>\n<table class=\"blueTable\">\n<thead>\n<tr>\n<th style=\"text-align: center;\">Cours<br \/>\nH\u00e9bergement<\/th>\n<th style=\"text-align: center;\"><span style=\"font-size: 12pt;\">Priv\u00e9<\/span><\/th>\n<th style=\"text-align: center;\"><span style=\"font-size: 12pt;\">Semi-Prv<\/span><\/th>\n<th style=\"text-align: center;\"><span style=\"font-size: 12pt;\">Groupe<\/span><\/th>\n<\/tr>\n<\/thead>\n<tbody>\n<tr>\n<td style=\"text-align: center;\"><span style=\"font-size: 12pt;\"><strong>Hotel<\/strong><\/span><\/td>\n<td style=\"text-align: center;\"><span style=\"font-size: 12pt;\"><strong>713\u20ac<\/strong><\/span><\/td>\n<td style=\"text-align: center;\"><span style=\"font-size: 12pt;\"><strong>626\u20ac<\/strong><\/span><\/td>\n<td style=\"text-align: center;\"><span style=\"font-size: 12pt;\"><strong>572\u20ac<\/strong><\/span><\/td>\n<\/tr>\n<\/tbody>\n<\/table>\n<p>*Tous les prix sont en <strong>euros<\/strong> (\u20ac) par <strong>personne<\/strong>.<br \/>\n*Pas de frais cach\u00e9s ou co\u00fbts suppl\u00e9mentaires.[\/vc_column_text][\/vc_column][\/vc_row]<\/p>\n","protected":false},"excerpt":{"rendered":"<p>[vc_row][vc_column][vc_column_text]Plongez-vous dans le centre-ville anim\u00e9 de Dakhla en choisissant notre h\u00f4tel comme votre base. Situ\u00e9 au c\u0153ur d&#8217;un quartier anim\u00e9 rempli de restaurants, de magasins et de caf\u00e9s, vous aurez tout ce dont vous avez besoin \u00e0 votre porte. Pour les passionn\u00e9s de kitesurf, notre h\u00f4tel est strat\u00e9giquement situ\u00e9 \u00e0 proximit\u00e9 des spots de kitesurf<\/p>\n<div class=\"padding-top text-center\"><a href=\"https:\/\/kitesensation-dakhla.com\/fr\/tours\/5-jours-4-nuits-hotel-9h-kitesurf-dakhla\/\" class=\"atbtn atbtn--medium atbtn--rounded atbtn--transparent\">Read more<i class=\"atbtn__icon atbtn__icon--right fa fa-long-arrow-right\"><\/i><\/a><\/div>\n","protected":false},"featured_media":1819,"template":"","meta":[],"product_cat":[72,70],"product_tag":[],"yoast_head":"<!-- This site is optimized with the Yoast SEO plugin v21.1 - https:\/\/yoast.com\/wordpress\/plugins\/seo\/ -->\n<title>5 Jours 4 Nuits H\u00f4tel &amp; 9h de Kitesurf \u00e0 Dakhla<\/title>\n<meta name=\"description\" content=\"Plongez-vous dans une exp\u00e9rience de kitesurf de 5 jours et 4 nuits \u00e0 Dakhla. S\u00e9journez dans un h\u00f4tel confortable, profitez d&#039;une retraite relaxante et recevez 9 heures de cours de kitesurf professionnels.\" \/>\n<meta name=\"robots\" content=\"index, follow, max-snippet:-1, max-image-preview:large, max-video-preview:-1\" \/>\n<link rel=\"canonical\" href=\"https:\/\/kitesensation-dakhla.com\/fr\/tours\/5-jours-4-nuits-hotel-9h-kitesurf-dakhla\/\" \/>\n<meta property=\"og:locale\" content=\"fr_FR\" \/>\n<meta property=\"og:type\" content=\"article\" \/>\n<meta property=\"og:title\" content=\"5 Jours 4 Nuits H\u00f4tel &amp; 9h de Kitesurf \u00e0 Dakhla\" \/>\n<meta property=\"og:description\" content=\"Plongez-vous dans une exp\u00e9rience de kitesurf de 5 jours et 4 nuits \u00e0 Dakhla. S\u00e9journez dans un h\u00f4tel confortable, profitez d&#039;une retraite relaxante et recevez 9 heures de cours de kitesurf professionnels.\" \/>\n<meta property=\"og:url\" content=\"https:\/\/kitesensation-dakhla.com\/fr\/tours\/5-jours-4-nuits-hotel-9h-kitesurf-dakhla\/\" \/>\n<meta property=\"og:site_name\" content=\"KiteSurf Dakhla\" \/>\n<meta property=\"article:modified_time\" content=\"2023-12-17T11:40:13+00:00\" \/>\n<meta property=\"og:image\" content=\"https:\/\/kitesensation-dakhla.com\/fr\/wp-content\/uploads\/2021\/12\/Accomodation-Dakhla-2.webp\" \/>\n\t<meta property=\"og:image:width\" content=\"1455\" \/>\n\t<meta property=\"og:image:height\" content=\"1000\" \/>\n\t<meta property=\"og:image:type\" content=\"image\/webp\" \/>\n<meta name=\"twitter:card\" content=\"summary_large_image\" \/>\n<meta name=\"twitter:label1\" content=\"Dur\u00e9e de lecture estim\u00e9e\" \/>\n\t<meta name=\"twitter:data1\" content=\"2 minutes\" \/>\n<!-- \/ Yoast SEO plugin. -->","yoast_head_json":{"title":"5 Jours 4 Nuits H\u00f4tel & 9h de Kitesurf \u00e0 Dakhla","description":"Plongez-vous dans une exp\u00e9rience de kitesurf de 5 jours et 4 nuits \u00e0 Dakhla. S\u00e9journez dans un h\u00f4tel confortable, profitez d'une retraite relaxante et recevez 9 heures de cours de kitesurf professionnels.","robots":{"index":"index","follow":"follow","max-snippet":"max-snippet:-1","max-image-preview":"max-image-preview:large","max-video-preview":"max-video-preview:-1"},"canonical":"https:\/\/kitesensation-dakhla.com\/fr\/tours\/5-jours-4-nuits-hotel-9h-kitesurf-dakhla\/","og_locale":"fr_FR","og_type":"article","og_title":"5 Jours 4 Nuits H\u00f4tel & 9h de Kitesurf \u00e0 Dakhla","og_description":"Plongez-vous dans une exp\u00e9rience de kitesurf de 5 jours et 4 nuits \u00e0 Dakhla. S\u00e9journez dans un h\u00f4tel confortable, profitez d'une retraite relaxante et recevez 9 heures de cours de kitesurf professionnels.","og_url":"https:\/\/kitesensation-dakhla.com\/fr\/tours\/5-jours-4-nuits-hotel-9h-kitesurf-dakhla\/","og_site_name":"KiteSurf Dakhla","article_modified_time":"2023-12-17T11:40:13+00:00","og_image":[{"width":1455,"height":1000,"url":"https:\/\/kitesensation-dakhla.com\/fr\/wp-content\/uploads\/2021\/12\/Accomodation-Dakhla-2.webp","type":"image\/webp"}],"twitter_card":"summary_large_image","twitter_misc":{"Dur\u00e9e de lecture estim\u00e9e":"2 minutes"},"schema":{"@context":"https:\/\/schema.org","@graph":[{"@type":"WebPage","@id":"https:\/\/kitesensation-dakhla.com\/fr\/tours\/5-jours-4-nuits-hotel-9h-kitesurf-dakhla\/","url":"https:\/\/kitesensation-dakhla.com\/fr\/tours\/5-jours-4-nuits-hotel-9h-kitesurf-dakhla\/","name":"5 Jours 4 Nuits H\u00f4tel & 9h de Kitesurf \u00e0 Dakhla","isPartOf":{"@id":"https:\/\/kitesensation-dakhla.com\/fr\/#website"},"datePublished":"2021-12-04T19:27:25+00:00","dateModified":"2023-12-17T11:40:13+00:00","description":"Plongez-vous dans une exp\u00e9rience de kitesurf de 5 jours et 4 nuits \u00e0 Dakhla. S\u00e9journez dans un h\u00f4tel confortable, profitez d'une retraite relaxante et recevez 9 heures de cours de kitesurf professionnels.","breadcrumb":{"@id":"https:\/\/kitesensation-dakhla.com\/fr\/tours\/5-jours-4-nuits-hotel-9h-kitesurf-dakhla\/#breadcrumb"},"inLanguage":"fr-FR","potentialAction":[{"@type":"ReadAction","target":["https:\/\/kitesensation-dakhla.com\/fr\/tours\/5-jours-4-nuits-hotel-9h-kitesurf-dakhla\/"]}]},{"@type":"BreadcrumbList","@id":"https:\/\/kitesensation-dakhla.com\/fr\/tours\/5-jours-4-nuits-hotel-9h-kitesurf-dakhla\/#breadcrumb","itemListElement":[{"@type":"ListItem","position":1,"name":"Accueil","item":"https:\/\/kitesensation-dakhla.com\/fr\/"},{"@type":"ListItem","position":2,"name":"Products","item":"https:\/\/kitesensation-dakhla.com\/fr\/shop\/"},{"@type":"ListItem","position":3,"name":"5 Jours 4 Nuits H\u00f4tel &#038; 9h de Kitesurf \u00e0 Dakhla"}]},{"@type":"WebSite","@id":"https:\/\/kitesensation-dakhla.com\/fr\/#website","url":"https:\/\/kitesensation-dakhla.com\/fr\/","name":"KiteSurf Dakhla","description":"Kitesurf et surf \u00e0 Dakhla Maroc","publisher":{"@id":"https:\/\/kitesensation-dakhla.com\/fr\/#organization"},"potentialAction":[{"@type":"SearchAction","target":{"@type":"EntryPoint","urlTemplate":"https:\/\/kitesensation-dakhla.com\/fr\/?s={search_term_string}"},"query-input":"required name=search_term_string"}],"inLanguage":"fr-FR"},{"@type":"Organization","@id":"https:\/\/kitesensation-dakhla.com\/fr\/#organization","name":"Kitesensation Dakhla","url":"https:\/\/kitesensation-dakhla.com\/fr\/","logo":{"@type":"ImageObject","inLanguage":"fr-FR","@id":"https:\/\/kitesensation-dakhla.com\/fr\/#\/schema\/logo\/image\/","url":"https:\/\/kitesensation-dakhla.com\/fr\/wp-content\/uploads\/2021\/12\/cropped-favIcon-1.png","contentUrl":"https:\/\/kitesensation-dakhla.com\/fr\/wp-content\/uploads\/2021\/12\/cropped-favIcon-1.png","width":512,"height":512,"caption":"Kitesensation Dakhla"},"image":{"@id":"https:\/\/kitesensation-dakhla.com\/fr\/#\/schema\/logo\/image\/"}}]}},"_links":{"self":[{"href":"https:\/\/kitesensation-dakhla.com\/fr\/wp-json\/wp\/v2\/product\/1612"}],"collection":[{"href":"https:\/\/kitesensation-dakhla.com\/fr\/wp-json\/wp\/v2\/product"}],"about":[{"href":"https:\/\/kitesensation-dakhla.com\/fr\/wp-json\/wp\/v2\/types\/product"}],"wp:featuredmedia":[{"embeddable":true,"href":"https:\/\/kitesensation-dakhla.com\/fr\/wp-json\/wp\/v2\/media\/1819"}],"wp:attachment":[{"href":"https:\/\/kitesensation-dakhla.com\/fr\/wp-json\/wp\/v2\/media?parent=1612"}],"wp:term":[{"taxonomy":"product_cat","embeddable":true,"href":"https:\/\/kitesensation-dakhla.com\/fr\/wp-json\/wp\/v2\/product_cat?post=1612"},{"taxonomy":"product_tag","embeddable":true,"href":"https:\/\/kitesensation-dakhla.com\/fr\/wp-json\/wp\/v2\/product_tag?post=1612"}],"curies":[{"name":"wp","href":"https:\/\/api.w.org\/{rel}","templated":true}]}}