{"id":1616,"date":"2021-12-04T19:33:44","date_gmt":"2021-12-04T19:33:44","guid":{"rendered":"https:\/\/kitesensation-dakhla.com\/fr\/?post_type=product&#038;p=1616"},"modified":"2023-12-17T11:40:39","modified_gmt":"2023-12-17T11:40:39","slug":"8-jours-7-nuits-hotel-9h-kitesurf-dakhla","status":"publish","type":"product","link":"https:\/\/kitesensation-dakhla.com\/fr\/tours\/8-jours-7-nuits-hotel-9h-kitesurf-dakhla\/","title":{"rendered":"8 Jours 7 Nuits H\u00f4tel &#038; 9h de Kitesurf \u00e0 Dakhla"},"content":{"rendered":"<p>[vc_row][vc_column][vc_column_text]Vivez le s\u00e9jour parfait dans notre h\u00f4tel id\u00e9alement situ\u00e9 au c\u0153ur de la ville de Dakhla. Immergez-vous dans une atmosph\u00e8re dynamique avec une vari\u00e9t\u00e9 de restaurants, de magasins et de caf\u00e9s \u00e0 proximit\u00e9, vous permettant d&#8217;\u00eatre au c\u0153ur de l&#8217;action.<\/p>\n<p>Pour les passionn\u00e9s de kitesurf, notre h\u00f4tel est strat\u00e9giquement situ\u00e9 \u00e0 proximit\u00e9 des spots de kitesurf populaires. Vous aurez un acc\u00e8s facile aux plages \u00e0 couper le souffle et aux vagues palpitantes, vous assurant de profiter au maximum de vos aventures de kitesurf.<\/p>\n<p>Pour rendre votre exp\u00e9rience de kitesurf sans faille, nous proposons des services de transport organis\u00e9s vers <a href=\"https:\/\/kitesensation-dakhla.com\/fr\/\">l&#8217;\u00e9cole de kitesurf \u00e0 Dakhla<\/a> et les spots de kitesurf pris\u00e9s. Installez-vous, d\u00e9tendez-vous et laissez-nous prendre en charge la logistique, en veillant \u00e0 ce que vous arriviez en toute s\u00e9curit\u00e9 et \u00e0 temps \u00e0 vos destinations souhait\u00e9es.<\/p>\n<p><center><a class=\"whatsapp-button\" style=\"display: inline-block; padding: 10px 20px; text-decoration: none; background-color: #25d366; color: #ffffff; border-radius: 5px; transition: background-color 0.3s ease;\" href=\"https:\/\/wa.link\/dm5jtg\" target=\"_blank\" rel=\"noopener\">R\u00e9servez via WhatsApp<\/a><\/center>&nbsp;<\/p>\n<p>Laissez derri\u00e8re vous les tracas li\u00e9s \u00e0 l&#8217;emballage de votre propre \u00e9quipement, car nous nous occupons de tout. Dans le cadre de votre <a href=\"https:\/\/kitesensation-dakhla.com\/fr\/\">cours de kitesurf<\/a>, nous proposons un \u00e9quipement complet de kitesurf, vous permettant de vous concentrer uniquement sur la ma\u00eetrise de vos comp\u00e9tences sur l&#8217;eau. Que vous soyez d\u00e9butant ou kitesurfeur chevronn\u00e9, notre \u00e9quipement bien entretenu garantira une exp\u00e9rience confortable et agr\u00e9able.<\/p>\n<p>Profitez d&#8217;un s\u00e9jour inoubliable de 8 jours et 7 nuits dans notre h\u00f4tel. Profitez de nos h\u00e9bergements confortables, con\u00e7us pour vous offrir le maximum de d\u00e9tente apr\u00e8s une journ\u00e9e palpitante de kitesurf. Avec nos \u00e9quipements de qualit\u00e9 et notre personnel amical, vous vous sentirez comme chez vous tout au long de votre s\u00e9jour.<\/p>\n<p>Pendant votre s\u00e9jour chez nous, vous disposerez \u00e9galement de 9 heures d\u00e9di\u00e9es au kitesurf. Que vous souhaitiez apprendre les bases ou perfectionner votre technique, nos instructeurs exp\u00e9riment\u00e9s vous guideront \u00e0 chaque \u00e9tape du chemin. Ressentez l&#8217;adr\u00e9naline en chevauchant les vagues et d\u00e9couvrez la libert\u00e9 du kitesurf dans l&#8217;un des endroits les plus \u00e9poustouflants du monde.<\/p>\n<p>Choisissez notre h\u00f4tel pour une escapade de kitesurf in\u00e9gal\u00e9e. Avec notre emplacement central, des services de transport pratiques, la fourniture <strong>d&#8217;\u00e9quipement de kitesurf<\/strong> et des heures d\u00e9di\u00e9es au kitesurf, nous garantissons une exp\u00e9rience inoubliable remplie d&#8217;excitation, de d\u00e9tente et de souvenirs qui resteront \u00e0 jamais.<\/p>\n<p><span style=\"font-size: large;\">\u00a0<\/span><span style=\"font-size: large;\">Liste de prix :<\/span><\/p>\n<table class=\"blueTable\">\n<thead>\n<tr>\n<th style=\"text-align: center;\"><span style=\"font-size: 12pt;\">Cours<br \/>\nH\u00e9bergement\u00a0<\/span><\/th>\n<th style=\"text-align: center;\"><span style=\"font-size: 12pt;\">Priv\u00e9<\/span><\/th>\n<th style=\"text-align: center;\"><span style=\"font-size: 12pt;\">Semi-Prv<\/span><\/th>\n<th style=\"text-align: center;\"><span style=\"font-size: 12pt;\">Groupe<\/span><\/th>\n<\/tr>\n<\/thead>\n<tbody>\n<tr>\n<td style=\"text-align: center;\"><span style=\"font-size: 12pt;\"><strong>Hotel<\/strong><\/span><\/td>\n<td style=\"text-align: center;\"><span style=\"font-size: 12pt;\"><strong>953\u20ac<\/strong><\/span><\/td>\n<td style=\"text-align: center;\"><span style=\"font-size: 12pt;\"><strong>866\u20ac<\/strong><\/span><\/td>\n<td style=\"text-align: center;\"><span style=\"font-size: 12pt;\"><strong>812\u20ac<\/strong><\/span><\/td>\n<\/tr>\n<\/tbody>\n<\/table>\n<p>*Tous les prix sont en <strong>euros<\/strong> (\u20ac) par <strong>personne<\/strong>.<br \/>\n*Pas de frais cach\u00e9s ou co\u00fbts suppl\u00e9mentaires.[\/vc_column_text][\/vc_column][\/vc_row]<\/p>\n","protected":false},"excerpt":{"rendered":"<p>[vc_row][vc_column][vc_column_text]Vivez le s\u00e9jour parfait dans notre h\u00f4tel id\u00e9alement situ\u00e9 au c\u0153ur de la ville de Dakhla. Immergez-vous dans une atmosph\u00e8re dynamique avec une vari\u00e9t\u00e9 de restaurants, de magasins et de caf\u00e9s \u00e0 proximit\u00e9, vous permettant d&#8217;\u00eatre au c\u0153ur de l&#8217;action. Pour les passionn\u00e9s de kitesurf, notre h\u00f4tel est strat\u00e9giquement situ\u00e9 \u00e0 proximit\u00e9 des spots de<\/p>\n<div class=\"padding-top text-center\"><a href=\"https:\/\/kitesensation-dakhla.com\/fr\/tours\/8-jours-7-nuits-hotel-9h-kitesurf-dakhla\/\" class=\"atbtn atbtn--medium atbtn--rounded atbtn--transparent\">Read more<i class=\"atbtn__icon atbtn__icon--right fa fa-long-arrow-right\"><\/i><\/a><\/div>\n","protected":false},"featured_media":1820,"template":"","meta":[],"product_cat":[72,70],"product_tag":[],"yoast_head":"<!-- This site is optimized with the Yoast SEO plugin v21.1 - https:\/\/yoast.com\/wordpress\/plugins\/seo\/ -->\n<title>8 Jours 7 Nuits H\u00f4tel &amp; 9h de Kitesurf \u00e0 Dakhla<\/title>\n<meta name=\"description\" content=\"Rejoignez notre aventure de kitesurf de 8 jours et 7 nuits \u00e0 Dakhla. S\u00e9journez dans un h\u00f4tel accueillant, vivez une retraite confortable et recevez 9 heures de cours de kitesurf professionnels.\" \/>\n<meta name=\"robots\" content=\"index, follow, max-snippet:-1, max-image-preview:large, max-video-preview:-1\" \/>\n<link rel=\"canonical\" href=\"https:\/\/kitesensation-dakhla.com\/fr\/tours\/8-jours-7-nuits-hotel-9h-kitesurf-dakhla\/\" \/>\n<meta property=\"og:locale\" content=\"fr_FR\" \/>\n<meta property=\"og:type\" content=\"article\" \/>\n<meta property=\"og:title\" content=\"8 Jours 7 Nuits H\u00f4tel &amp; 9h de Kitesurf \u00e0 Dakhla\" \/>\n<meta property=\"og:description\" content=\"Rejoignez notre aventure de kitesurf de 8 jours et 7 nuits \u00e0 Dakhla. S\u00e9journez dans un h\u00f4tel accueillant, vivez une retraite confortable et recevez 9 heures de cours de kitesurf professionnels.\" \/>\n<meta property=\"og:url\" content=\"https:\/\/kitesensation-dakhla.com\/fr\/tours\/8-jours-7-nuits-hotel-9h-kitesurf-dakhla\/\" \/>\n<meta property=\"og:site_name\" content=\"KiteSurf Dakhla\" \/>\n<meta property=\"article:modified_time\" content=\"2023-12-17T11:40:39+00:00\" \/>\n<meta property=\"og:image\" content=\"https:\/\/kitesensation-dakhla.com\/fr\/wp-content\/uploads\/2021\/12\/Accomodation-Dakhla.webp\" \/>\n\t<meta property=\"og:image:width\" content=\"1500\" \/>\n\t<meta property=\"og:image:height\" content=\"1000\" \/>\n\t<meta property=\"og:image:type\" content=\"image\/webp\" \/>\n<meta name=\"twitter:card\" content=\"summary_large_image\" \/>\n<meta name=\"twitter:label1\" content=\"Dur\u00e9e de lecture estim\u00e9e\" \/>\n\t<meta name=\"twitter:data1\" content=\"2 minutes\" \/>\n<!-- \/ Yoast SEO plugin. -->","yoast_head_json":{"title":"8 Jours 7 Nuits H\u00f4tel & 9h de Kitesurf \u00e0 Dakhla","description":"Rejoignez notre aventure de kitesurf de 8 jours et 7 nuits \u00e0 Dakhla. S\u00e9journez dans un h\u00f4tel accueillant, vivez une retraite confortable et recevez 9 heures de cours de kitesurf professionnels.","robots":{"index":"index","follow":"follow","max-snippet":"max-snippet:-1","max-image-preview":"max-image-preview:large","max-video-preview":"max-video-preview:-1"},"canonical":"https:\/\/kitesensation-dakhla.com\/fr\/tours\/8-jours-7-nuits-hotel-9h-kitesurf-dakhla\/","og_locale":"fr_FR","og_type":"article","og_title":"8 Jours 7 Nuits H\u00f4tel & 9h de Kitesurf \u00e0 Dakhla","og_description":"Rejoignez notre aventure de kitesurf de 8 jours et 7 nuits \u00e0 Dakhla. S\u00e9journez dans un h\u00f4tel accueillant, vivez une retraite confortable et recevez 9 heures de cours de kitesurf professionnels.","og_url":"https:\/\/kitesensation-dakhla.com\/fr\/tours\/8-jours-7-nuits-hotel-9h-kitesurf-dakhla\/","og_site_name":"KiteSurf Dakhla","article_modified_time":"2023-12-17T11:40:39+00:00","og_image":[{"width":1500,"height":1000,"url":"https:\/\/kitesensation-dakhla.com\/fr\/wp-content\/uploads\/2021\/12\/Accomodation-Dakhla.webp","type":"image\/webp"}],"twitter_card":"summary_large_image","twitter_misc":{"Dur\u00e9e de lecture estim\u00e9e":"2 minutes"},"schema":{"@context":"https:\/\/schema.org","@graph":[{"@type":"WebPage","@id":"https:\/\/kitesensation-dakhla.com\/fr\/tours\/8-jours-7-nuits-hotel-9h-kitesurf-dakhla\/","url":"https:\/\/kitesensation-dakhla.com\/fr\/tours\/8-jours-7-nuits-hotel-9h-kitesurf-dakhla\/","name":"8 Jours 7 Nuits H\u00f4tel & 9h de Kitesurf \u00e0 Dakhla","isPartOf":{"@id":"https:\/\/kitesensation-dakhla.com\/fr\/#website"},"datePublished":"2021-12-04T19:33:44+00:00","dateModified":"2023-12-17T11:40:39+00:00","description":"Rejoignez notre aventure de kitesurf de 8 jours et 7 nuits \u00e0 Dakhla. S\u00e9journez dans un h\u00f4tel accueillant, vivez une retraite confortable et recevez 9 heures de cours de kitesurf professionnels.","breadcrumb":{"@id":"https:\/\/kitesensation-dakhla.com\/fr\/tours\/8-jours-7-nuits-hotel-9h-kitesurf-dakhla\/#breadcrumb"},"inLanguage":"fr-FR","potentialAction":[{"@type":"ReadAction","target":["https:\/\/kitesensation-dakhla.com\/fr\/tours\/8-jours-7-nuits-hotel-9h-kitesurf-dakhla\/"]}]},{"@type":"BreadcrumbList","@id":"https:\/\/kitesensation-dakhla.com\/fr\/tours\/8-jours-7-nuits-hotel-9h-kitesurf-dakhla\/#breadcrumb","itemListElement":[{"@type":"ListItem","position":1,"name":"Accueil","item":"https:\/\/kitesensation-dakhla.com\/fr\/"},{"@type":"ListItem","position":2,"name":"Products","item":"https:\/\/kitesensation-dakhla.com\/fr\/shop\/"},{"@type":"ListItem","position":3,"name":"8 Jours 7 Nuits H\u00f4tel &#038; 9h de Kitesurf \u00e0 Dakhla"}]},{"@type":"WebSite","@id":"https:\/\/kitesensation-dakhla.com\/fr\/#website","url":"https:\/\/kitesensation-dakhla.com\/fr\/","name":"KiteSurf Dakhla","description":"Kitesurf et surf \u00e0 Dakhla Maroc","publisher":{"@id":"https:\/\/kitesensation-dakhla.com\/fr\/#organization"},"potentialAction":[{"@type":"SearchAction","target":{"@type":"EntryPoint","urlTemplate":"https:\/\/kitesensation-dakhla.com\/fr\/?s={search_term_string}"},"query-input":"required name=search_term_string"}],"inLanguage":"fr-FR"},{"@type":"Organization","@id":"https:\/\/kitesensation-dakhla.com\/fr\/#organization","name":"Kitesensation Dakhla","url":"https:\/\/kitesensation-dakhla.com\/fr\/","logo":{"@type":"ImageObject","inLanguage":"fr-FR","@id":"https:\/\/kitesensation-dakhla.com\/fr\/#\/schema\/logo\/image\/","url":"https:\/\/kitesensation-dakhla.com\/fr\/wp-content\/uploads\/2021\/12\/cropped-favIcon-1.png","contentUrl":"https:\/\/kitesensation-dakhla.com\/fr\/wp-content\/uploads\/2021\/12\/cropped-favIcon-1.png","width":512,"height":512,"caption":"Kitesensation Dakhla"},"image":{"@id":"https:\/\/kitesensation-dakhla.com\/fr\/#\/schema\/logo\/image\/"}}]}},"_links":{"self":[{"href":"https:\/\/kitesensation-dakhla.com\/fr\/wp-json\/wp\/v2\/product\/1616"}],"collection":[{"href":"https:\/\/kitesensation-dakhla.com\/fr\/wp-json\/wp\/v2\/product"}],"about":[{"href":"https:\/\/kitesensation-dakhla.com\/fr\/wp-json\/wp\/v2\/types\/product"}],"wp:featuredmedia":[{"embeddable":true,"href":"https:\/\/kitesensation-dakhla.com\/fr\/wp-json\/wp\/v2\/media\/1820"}],"wp:attachment":[{"href":"https:\/\/kitesensation-dakhla.com\/fr\/wp-json\/wp\/v2\/media?parent=1616"}],"wp:term":[{"taxonomy":"product_cat","embeddable":true,"href":"https:\/\/kitesensation-dakhla.com\/fr\/wp-json\/wp\/v2\/product_cat?post=1616"},{"taxonomy":"product_tag","embeddable":true,"href":"https:\/\/kitesensation-dakhla.com\/fr\/wp-json\/wp\/v2\/product_tag?post=1616"}],"curies":[{"name":"wp","href":"https:\/\/api.w.org\/{rel}","templated":true}]}}