{"id":1620,"date":"2021-12-04T19:36:48","date_gmt":"2021-12-04T19:36:48","guid":{"rendered":"https:\/\/kitesensation-dakhla.com\/fr\/?post_type=product&#038;p=1620"},"modified":"2023-12-17T11:41:02","modified_gmt":"2023-12-17T11:41:02","slug":"15-jours-14-nuits-hotel-9h-kitesurf-dakhla","status":"publish","type":"product","link":"https:\/\/kitesensation-dakhla.com\/fr\/tours\/15-jours-14-nuits-hotel-9h-kitesurf-dakhla\/","title":{"rendered":"15 Jours 14 Nuits H\u00f4tel &#038; 9h de Kitesurf \u00e0 Dakhla"},"content":{"rendered":"<p>[vc_row][vc_column][vc_column_text]En s\u00e9journant dans cet h\u00f4tel, les clients peuvent profiter d&#8217;un acc\u00e8s pratique aux restaurants, boutiques et caf\u00e9s \u00e0 proximit\u00e9, garantissant qu&#8217;ils sont situ\u00e9s au c\u0153ur de la ville et peuvent facilement explorer ses offres.<\/p>\n<p>De plus, l&#8217;h\u00f4tel est proche des spots de kitesurf, en faisant un choix id\u00e9al pour les passionn\u00e9s de kitesurf. Cette proximit\u00e9 signifie que les clients peuvent rapidement atteindre les spots de <a href=\"https:\/\/kitesensation-dakhla.com\/fr\/\">kitesurf pour leurs activit\u00e9s<\/a>, maximisant ainsi leur temps sur l&#8217;eau.<\/p>\n<p><center><a class=\"whatsapp-button\" style=\"display: inline-block; padding: 10px 20px; text-decoration: none; background-color: #25d366; color: #ffffff; border-radius: 5px; transition: background-color 0.3s ease;\" href=\"https:\/\/wa.link\/dm5jtg\" target=\"_blank\" rel=\"noopener\">R\u00e9servez via WhatsApp<\/a><\/center>Pour faciliter l&#8217;exp\u00e9rience de kitesurf des clients, l&#8217;h\u00f4tel propose un transport organis\u00e9 vers l&#8217;\u00e9cole de kitesurf et les spots de kitesurf. Ce service garantit que les clients peuvent atteindre leurs destinations souhait\u00e9es pour des le\u00e7ons de kitesurf ou des sessions de loisirs de mani\u00e8re pratique et s\u00e9curis\u00e9e.<\/p>\n<p>De plus, l&#8217;h\u00f4tel fournit un \u00e9quipement complet de kitesurf pour le <a href=\"https:\/\/kitesensation-dakhla.com\/fr\/tours\/cours-de-kitesurf-groupe-dakhla\/\">cours de kitesurf<\/a>. Cela signifie que les clients int\u00e9ress\u00e9s par des le\u00e7ons de kitesurf peuvent compter sur l&#8217;h\u00f4tel pour leur fournir l&#8217;\u00e9quipement n\u00e9cessaire. Cela \u00e9limine le besoin pour les clients d&#8217;apporter leur propre \u00e9quipement, rendant cela plus pratique pour ceux qui d\u00e9couvrent le sport ou voyagent l\u00e9g\u00e8rement.<\/p>\n<p>Le forfait propos\u00e9 par l&#8217;h\u00f4tel comprend un s\u00e9jour de 15 jours et 14 nuits. Pendant cette p\u00e9riode, les clients peuvent profiter de leur h\u00e9bergement et utiliser les \u00e9quipements de l&#8217;h\u00f4tel. De plus, le forfait comprend 9 heures de kitesurf, permettant aux clients de recevoir des le\u00e7ons de kitesurf ou de passer du temps \u00e0 perfectionner leurs comp\u00e9tences sur l&#8217;eau.<\/p>\n<p><span style=\"color: #575757;\"><span style=\"font-family: NanumMyeongjo;\"><span style=\"font-size: x-large;\"><b><span style=\"font-size: large;\">Liste des prix :<\/span><\/b><\/span><\/span><\/span><\/p>\n<table class=\"blueTable\" style=\"width: 40.6933%;\">\n<thead>\n<tr>\n<th style=\"text-align: center; width: 35.8896%;\">Cours<br \/>\nH\u00e9bergement<\/th>\n<th style=\"text-align: center; width: 16.2577%;\"><span style=\"font-size: 12pt;\">Priv\u00e9<\/span><\/th>\n<th style=\"text-align: center; width: 23.9264%;\"><span style=\"font-size: 12pt;\">Semi-Prv<\/span><\/th>\n<th style=\"text-align: center; width: 20.2454%;\"><span style=\"font-size: 12pt;\">Groupe<\/span><\/th>\n<\/tr>\n<\/thead>\n<tbody>\n<tr>\n<td style=\"text-align: center; width: 35.8896%;\"><span style=\"font-size: 12pt;\"><strong>Hotel<\/strong><\/span><\/td>\n<td style=\"text-align: center; width: 16.2577%;\"><span style=\"font-size: 12pt;\"><strong>1593\u20ac<\/strong><\/span><\/td>\n<td style=\"text-align: center; width: 23.9264%;\"><span style=\"font-size: 12pt;\"><strong>1506\u20ac<\/strong><\/span><\/td>\n<td style=\"text-align: center; width: 20.2454%;\"><span style=\"font-size: 12pt;\"><strong>1452\u20ac<\/strong><\/span><\/td>\n<\/tr>\n<\/tbody>\n<\/table>\n<p>*Tous les prix sont en <strong>euros<\/strong> (\u20ac) par <strong>personne<\/strong>.<br \/>\n*Pas de frais cach\u00e9s ou co\u00fbts suppl\u00e9mentaires.[\/vc_column_text][\/vc_column][\/vc_row]<\/p>\n","protected":false},"excerpt":{"rendered":"<p>[vc_row][vc_column][vc_column_text]En s\u00e9journant dans cet h\u00f4tel, les clients peuvent profiter d&#8217;un acc\u00e8s pratique aux restaurants, boutiques et caf\u00e9s \u00e0 proximit\u00e9, garantissant qu&#8217;ils sont situ\u00e9s au c\u0153ur de la ville et peuvent facilement explorer ses offres. De plus, l&#8217;h\u00f4tel est proche des spots de kitesurf, en faisant un choix id\u00e9al pour les passionn\u00e9s de kitesurf. Cette proximit\u00e9<\/p>\n<div class=\"padding-top text-center\"><a href=\"https:\/\/kitesensation-dakhla.com\/fr\/tours\/15-jours-14-nuits-hotel-9h-kitesurf-dakhla\/\" class=\"atbtn atbtn--medium atbtn--rounded atbtn--transparent\">Read more<i class=\"atbtn__icon atbtn__icon--right fa fa-long-arrow-right\"><\/i><\/a><\/div>\n","protected":false},"featured_media":1821,"template":"","meta":[],"product_cat":[72,70],"product_tag":[],"yoast_head":"<!-- This site is optimized with the Yoast SEO plugin v21.1 - https:\/\/yoast.com\/wordpress\/plugins\/seo\/ -->\n<title>15 Jours 14 Nuits H\u00f4tel &amp; 9h de Kitesurf \u00e0 Dakhla<\/title>\n<meta name=\"description\" content=\"D\u00e9couvrez la retraite ultime de kitesurf avec notre forfait de 15 jours et 14 nuits \u00e0 Dakhla. S\u00e9journez dans un h\u00f4tel accueillant et recevez 9 heures de cours de kitesurf professionnels.\" \/>\n<meta name=\"robots\" content=\"index, follow, max-snippet:-1, max-image-preview:large, max-video-preview:-1\" \/>\n<link rel=\"canonical\" href=\"https:\/\/kitesensation-dakhla.com\/fr\/tours\/15-jours-14-nuits-hotel-9h-kitesurf-dakhla\/\" \/>\n<meta property=\"og:locale\" content=\"fr_FR\" \/>\n<meta property=\"og:type\" content=\"article\" \/>\n<meta property=\"og:title\" content=\"15 Jours 14 Nuits H\u00f4tel &amp; 9h de Kitesurf \u00e0 Dakhla\" \/>\n<meta property=\"og:description\" content=\"D\u00e9couvrez la retraite ultime de kitesurf avec notre forfait de 15 jours et 14 nuits \u00e0 Dakhla. S\u00e9journez dans un h\u00f4tel accueillant et recevez 9 heures de cours de kitesurf professionnels.\" \/>\n<meta property=\"og:url\" content=\"https:\/\/kitesensation-dakhla.com\/fr\/tours\/15-jours-14-nuits-hotel-9h-kitesurf-dakhla\/\" \/>\n<meta property=\"og:site_name\" content=\"KiteSurf Dakhla\" \/>\n<meta property=\"article:modified_time\" content=\"2023-12-17T11:41:02+00:00\" \/>\n<meta property=\"og:image\" content=\"https:\/\/kitesensation-dakhla.com\/fr\/wp-content\/uploads\/2021\/12\/Dakhla-Accomodation.webp\" \/>\n\t<meta property=\"og:image:width\" content=\"1778\" \/>\n\t<meta property=\"og:image:height\" content=\"1000\" \/>\n\t<meta property=\"og:image:type\" content=\"image\/webp\" \/>\n<meta name=\"twitter:card\" content=\"summary_large_image\" \/>\n<meta name=\"twitter:label1\" content=\"Dur\u00e9e de lecture estim\u00e9e\" \/>\n\t<meta name=\"twitter:data1\" content=\"2 minutes\" \/>\n<!-- \/ Yoast SEO plugin. -->","yoast_head_json":{"title":"15 Jours 14 Nuits H\u00f4tel & 9h de Kitesurf \u00e0 Dakhla","description":"D\u00e9couvrez la retraite ultime de kitesurf avec notre forfait de 15 jours et 14 nuits \u00e0 Dakhla. S\u00e9journez dans un h\u00f4tel accueillant et recevez 9 heures de cours de kitesurf professionnels.","robots":{"index":"index","follow":"follow","max-snippet":"max-snippet:-1","max-image-preview":"max-image-preview:large","max-video-preview":"max-video-preview:-1"},"canonical":"https:\/\/kitesensation-dakhla.com\/fr\/tours\/15-jours-14-nuits-hotel-9h-kitesurf-dakhla\/","og_locale":"fr_FR","og_type":"article","og_title":"15 Jours 14 Nuits H\u00f4tel & 9h de Kitesurf \u00e0 Dakhla","og_description":"D\u00e9couvrez la retraite ultime de kitesurf avec notre forfait de 15 jours et 14 nuits \u00e0 Dakhla. S\u00e9journez dans un h\u00f4tel accueillant et recevez 9 heures de cours de kitesurf professionnels.","og_url":"https:\/\/kitesensation-dakhla.com\/fr\/tours\/15-jours-14-nuits-hotel-9h-kitesurf-dakhla\/","og_site_name":"KiteSurf Dakhla","article_modified_time":"2023-12-17T11:41:02+00:00","og_image":[{"width":1778,"height":1000,"url":"https:\/\/kitesensation-dakhla.com\/fr\/wp-content\/uploads\/2021\/12\/Dakhla-Accomodation.webp","type":"image\/webp"}],"twitter_card":"summary_large_image","twitter_misc":{"Dur\u00e9e de lecture estim\u00e9e":"2 minutes"},"schema":{"@context":"https:\/\/schema.org","@graph":[{"@type":"WebPage","@id":"https:\/\/kitesensation-dakhla.com\/fr\/tours\/15-jours-14-nuits-hotel-9h-kitesurf-dakhla\/","url":"https:\/\/kitesensation-dakhla.com\/fr\/tours\/15-jours-14-nuits-hotel-9h-kitesurf-dakhla\/","name":"15 Jours 14 Nuits H\u00f4tel & 9h de Kitesurf \u00e0 Dakhla","isPartOf":{"@id":"https:\/\/kitesensation-dakhla.com\/fr\/#website"},"datePublished":"2021-12-04T19:36:48+00:00","dateModified":"2023-12-17T11:41:02+00:00","description":"D\u00e9couvrez la retraite ultime de kitesurf avec notre forfait de 15 jours et 14 nuits \u00e0 Dakhla. S\u00e9journez dans un h\u00f4tel accueillant et recevez 9 heures de cours de kitesurf professionnels.","breadcrumb":{"@id":"https:\/\/kitesensation-dakhla.com\/fr\/tours\/15-jours-14-nuits-hotel-9h-kitesurf-dakhla\/#breadcrumb"},"inLanguage":"fr-FR","potentialAction":[{"@type":"ReadAction","target":["https:\/\/kitesensation-dakhla.com\/fr\/tours\/15-jours-14-nuits-hotel-9h-kitesurf-dakhla\/"]}]},{"@type":"BreadcrumbList","@id":"https:\/\/kitesensation-dakhla.com\/fr\/tours\/15-jours-14-nuits-hotel-9h-kitesurf-dakhla\/#breadcrumb","itemListElement":[{"@type":"ListItem","position":1,"name":"Accueil","item":"https:\/\/kitesensation-dakhla.com\/fr\/"},{"@type":"ListItem","position":2,"name":"Products","item":"https:\/\/kitesensation-dakhla.com\/fr\/shop\/"},{"@type":"ListItem","position":3,"name":"15 Jours 14 Nuits H\u00f4tel &#038; 9h de Kitesurf \u00e0 Dakhla"}]},{"@type":"WebSite","@id":"https:\/\/kitesensation-dakhla.com\/fr\/#website","url":"https:\/\/kitesensation-dakhla.com\/fr\/","name":"KiteSurf Dakhla","description":"Kitesurf et surf \u00e0 Dakhla Maroc","publisher":{"@id":"https:\/\/kitesensation-dakhla.com\/fr\/#organization"},"potentialAction":[{"@type":"SearchAction","target":{"@type":"EntryPoint","urlTemplate":"https:\/\/kitesensation-dakhla.com\/fr\/?s={search_term_string}"},"query-input":"required name=search_term_string"}],"inLanguage":"fr-FR"},{"@type":"Organization","@id":"https:\/\/kitesensation-dakhla.com\/fr\/#organization","name":"Kitesensation Dakhla","url":"https:\/\/kitesensation-dakhla.com\/fr\/","logo":{"@type":"ImageObject","inLanguage":"fr-FR","@id":"https:\/\/kitesensation-dakhla.com\/fr\/#\/schema\/logo\/image\/","url":"https:\/\/kitesensation-dakhla.com\/fr\/wp-content\/uploads\/2021\/12\/cropped-favIcon-1.png","contentUrl":"https:\/\/kitesensation-dakhla.com\/fr\/wp-content\/uploads\/2021\/12\/cropped-favIcon-1.png","width":512,"height":512,"caption":"Kitesensation Dakhla"},"image":{"@id":"https:\/\/kitesensation-dakhla.com\/fr\/#\/schema\/logo\/image\/"}}]}},"_links":{"self":[{"href":"https:\/\/kitesensation-dakhla.com\/fr\/wp-json\/wp\/v2\/product\/1620"}],"collection":[{"href":"https:\/\/kitesensation-dakhla.com\/fr\/wp-json\/wp\/v2\/product"}],"about":[{"href":"https:\/\/kitesensation-dakhla.com\/fr\/wp-json\/wp\/v2\/types\/product"}],"wp:featuredmedia":[{"embeddable":true,"href":"https:\/\/kitesensation-dakhla.com\/fr\/wp-json\/wp\/v2\/media\/1821"}],"wp:attachment":[{"href":"https:\/\/kitesensation-dakhla.com\/fr\/wp-json\/wp\/v2\/media?parent=1620"}],"wp:term":[{"taxonomy":"product_cat","embeddable":true,"href":"https:\/\/kitesensation-dakhla.com\/fr\/wp-json\/wp\/v2\/product_cat?post=1620"},{"taxonomy":"product_tag","embeddable":true,"href":"https:\/\/kitesensation-dakhla.com\/fr\/wp-json\/wp\/v2\/product_tag?post=1620"}],"curies":[{"name":"wp","href":"https:\/\/api.w.org\/{rel}","templated":true}]}}